{"id":85,"date":"2021-06-18T09:10:53","date_gmt":"2021-06-18T12:10:53","guid":{"rendered":"https:\/\/wwwdev.uninter.com\/topinovacao\/?page_id=85"},"modified":"2026-04-10T13:13:36","modified_gmt":"2026-04-10T16:13:36","slug":"premiacoes-e-beneficios","status":"publish","type":"page","link":"https:\/\/www.uninter.com\/topinovacao\/premiacoes-e-beneficios\/","title":{"rendered":"Premia\u00e7\u00f5es e benef\u00edcios"},"content":{"rendered":"\n<div class=\"wp-block-columns\"><\/div>\n\n\n\n<figure class=\"wp-block-image size-large responsive-img\"><img loading=\"lazy\" width=\"1024\" height=\"745\" src=\"https:\/\/www.uninter.com\/topinovacao\/wp-content\/uploads\/2026\/04\/Artes-Site-TopInova_1100x800-premiacoes-1024x745.png\" alt=\"\" class=\"wp-image-2664\" srcset=\"https:\/\/www.uninter.com\/topinovacao\/wp-content\/uploads\/2026\/04\/Artes-Site-TopInova_1100x800-premiacoes-1024x745.png 1024w, https:\/\/www.uninter.com\/topinovacao\/wp-content\/uploads\/2026\/04\/Artes-Site-TopInova_1100x800-premiacoes-300x218.png 300w, https:\/\/www.uninter.com\/topinovacao\/wp-content\/uploads\/2026\/04\/Artes-Site-TopInova_1100x800-premiacoes-768x559.png 768w, https:\/\/www.uninter.com\/topinovacao\/wp-content\/uploads\/2026\/04\/Artes-Site-TopInova_1100x800-premiacoes.png 1100w\" sizes=\"(max-width: 1024px) 100vw, 1024px\" \/><\/figure>\n","protected":false},"excerpt":{"rendered":"<div class=\"slide-text-bg2\"><span><\/span><\/div>\n","protected":false},"author":1,"featured_media":0,"parent":0,"menu_order":0,"comment_status":"closed","ping_status":"closed","template":"","meta":[],"acf":[],"_links":{"self":[{"href":"https:\/\/www.uninter.com\/topinovacao\/wp-json\/wp\/v2\/pages\/85"}],"collection":[{"href":"https:\/\/www.uninter.com\/topinovacao\/wp-json\/wp\/v2\/pages"}],"about":[{"href":"https:\/\/www.uninter.com\/topinovacao\/wp-json\/wp\/v2\/types\/page"}],"author":[{"embeddable":true,"href":"https:\/\/www.uninter.com\/topinovacao\/wp-json\/wp\/v2\/users\/1"}],"replies":[{"embeddable":true,"href":"https:\/\/www.uninter.com\/topinovacao\/wp-json\/wp\/v2\/comments?post=85"}],"version-history":[{"count":61,"href":"https:\/\/www.uninter.com\/topinovacao\/wp-json\/wp\/v2\/pages\/85\/revisions"}],"predecessor-version":[{"id":2667,"href":"https:\/\/www.uninter.com\/topinovacao\/wp-json\/wp\/v2\/pages\/85\/revisions\/2667"}],"wp:attachment":[{"href":"https:\/\/www.uninter.com\/topinovacao\/wp-json\/wp\/v2\/media?parent=85"}],"curies":[{"name":"wp","href":"https:\/\/api.w.org\/{rel}","templated":true}]}}