{"id":29,"date":"2021-06-10T15:34:10","date_gmt":"2021-06-10T18:34:10","guid":{"rendered":"https:\/\/wwwdev.uninter.com\/topinovacao\/?page_id=29"},"modified":"2026-03-09T10:38:17","modified_gmt":"2026-03-09T13:38:17","slug":"home","status":"publish","type":"page","link":"https:\/\/www.uninter.com\/topinovacao\/","title":{"rendered":"Pr\u00eamio Top de Inova\u00e7\u00e3o"},"content":{"rendered":"\n<figure class=\"wp-block-image size-large responsive-img\"><img loading=\"lazy\" width=\"1024\" height=\"745\" src=\"https:\/\/www.uninter.com\/topinovacao\/wp-content\/uploads\/2026\/03\/TopInova26-ArtesSite_1100x800-1024x745.png\" alt=\"\" class=\"wp-image-2655\" srcset=\"https:\/\/www.uninter.com\/topinovacao\/wp-content\/uploads\/2026\/03\/TopInova26-ArtesSite_1100x800-1024x745.png 1024w, https:\/\/www.uninter.com\/topinovacao\/wp-content\/uploads\/2026\/03\/TopInova26-ArtesSite_1100x800-300x218.png 300w, https:\/\/www.uninter.com\/topinovacao\/wp-content\/uploads\/2026\/03\/TopInova26-ArtesSite_1100x800-768x559.png 768w, https:\/\/www.uninter.com\/topinovacao\/wp-content\/uploads\/2026\/03\/TopInova26-ArtesSite_1100x800.png 1100w\" sizes=\"(max-width: 1024px) 100vw, 1024px\" \/><\/figure>\n\n\n\n<br><br><br>\n\n\n\n<iframe loading=\"lazy\" width=\"80%\" height=\"500\" src=\"https:\/\/www.youtube.com\/embed\/SsyNlbx3B7g?si=cGjpC4OmbHiw9iL8\" title=\"YouTube video player\" frameborder=\"0\" allow=\"accelerometer; autoplay; clipboard-write; encrypted-media; gyroscope; picture-in-picture; web-share\" referrerpolicy=\"strict-origin-when-cross-origin\" allowfullscreen=\"\"><\/iframe>\n\n\n\n<p><\/p>\n","protected":false},"excerpt":{"rendered":"<div class=\"slide-text-bg2\"><span><\/span><\/div>\n","protected":false},"author":1,"featured_media":0,"parent":0,"menu_order":0,"comment_status":"closed","ping_status":"closed","template":"template-homepage.php","meta":[],"acf":[],"_links":{"self":[{"href":"https:\/\/www.uninter.com\/topinovacao\/wp-json\/wp\/v2\/pages\/29"}],"collection":[{"href":"https:\/\/www.uninter.com\/topinovacao\/wp-json\/wp\/v2\/pages"}],"about":[{"href":"https:\/\/www.uninter.com\/topinovacao\/wp-json\/wp\/v2\/types\/page"}],"author":[{"embeddable":true,"href":"https:\/\/www.uninter.com\/topinovacao\/wp-json\/wp\/v2\/users\/1"}],"replies":[{"embeddable":true,"href":"https:\/\/www.uninter.com\/topinovacao\/wp-json\/wp\/v2\/comments?post=29"}],"version-history":[{"count":100,"href":"https:\/\/www.uninter.com\/topinovacao\/wp-json\/wp\/v2\/pages\/29\/revisions"}],"predecessor-version":[{"id":2656,"href":"https:\/\/www.uninter.com\/topinovacao\/wp-json\/wp\/v2\/pages\/29\/revisions\/2656"}],"wp:attachment":[{"href":"https:\/\/www.uninter.com\/topinovacao\/wp-json\/wp\/v2\/media?parent=29"}],"curies":[{"name":"wp","href":"https:\/\/api.w.org\/{rel}","templated":true}]}}