{"id":13,"date":"2021-06-10T15:26:39","date_gmt":"2021-06-10T18:26:39","guid":{"rendered":"https:\/\/wwwdev.uninter.com\/topinovacao\/?page_id=13"},"modified":"2026-04-10T13:24:48","modified_gmt":"2026-04-10T16:24:48","slug":"duvidas-frequentes","status":"publish","type":"page","link":"https:\/\/www.uninter.com\/topinovacao\/duvidas-frequentes\/","title":{"rendered":"D\u00favidas Frequentes"},"content":{"rendered":"\n<ul class=\"faq-lista\">\n<li class=\"faq-lista-pergunta\">1.\t\u00c9 PRECISO PAGAR PARA REALIZAR A INSCRI\u00c7\u00c3O?<br>  \n<span class=\"faq-lista-resposta\">N\u00e3o, a inscri\u00e7\u00e3o \u00e9 gratuita!<\/span> \n<\/li>\n\n<li class=\"faq-lista-pergunta\">\n2.\tCOMO DEVEREI ENVIAR A MINHA A\u00c7\u00c3O?<br>\n<span class=\"faq-lista-resposta\">Ap\u00f3s concluir a primeira etapa da inscri\u00e7\u00e3o (ficha de inscri\u00e7\u00e3o) pelo site do pr\u00eamio (www.uninter.com\/topinovacao\/inscricao\/), voc\u00ea receber\u00e1 um e-mail com o link para a segunda etapa. Nessa fase, ser\u00e1 necess\u00e1rio preencher um formul\u00e1rio eletr\u00f4nico com informa\u00e7\u00f5es da sua a\u00e7\u00e3o, e voc\u00ea tamb\u00e9m receber\u00e1 o cronograma com as datas das pr\u00f3ximas etapas.\nAten\u00e7\u00e3o: somente ser\u00e3o analisadas as inscri\u00e7\u00f5es realizadas dentro do prazo estabelecido no cronograma. Al\u00e9m disso, a homologa\u00e7\u00e3o da inscri\u00e7\u00e3o est\u00e1 condicionada ao preenchimento completo do formul\u00e1rio, conforme as orienta\u00e7\u00f5es recebidas. O n\u00e3o preenchimento completo, ou incorreto, do formul\u00e1rio, culminar\u00e1 na n\u00e3o homologa\u00e7\u00e3o e consequente desclassifica\u00e7\u00e3o.\n<\/span>\n<\/li>\n\n<li class=\"faq-lista-pergunta\">\n3.\tA A\u00c7\u00c3O PRECISA ESTAR IMPLANTADA? H\u00c1 QUANTO TEMPO?<br> \n<span class=\"faq-lista-resposta\">Sim, a a\u00e7\u00e3o deve estar implantada e apresentando resultados. N\u00e3o h\u00e1 exig\u00eancia m\u00ednima de tempo desde a implementa\u00e7\u00e3o \u2014 o mais importante \u00e9 que j\u00e1 esteja em execu\u00e7\u00e3o e gere impactos concretos.\n<\/span> \n<\/li>\n\n<li class=\"faq-lista-pergunta\">\n4.\tSOMENTE ALUNOS DA UNINTER PODEM SE INSCREVER?<br> \n<span class=\"faq-lista-resposta\">N\u00e3o, a premia\u00e7\u00e3o \u00e9 aberta para alunos da UNINTER e tamb\u00e9m para a comunidade em geral.<\/span>\n<\/li>\n\n<li class=\"faq-lista-pergunta\">\n5.\tSOU COLABORADOR OU PRESTADOR DE SERVI\u00c7O UNINTER, POSSO PARTICIPAR?<br>\n<span class=\"faq-lista-resposta\">N\u00e3o, entidades e empresas diretamente ligadas a Uninter, como o polo ou colaboradores, n\u00e3o podem.<\/span>\n<\/li>\n\n<li class=\"faq-lista-pergunta\">\n6.\tAP\u00d3S REALIZAR A MINHA INSCRI\u00c7\u00c3O, COMO POSSO ME COMUNICAR COM OS ORGANIZADORES PARA EVENTUAIS D\u00daVIDAS?<br>\n<span class=\"faq-lista-resposta\">Ao realizar a inscri\u00e7\u00e3o, voc\u00ea passar\u00e1 a receber os avisos oficiais pelo e-mail cadastrado. Outra forma de contato \u00e9 via e- mail: topinovacao@uninter.com<\/span> \n<\/li>\n\n<li class=\"faq-lista-pergunta\">\n7.\tCOMO SEREI INFORMADO SOBRE CADA ETAPA DA PREMIA\u00c7\u00c3O?<br> \n<span class=\"faq-lista-resposta\">Todas as comunica\u00e7\u00f5es oficiais ser\u00e3o enviadas para o e-mail informado no momento da inscri\u00e7\u00e3o. Por isso, fique atento \u00e0 sua caixa de entrada e verifique tamb\u00e9m a pasta de spam.\nAl\u00e9m disso, o site oficial do pr\u00eamio ser\u00e1 atualizado continuamente com as informa\u00e7\u00f5es sobre o cronograma, resultados e finalistas. Acompanhe regularmente para n\u00e3o perder nenhuma etapa!\n<\/span> \n<\/li> \n\n<li class=\"faq-lista-pergunta\">\n8.\tPRECISO ME DESLOCAR AT\u00c9 CURITIBA-PR PARA PARTICIPAR?<br>\n<span class=\"faq-lista-resposta\">N\u00e3o. Todas as etapas do pr\u00eamio ser\u00e3o realizadas de forma on-line. Caso voc\u00ea seja selecionado como finalista, a cerim\u00f4nia de premia\u00e7\u00e3o ser\u00e1 h\u00edbrida \u2014 ou seja, presencial e on-line \u2014 e o comparecimento presencial ser\u00e1 opcional.*<\/span> \n<\/li>\n\n<li class=\"faq-lista-pergunta\">\n9.\tJ\u00c1 PARTICIPEI DE OUTRA EDI\u00c7\u00c3O DO PR\u00caMIO. POSSO ME INSCREVER NOVAMENTE?<br>\n<span class=\"faq-lista-resposta\">Sim, desde que seja com uma a\u00e7\u00e3o diferente da j\u00e1 apresentada.\n\n<\/span> \n<\/li>\n\n<li class=\"faq-lista-pergunta\">\n10.\tPOSSO INSCREVER MAIS DE UMA A\u00c7\u00c3O?<br>\n<span class=\"faq-lista-resposta\">Sim, desde que elas estejam submetidas em categorias diferentes.\n\n<br>\n<br>\n<br>\n<i><small> *Importante: a Uninter n\u00e3o ir\u00e1 custear os gastos com deslocamento. <\/small>\n\n<\/span> \n<\/li>\n\n<\/ul>\n\n\n\n<br>\n\n\n\n<h5 class=\"has-text-align-left has-small-font-size\"><\/h5>\n","protected":false},"excerpt":{"rendered":"<div class=\"slide-text-bg2\"><span>1. \u00c9 PRECISO PAGAR PARA REALIZAR A INSCRI\u00c7\u00c3O? N\u00e3o, a inscri\u00e7\u00e3o \u00e9 gratuita! 2. COMO DEVEREI ENVIAR A MINHA A\u00c7\u00c3O? Ap\u00f3s concluir a primeira etapa da<\/span><\/div>\n<div class=\"slide-btn-area-sm\"><a href=\"https:\/\/www.uninter.com\/topinovacao\/duvidas-frequentes\/\" class=\"slide-btn-sm\">Ler mais<\/a><\/div>\n","protected":false},"author":1,"featured_media":0,"parent":0,"menu_order":0,"comment_status":"closed","ping_status":"closed","template":"","meta":[],"acf":[],"_links":{"self":[{"href":"https:\/\/www.uninter.com\/topinovacao\/wp-json\/wp\/v2\/pages\/13"}],"collection":[{"href":"https:\/\/www.uninter.com\/topinovacao\/wp-json\/wp\/v2\/pages"}],"about":[{"href":"https:\/\/www.uninter.com\/topinovacao\/wp-json\/wp\/v2\/types\/page"}],"author":[{"embeddable":true,"href":"https:\/\/www.uninter.com\/topinovacao\/wp-json\/wp\/v2\/users\/1"}],"replies":[{"embeddable":true,"href":"https:\/\/www.uninter.com\/topinovacao\/wp-json\/wp\/v2\/comments?post=13"}],"version-history":[{"count":36,"href":"https:\/\/www.uninter.com\/topinovacao\/wp-json\/wp\/v2\/pages\/13\/revisions"}],"predecessor-version":[{"id":2673,"href":"https:\/\/www.uninter.com\/topinovacao\/wp-json\/wp\/v2\/pages\/13\/revisions\/2673"}],"wp:attachment":[{"href":"https:\/\/www.uninter.com\/topinovacao\/wp-json\/wp\/v2\/media?parent=13"}],"curies":[{"name":"wp","href":"https:\/\/api.w.org\/{rel}","templated":true}]}}