{"id":890,"date":"2021-07-16T16:05:02","date_gmt":"2021-07-16T19:05:02","guid":{"rendered":"https:\/\/uninter.com\/portaldoegresso\/?page_id=890"},"modified":"2026-04-27T12:11:43","modified_gmt":"2026-04-27T15:11:43","slug":"pesquisa-graduacao","status":"publish","type":"page","link":"https:\/\/www.uninter.com\/portaldoegresso\/pesquisa-graduacao\/","title":{"rendered":"Pesquisa Egressos &#8211; Gradua\u00e7\u00e3o 2025"},"content":{"rendered":"\n<div class=\"wp-container-3 wp-block-group\"><div class=\"wp-block-group__inner-container\">\n<h3 class=\"has-text-align-center\"><\/h3>\n\n\n\n<h3 class=\"has-text-align-center\"><\/h3>\n\n\n<div class=\"wp-block-image\">\n<figure class=\"aligncenter size-large\"><img loading=\"lazy\" width=\"1024\" height=\"283\" src=\"https:\/\/www.uninter.com\/portaldoegresso\/wp-content\/uploads\/2025\/05\/PESQUISA-COM-EX-ALUNOS-GRADUACAO-2025_BANNER-INICIAL-1comp-1024x283.png\" alt=\"\" class=\"wp-image-52641\" srcset=\"https:\/\/www.uninter.com\/portaldoegresso\/wp-content\/uploads\/2025\/05\/PESQUISA-COM-EX-ALUNOS-GRADUACAO-2025_BANNER-INICIAL-1comp-1024x283.png 1024w, https:\/\/www.uninter.com\/portaldoegresso\/wp-content\/uploads\/2025\/05\/PESQUISA-COM-EX-ALUNOS-GRADUACAO-2025_BANNER-INICIAL-1comp-300x83.png 300w, https:\/\/www.uninter.com\/portaldoegresso\/wp-content\/uploads\/2025\/05\/PESQUISA-COM-EX-ALUNOS-GRADUACAO-2025_BANNER-INICIAL-1comp-768x212.png 768w, https:\/\/www.uninter.com\/portaldoegresso\/wp-content\/uploads\/2025\/05\/PESQUISA-COM-EX-ALUNOS-GRADUACAO-2025_BANNER-INICIAL-1comp-1536x424.png 1536w, https:\/\/www.uninter.com\/portaldoegresso\/wp-content\/uploads\/2025\/05\/PESQUISA-COM-EX-ALUNOS-GRADUACAO-2025_BANNER-INICIAL-1comp-217x60.png 217w, https:\/\/www.uninter.com\/portaldoegresso\/wp-content\/uploads\/2025\/05\/PESQUISA-COM-EX-ALUNOS-GRADUACAO-2025_BANNER-INICIAL-1comp.png 1920w\" sizes=\"(max-width: 1024px) 100vw, 1024px\" \/><\/figure><\/div>\n\n\n<div style=\"height:50px\" aria-hidden=\"true\" class=\"wp-block-spacer\"><\/div>\n\n\n\n<h3 class=\"has-text-align-center has-vivid-cyan-blue-color has-text-color\">CAMPANHA: CONSTRUINDO CONEX\u00d5ES &#8211; GRADUA\u00c7\u00c3O 2025<\/h3>\n\n\n\n<div style=\"height:50px\" aria-hidden=\"true\" class=\"wp-block-spacer\"><\/div>\n\n\n\n<h3 class=\"has-text-align-center has-vivid-cyan-blue-color has-text-color\"><\/h3>\n\n\n\n<div class=\"wp-container-2 wp-block-columns\">\n<div class=\"wp-container-1 wp-block-column\" style=\"flex-basis:100%\">\n<h2><\/h2>\n<\/div>\n<\/div>\n\n\n\n<p><\/p>\n\n\n\n<p><\/p>\n<\/div><\/div>\n\n\n\n<p class=\"has-black-color has-text-color\" style=\"font-size:19px\"><strong>Prezado(a) egresso(a),<\/strong><\/p>\n\n\n\n<div class=\"wp-container-5 wp-block-columns\">\n<div class=\"wp-container-4 wp-block-column\" style=\"flex-basis:100%\">\n<p><\/p>\n<\/div>\n<\/div>\n\n\n\n<p><\/p>\n\n\n\n<p><\/p>\n\n\n\n<p><\/p>\n\n\n\n<p class=\"has-black-color has-text-color\" style=\"font-size:19px\">O Centro Universit\u00e1rio Internacional \u2013 UNINTER, por meio da Central de Acompanhamento de Egressos, convida voc\u00ea, formado(a) em um de nossos cursos de gradua\u00e7\u00e3o, a participar da <strong>Pesquisa de Egressos 2025<\/strong>.<\/p>\n\n\n\n<p style=\"font-size:19px\"><\/p>\n\n\n\n<p class=\"has-black-color has-text-color\" style=\"font-size:19px\">Sua participa\u00e7\u00e3o \u00e9 muito importante para n\u00f3s! <\/p>\n\n\n\n<p class=\"has-black-color has-text-color\" style=\"font-size:19px\">E como forma de agradecimento, todos os egressos que responderem a pesquisa por completo concorrer\u00e3o a pr\u00eamios incr\u00edveis:<\/p>\n\n\n\n<div class=\"wp-container-7 wp-block-columns\">\n<div class=\"wp-container-6 wp-block-column\" style=\"flex-basis:100%\">\n<p><\/p>\n<\/div>\n<\/div>\n\n\n\n<p><\/p>\n\n\n\n<p class=\"has-black-color has-text-color has-medium-font-size\">\ud83c\udfc6 <strong>Premia\u00e7\u00e3o:<\/strong><\/p>\n\n\n\n<p><\/p>\n\n\n\n<p class=\"has-black-color has-text-color has-background\" style=\"background-color:#d7edfb6e;font-size:18px\">\ud83e\udd47  <strong>1\u00ba LUGAR:<\/strong>   \ud83d\udcbb 01 (um) Notebook Acer A515 +                                                                                       \ud83c\udf93 01 (uma) bolsa de estudo de 100% (cem por cento) de desconto em qualquer curso de p\u00f3s-gradua\u00e7\u00e3o EAD. (exceto para os cursos de mestrado ou doutorado).<\/p>\n\n\n\n<p class=\"has-black-color has-text-color has-background\" style=\"background-color:#dfedfb6e;font-size:18px\">\ud83e\udd48  <strong>2\u00ba LUGAR:<\/strong> \ud83d\udcf1 SMARTPHONE MOTOROLA MOTO G84 256GB.<\/p>\n\n\n\n<p class=\"has-black-color has-text-color has-background\" style=\"background-color:#d7edfb6e;font-size:18px\">\ud83e\udd49  <strong>3\u00ba LUGAR: <\/strong>\ud83d\udde3\ufe0fDispositivo ALEXA AMAZON ECHO DOT<\/p>\n\n\n\n<p class=\"has-black-color has-text-color has-background\" style=\"background-color:#d7edfb6e;font-size:18px\"><strong>Quem pode participar:&nbsp;<\/strong>Alunos egressos&nbsp;<strong>(formados )<\/strong>, em um dos cursos de gradua\u00e7\u00e3o nas modalidades presencial, semipresencial, telepresencial ao vivo e a Dist\u00e2ncia do Centro Universit\u00e1rio Internacional \u2013 UNINTER. <\/p>\n\n\n\n<p class=\"has-black-color has-text-color has-background\" style=\"background-color:#d7edfb6e;font-size:18px\"><strong>Per\u00edodo da Pesquisa:<\/strong>&nbsp;12\/05 at\u00e9 01\/06\/2025 \u00e0s 23h59.<\/p>\n\n\n\n<p class=\"has-black-color has-text-color has-background\" style=\"background-color:#d7edfb6e;font-size:18px\"><strong>Data do sorteio da Loteria Federal: 07\/06\/2025 (s\u00e1bado)<\/strong><\/p>\n\n\n\n<p class=\"has-black-color has-text-color has-background\" style=\"background-color:#d7edfb6e;font-size:18px\"><strong>Como participar:<\/strong> Acesse a p\u00e1gina de egressos e preencha o formul\u00e1rio completo entre os dias 12\/05 e 01\/06\/2025.  Ao final da p\u00e1gina, insira seus dados pessoais para seguir para a etapa seguinte, onde ser\u00e1 solicitado seu RU e senha.                                                                                                                               <br>Caso n\u00e3o se lembre dessas informa\u00e7\u00f5es, basta seguir o segundo procedimento dispon\u00edvel na mesma p\u00e1gina para recuperar o acesso e concluir a pesquisa.<\/p>\n\n\n\n<p><\/p>\n\n\n\n<div class=\"wp-container-9 wp-block-columns\">\n<div class=\"wp-container-8 wp-block-column\" style=\"flex-basis:100%\">\n<p><\/p>\n<\/div>\n<\/div>\n\n\n\n<p class=\"has-black-color has-text-color has-medium-font-size\">\ud83c\udfb2 <strong>Sorteio:<\/strong><\/p>\n\n\n\n<p class=\"has-black-color has-text-color\" style=\"font-size:18px\">O sorteio ser\u00e1 realizado com base no resultado da <strong>Loteria Federal de 07\/06\/2025 (s\u00e1bado).<\/strong><\/p>\n\n\n\n<p class=\"has-black-color has-text-color\" style=\"font-size:18px\"><br>Os ganhadores ser\u00e3o definidos da seguinte forma:<\/p>\n\n\n\n<div class=\"wp-container-11 wp-block-columns\">\n<div class=\"wp-container-10 wp-block-column\" style=\"flex-basis:100%\">\n<p><\/p>\n<\/div>\n<\/div>\n\n\n\n<p><\/p>\n\n\n\n<div class=\"wp-container-14 wp-block-group\"><div class=\"wp-block-group__inner-container\">\n<p class=\"has-black-color has-text-color\" style=\"font-size:18px\">\ud83e\udd47 <strong>1\u00ba pr\u00eamio:<\/strong> combina\u00e7\u00e3o dos n\u00fameros das <strong>unidades simple<\/strong>s<\/p>\n\n\n\n<p class=\"has-black-color has-text-color\" style=\"font-size:18px\">\ud83e\udd48 <strong>2\u00ba pr\u00eamio:<\/strong> combina\u00e7\u00e3o dos n\u00fameros das <strong>dezenas simples<\/strong><\/p>\n\n\n\n<p class=\"has-black-color has-text-color\" style=\"font-size:18px\">\ud83e\udd49 <strong>3\u00ba pr\u00eamio:<\/strong> combina\u00e7\u00e3o dos n\u00fameros das <strong>centenas simples<\/strong><\/p>\n\n\n\n<div class=\"wp-container-13 wp-block-columns\">\n<div class=\"wp-container-12 wp-block-column\" style=\"flex-basis:100%\">\n<p><\/p>\n<\/div>\n<\/div>\n\n\n\n<p><\/p>\n<\/div><\/div>\n\n\n\n<div class=\"wp-container-17 wp-block-group\"><div class=\"wp-block-group__inner-container\">\n<div class=\"wp-container-16 wp-block-group\"><div class=\"wp-block-group__inner-container\">\n<div class=\"wp-container-15 wp-block-group\"><div class=\"wp-block-group__inner-container\"><\/div><\/div>\n<\/div><\/div>\n<\/div><\/div>\n\n\n\n<p><\/p>\n\n\n\n<p class=\"has-black-color has-text-color has-medium-font-size\">\ud83d\udccc <strong>Exemplo:<\/strong><\/p>\n\n\n\n<p class=\"has-black-color has-text-color\" style=\"font-size:18px\">\u2022 1\u00ba pr\u00eamio: bilhete n\u00ba <strong>68.547<\/strong><br>\u2022 2\u00ba pr\u00eamio: bilhete n\u00ba <strong>25.182<\/strong><br>\u2022 3\u00ba pr\u00eamio: bilhete n\u00ba <strong>52.755<\/strong><\/p>\n\n\n\n<figure class=\"wp-block-image size-full is-resized\"><img loading=\"lazy\" src=\"https:\/\/www.uninter.com\/portaldoegresso\/wp-content\/uploads\/2025\/05\/image.png\" alt=\"\" class=\"wp-image-52554\" width=\"210\" height=\"226\" srcset=\"https:\/\/www.uninter.com\/portaldoegresso\/wp-content\/uploads\/2025\/05\/image.png 241w, https:\/\/www.uninter.com\/portaldoegresso\/wp-content\/uploads\/2025\/05\/image-56x60.png 56w\" sizes=\"(max-width: 210px) 100vw, 210px\" \/><\/figure>\n\n\n\n<p class=\"has-black-color has-text-color\" style=\"font-size:18px\">Os ganhadores de cada premia\u00e7\u00e3o ser\u00e3o conhecidos mediante a combina\u00e7\u00e3o dos n\u00fameros de cima para baixo segundo a imagem colocada acima.<\/p>\n\n\n\n<div class=\"wp-container-19 wp-block-columns\">\n<div class=\"wp-container-18 wp-block-column\" style=\"flex-basis:100%\">\n<p><\/p>\n<\/div>\n<\/div>\n\n\n\n<p class=\"has-black-color has-text-color has-background\" style=\"background-color:#8dd2fc6e;font-size:18px;font-style:normal;font-weight:700\">\ud83d\udce2 <strong>Divulga\u00e7\u00e3o do contemplado(a):<\/strong> <strong>13\/06\/2025<\/strong><\/p>\n\n\n\n<div class=\"wp-container-21 wp-block-columns\">\n<div class=\"wp-container-20 wp-block-column\" style=\"flex-basis:100%\">\n<p><\/p>\n<\/div>\n<\/div>\n\n\n\n<p class=\"has-black-color has-text-color\" style=\"font-size:18px\">Caso n\u00e3o haja ganhador com o n\u00famero sorteado, ser\u00e1 considerada a numera\u00e7\u00e3o imediatamente seguinte e, se necess\u00e1rio, a imediatamente anterior, de forma alternada, at\u00e9 a identifica\u00e7\u00e3o do vencedor.<\/p>\n\n\n\n<p><\/p>\n\n\n\n<blockquote class=\"wp-block-quote is-style-plain has-vivid-cyan-blue-color has-text-color has-background has-medium-font-size\" style=\"background:linear-gradient(234deg,rgb(238,238,238) 0%,rgb(169,184,195) 100%)\"><p>\ud83d\udc49 <a href=\"https:\/\/www.uninter.com\/portaldoegresso\/wp-content\/uploads\/2025\/05\/Regulamento-Graduacao-2025-Aprovado.pdf\"><strong>Clique aqui e confira o regulamento para participa\u00e7\u00e3o<\/strong><\/a><\/p><\/blockquote>\n\n\n\n<p><\/p>\n\n\n\n<p class=\"has-black-color has-text-color\" style=\"font-size:18px\"><strong>D\u00favidas?<\/strong><br>Entre em contato pelo e-mail: <strong>egressos@uninter.com<\/strong><\/p>\n\n\n\n<h2><\/h2>\n\n\n\n<h2><\/h2>\n\n\n\n<blockquote class=\"wp-block-quote\"><p><\/p><\/blockquote>\n\n\n\n<p><\/p>\n\n\n\n<h2 class=\"has-text-align-center has-vivid-purple-color has-white-background-color has-text-color has-background\" style=\"font-size:25px;font-style:normal;font-weight:700\"><strong>RESULTADO DOS SORTEIOS &#8211; PESQUISA DE EGRESSOS GRADUA\u00c7\u00c3O 2025<\/strong><\/h2>\n\n\n\n<blockquote class=\"wp-block-quote\"><p><\/p><\/blockquote>\n\n\n\n<p> <\/p>\n\n\n\n<p><\/p>\n\n\n\n<p style=\"font-size:18px\">Conforme previsto no regulamento, a defini\u00e7\u00e3o dos vencedores considerou a combina\u00e7\u00e3o dos n\u00fameros das casas das <strong>unidades<\/strong>, <strong>dezenas<\/strong> e <strong>centenas<\/strong> de cima para baixo, de acordo com o resultado oficial da <strong>Loteria Federal \u2013 Concurso 5972<\/strong>, realizado em <strong>07\/06\/2025<\/strong>.<\/p>\n\n\n\n<p><\/p>\n\n\n<div class=\"wp-block-image is-style-default\">\n<figure class=\"aligncenter size-medium is-resized\"><img loading=\"lazy\" src=\"https:\/\/www.uninter.com\/portaldoegresso\/wp-content\/uploads\/2025\/06\/SORTEIOS-1-300x234.png\" alt=\"\" class=\"wp-image-65648\" width=\"354\" height=\"276\" srcset=\"https:\/\/www.uninter.com\/portaldoegresso\/wp-content\/uploads\/2025\/06\/SORTEIOS-1-300x234.png 300w, https:\/\/www.uninter.com\/portaldoegresso\/wp-content\/uploads\/2025\/06\/SORTEIOS-1-77x60.png 77w, https:\/\/www.uninter.com\/portaldoegresso\/wp-content\/uploads\/2025\/06\/SORTEIOS-1.png 588w\" sizes=\"(max-width: 354px) 100vw, 354px\" \/><\/figure><\/div>\n\n\n<p><\/p>\n\n\n\n<p><\/p>\n\n\n\n<p class=\"has-black-color has-text-color\" style=\"font-size:22.5px\">\ud83c\udfc6 <strong>Premia\u00e7\u00e3o<\/strong>:<\/p>\n\n\n\n<p class=\"has-black-color has-text-color has-background has-medium-font-size\" style=\"background-color:#d7edfb6e\">\ud83e\udd47 <strong>1\u00ba LUGAR:<\/strong> \ud83d\udcbb 01 (um) Notebook Acer A515 + \ud83c\udf93 01 (uma) bolsa de estudo de 100% (cem por cento) de desconto em qualquer curso de p\u00f3s-gradua\u00e7\u00e3o EAD. (exceto para os cursos de mestrado ou doutorado).<\/p>\n\n\n\n<p class=\"has-black-color has-text-color has-background has-medium-font-size\" style=\"background-color:#d7edfb6e\"><strong>\ud83e\udd48 2\u00ba lugar:<\/strong> \ud83d\udcf1Smartphone Motorola Moto G84 256GB (valor aproximado de R$ 1.660,00).<\/p>\n\n\n\n<p class=\"has-black-color has-text-color has-background has-medium-font-size\" style=\"background-color:#d7edfb6e\"><strong>\ud83e\udd49 3\u00ba lugar:<\/strong> \ud83d\udde3\ufe0f Dispositivo Alexa Amazon Echo Dot (valor aproximado de R$ 350,00).<\/p>\n\n\n\n<p><\/p>\n\n\n\n<p class=\"has-black-color has-text-color\" style=\"font-size:23px\"><strong>Participantes:<\/strong><\/p>\n\n\n\n<p class=\"has-black-color has-text-color\" style=\"font-size:18px\">Participaram desta campanha os<strong> alunos egressos<\/strong> dos cursos de gradua\u00e7\u00e3o das modalidades <strong>presencial, semipresencial, telepresencial ao vivo e a dist\u00e2ncia do Centro Universit\u00e1rio Internacional \u2013 UNINTER<\/strong>, que preencheram o formul\u00e1rio completo dispon\u00edvel na p\u00e1gina de egressos (<a href=\"https:\/\/www.uninter.com\/portaldoegresso\/pesquisa-graduacao\/\">clique aqui para acessar<\/a>) entre os dias <strong>12\/05\/2025<\/strong> e <strong>01\/06\/2025<\/strong>, at\u00e9 as <strong>23h59<\/strong>.<\/p>\n\n\n\n<p class=\"has-black-color has-text-color\" style=\"font-size:23px\">\ud83c\udf89<strong>Vencedores:<\/strong><\/p>\n\n\n\n<p><\/p>\n\n\n\n<p><\/p>\n\n\n\n<div class=\"wp-container-22 wp-block-group\"><div class=\"wp-block-group__inner-container\"><\/div><\/div>\n\n\n<div class=\"wp-block-image\">\n<figure class=\"aligncenter size-full is-resized\"><img loading=\"lazy\" src=\"https:\/\/www.uninter.com\/portaldoegresso\/wp-content\/uploads\/2025\/06\/png-ganhadores.png\" alt=\"\" class=\"wp-image-65655\" width=\"933\" height=\"190\" srcset=\"https:\/\/www.uninter.com\/portaldoegresso\/wp-content\/uploads\/2025\/06\/png-ganhadores.png 721w, https:\/\/www.uninter.com\/portaldoegresso\/wp-content\/uploads\/2025\/06\/png-ganhadores-300x61.png 300w, https:\/\/www.uninter.com\/portaldoegresso\/wp-content\/uploads\/2025\/06\/png-ganhadores-294x60.png 294w\" sizes=\"(max-width: 933px) 100vw, 933px\" \/><\/figure><\/div>","protected":false},"excerpt":{"rendered":"<p>CAMPANHA: CONSTRUINDO CONEX\u00d5ES &#8211; GRADUA\u00c7\u00c3O 2025 Prezado(a) egresso(a), O Centro Universit\u00e1rio Internacional \u2013 UNINTER, por meio da Central de Acompanhamento de Egressos, convida voc\u00ea, formado(a) em um de nossos cursos de gradua\u00e7\u00e3o, a participar da Pesquisa de Egressos 2025. Sua participa\u00e7\u00e3o \u00e9 muito importante para n\u00f3s! E como forma de agradecimento, todos os egressos que &hellip; <\/p>\n","protected":false},"author":1,"featured_media":0,"parent":0,"menu_order":0,"comment_status":"closed","ping_status":"closed","template":"Egressos\/page-pesquisa-grad.php","meta":[],"yoast_head":"<!-- This site is optimized with the Yoast SEO plugin v19.0 - https:\/\/yoast.com\/wordpress\/plugins\/seo\/ -->\n<title>Pesquisa Gradua\u00e7\u00e3o \u2013 Portal do Egresso Uninter<\/title>\n<meta name=\"description\" content=\"Convidamos voc\u00ea aluno formado em um dos nossos cursos de gradua\u00e7\u00e3o a participar da pesquisa de egresso 2022. Entre e confira!\" \/>\n<meta name=\"robots\" content=\"index, follow, max-snippet:-1, max-image-preview:large, max-video-preview:-1\" \/>\n<link rel=\"canonical\" href=\"https:\/\/www.uninter.com\/portaldoegresso\/pesquisa-graduacao\/\" \/>\n<meta property=\"og:locale\" content=\"pt_BR\" \/>\n<meta property=\"og:type\" content=\"article\" \/>\n<meta property=\"og:title\" content=\"Pesquisa Gradua\u00e7\u00e3o \u2013 Portal do Egresso Uninter\" \/>\n<meta property=\"og:description\" content=\"Convidamos voc\u00ea aluno formado em um dos nossos cursos de gradua\u00e7\u00e3o a participar da pesquisa de egresso 2022. Entre e confira!\" \/>\n<meta property=\"og:url\" content=\"https:\/\/www.uninter.com\/portaldoegresso\/pesquisa-graduacao\/\" \/>\n<meta property=\"og:site_name\" content=\"Portal do Egresso\" \/>\n<meta property=\"article:modified_time\" content=\"2026-04-27T15:11:43+00:00\" \/>\n<meta property=\"og:image\" content=\"https:\/\/www.uninter.com\/portaldoegresso\/wp-content\/uploads\/2025\/05\/PESQUISA-COM-EX-ALUNOS-GRADUACAO-2025_BANNER-INICIAL-1comp-1024x283.png\" \/>\n<meta name=\"twitter:card\" content=\"summary_large_image\" \/>\n<meta name=\"twitter:label1\" content=\"Est. tempo de leitura\" \/>\n\t<meta name=\"twitter:data1\" content=\"4 minutos\" \/>\n<script type=\"application\/ld+json\" class=\"yoast-schema-graph\">{\"@context\":\"https:\/\/schema.org\",\"@graph\":[{\"@type\":\"WebSite\",\"@id\":\"https:\/\/www.uninter.com\/portaldoegresso\/#website\",\"url\":\"https:\/\/www.uninter.com\/portaldoegresso\/\",\"name\":\"Portal do Egresso\",\"description\":\"\",\"potentialAction\":[{\"@type\":\"SearchAction\",\"target\":{\"@type\":\"EntryPoint\",\"urlTemplate\":\"https:\/\/www.uninter.com\/portaldoegresso\/?s={search_term_string}\"},\"query-input\":\"required name=search_term_string\"}],\"inLanguage\":\"pt-BR\"},{\"@type\":\"ImageObject\",\"inLanguage\":\"pt-BR\",\"@id\":\"https:\/\/www.uninter.com\/portaldoegresso\/pesquisa-graduacao\/#primaryimage\",\"url\":\"https:\/\/www.uninter.com\/portaldoegresso\/wp-content\/uploads\/2025\/05\/PESQUISA-COM-EX-ALUNOS-GRADUACAO-2025_BANNER-INICIAL-1comp.png\",\"contentUrl\":\"https:\/\/www.uninter.com\/portaldoegresso\/wp-content\/uploads\/2025\/05\/PESQUISA-COM-EX-ALUNOS-GRADUACAO-2025_BANNER-INICIAL-1comp.png\",\"width\":1920,\"height\":530},{\"@type\":\"WebPage\",\"@id\":\"https:\/\/www.uninter.com\/portaldoegresso\/pesquisa-graduacao\/#webpage\",\"url\":\"https:\/\/www.uninter.com\/portaldoegresso\/pesquisa-graduacao\/\",\"name\":\"Pesquisa Gradua\u00e7\u00e3o \u2013 Portal do Egresso Uninter\",\"isPartOf\":{\"@id\":\"https:\/\/www.uninter.com\/portaldoegresso\/#website\"},\"primaryImageOfPage\":{\"@id\":\"https:\/\/www.uninter.com\/portaldoegresso\/pesquisa-graduacao\/#primaryimage\"},\"datePublished\":\"2021-07-16T19:05:02+00:00\",\"dateModified\":\"2026-04-27T15:11:43+00:00\",\"description\":\"Convidamos voc\u00ea aluno formado em um dos nossos cursos de gradua\u00e7\u00e3o a participar da pesquisa de egresso 2022. Entre e confira!\",\"breadcrumb\":{\"@id\":\"https:\/\/www.uninter.com\/portaldoegresso\/pesquisa-graduacao\/#breadcrumb\"},\"inLanguage\":\"pt-BR\",\"potentialAction\":[{\"@type\":\"ReadAction\",\"target\":[\"https:\/\/www.uninter.com\/portaldoegresso\/pesquisa-graduacao\/\"]}]},{\"@type\":\"BreadcrumbList\",\"@id\":\"https:\/\/www.uninter.com\/portaldoegresso\/pesquisa-graduacao\/#breadcrumb\",\"itemListElement\":[{\"@type\":\"ListItem\",\"position\":1,\"name\":\"In\u00edcio\",\"item\":\"https:\/\/www.uninter.com\/portaldoegresso\/\"},{\"@type\":\"ListItem\",\"position\":2,\"name\":\"Pesquisa Egressos &#8211; Gradua\u00e7\u00e3o 2025\"}]}]}<\/script>\n<!-- \/ Yoast SEO plugin. -->","yoast_head_json":{"title":"Pesquisa Gradua\u00e7\u00e3o \u2013 Portal do Egresso Uninter","description":"Convidamos voc\u00ea aluno formado em um dos nossos cursos de gradua\u00e7\u00e3o a participar da pesquisa de egresso 2022. Entre e confira!","robots":{"index":"index","follow":"follow","max-snippet":"max-snippet:-1","max-image-preview":"max-image-preview:large","max-video-preview":"max-video-preview:-1"},"canonical":"https:\/\/www.uninter.com\/portaldoegresso\/pesquisa-graduacao\/","og_locale":"pt_BR","og_type":"article","og_title":"Pesquisa Gradua\u00e7\u00e3o \u2013 Portal do Egresso Uninter","og_description":"Convidamos voc\u00ea aluno formado em um dos nossos cursos de gradua\u00e7\u00e3o a participar da pesquisa de egresso 2022. Entre e confira!","og_url":"https:\/\/www.uninter.com\/portaldoegresso\/pesquisa-graduacao\/","og_site_name":"Portal do Egresso","article_modified_time":"2026-04-27T15:11:43+00:00","og_image":[{"url":"https:\/\/www.uninter.com\/portaldoegresso\/wp-content\/uploads\/2025\/05\/PESQUISA-COM-EX-ALUNOS-GRADUACAO-2025_BANNER-INICIAL-1comp-1024x283.png"}],"twitter_card":"summary_large_image","twitter_misc":{"Est. tempo de leitura":"4 minutos"},"schema":{"@context":"https:\/\/schema.org","@graph":[{"@type":"WebSite","@id":"https:\/\/www.uninter.com\/portaldoegresso\/#website","url":"https:\/\/www.uninter.com\/portaldoegresso\/","name":"Portal do Egresso","description":"","potentialAction":[{"@type":"SearchAction","target":{"@type":"EntryPoint","urlTemplate":"https:\/\/www.uninter.com\/portaldoegresso\/?s={search_term_string}"},"query-input":"required name=search_term_string"}],"inLanguage":"pt-BR"},{"@type":"ImageObject","inLanguage":"pt-BR","@id":"https:\/\/www.uninter.com\/portaldoegresso\/pesquisa-graduacao\/#primaryimage","url":"https:\/\/www.uninter.com\/portaldoegresso\/wp-content\/uploads\/2025\/05\/PESQUISA-COM-EX-ALUNOS-GRADUACAO-2025_BANNER-INICIAL-1comp.png","contentUrl":"https:\/\/www.uninter.com\/portaldoegresso\/wp-content\/uploads\/2025\/05\/PESQUISA-COM-EX-ALUNOS-GRADUACAO-2025_BANNER-INICIAL-1comp.png","width":1920,"height":530},{"@type":"WebPage","@id":"https:\/\/www.uninter.com\/portaldoegresso\/pesquisa-graduacao\/#webpage","url":"https:\/\/www.uninter.com\/portaldoegresso\/pesquisa-graduacao\/","name":"Pesquisa Gradua\u00e7\u00e3o \u2013 Portal do Egresso Uninter","isPartOf":{"@id":"https:\/\/www.uninter.com\/portaldoegresso\/#website"},"primaryImageOfPage":{"@id":"https:\/\/www.uninter.com\/portaldoegresso\/pesquisa-graduacao\/#primaryimage"},"datePublished":"2021-07-16T19:05:02+00:00","dateModified":"2026-04-27T15:11:43+00:00","description":"Convidamos voc\u00ea aluno formado em um dos nossos cursos de gradua\u00e7\u00e3o a participar da pesquisa de egresso 2022. Entre e confira!","breadcrumb":{"@id":"https:\/\/www.uninter.com\/portaldoegresso\/pesquisa-graduacao\/#breadcrumb"},"inLanguage":"pt-BR","potentialAction":[{"@type":"ReadAction","target":["https:\/\/www.uninter.com\/portaldoegresso\/pesquisa-graduacao\/"]}]},{"@type":"BreadcrumbList","@id":"https:\/\/www.uninter.com\/portaldoegresso\/pesquisa-graduacao\/#breadcrumb","itemListElement":[{"@type":"ListItem","position":1,"name":"In\u00edcio","item":"https:\/\/www.uninter.com\/portaldoegresso\/"},{"@type":"ListItem","position":2,"name":"Pesquisa Egressos &#8211; Gradua\u00e7\u00e3o 2025"}]}]}},"_links":{"self":[{"href":"https:\/\/www.uninter.com\/portaldoegresso\/wp-json\/wp\/v2\/pages\/890"}],"collection":[{"href":"https:\/\/www.uninter.com\/portaldoegresso\/wp-json\/wp\/v2\/pages"}],"about":[{"href":"https:\/\/www.uninter.com\/portaldoegresso\/wp-json\/wp\/v2\/types\/page"}],"author":[{"embeddable":true,"href":"https:\/\/www.uninter.com\/portaldoegresso\/wp-json\/wp\/v2\/users\/1"}],"replies":[{"embeddable":true,"href":"https:\/\/www.uninter.com\/portaldoegresso\/wp-json\/wp\/v2\/comments?post=890"}],"version-history":[{"count":126,"href":"https:\/\/www.uninter.com\/portaldoegresso\/wp-json\/wp\/v2\/pages\/890\/revisions"}],"predecessor-version":[{"id":74952,"href":"https:\/\/www.uninter.com\/portaldoegresso\/wp-json\/wp\/v2\/pages\/890\/revisions\/74952"}],"wp:attachment":[{"href":"https:\/\/www.uninter.com\/portaldoegresso\/wp-json\/wp\/v2\/media?parent=890"}],"curies":[{"name":"wp","href":"https:\/\/api.w.org\/{rel}","templated":true}]}}