{"id":74323,"date":"2026-02-12T09:34:24","date_gmt":"2026-02-12T12:34:24","guid":{"rendered":"https:\/\/www.uninter.com\/portaldoegresso\/?page_id=74323"},"modified":"2026-04-23T15:22:23","modified_gmt":"2026-04-23T18:22:23","slug":"pesquisa-eja","status":"publish","type":"page","link":"https:\/\/www.uninter.com\/portaldoegresso\/pesquisa-cursos-tecnicos-profissionalizantes\/pesquisa-eja\/","title":{"rendered":"Pesquisa &#8211; EJA"},"content":{"rendered":"\n<h3 class=\"has-text-align-center has-black-color has-text-color\"><strong>Voltar a estudar vale a pena &#8211; e pode ser mais r\u00e1pido do que voc\u00ea imagina<\/strong><\/h3>\n\n\n\n<div class=\"wp-container-2 wp-block-columns\">\n<div class=\"wp-container-1 wp-block-column\" style=\"flex-basis:100%\">\n<h2><\/h2>\n<\/div>\n<\/div>\n\n\n\n<p class=\"has-medium-font-size has-black-color has-text-color\">Concluir a Educa\u00e7\u00e3o de Jovens e Adultos (EJA)  \u00e9 uma conquista que transforma trajet\u00f3rias. \u00c9 a prova de que nunca \u00e9 tarde para retomar os estudos, ampliar oportunidades profissionais e construir novos futuros.<\/p>\n\n\n\n<p class=\"has-black-color has-text-color\" style=\"font-size:17px\">Na Uninter, <strong>a EJA (EAD) \u2013 Ensino M\u00e9dio<\/strong> foi pensada para quem precisa de <strong>flexibilidade, qualidade e reconhecimento<\/strong>. Parte do curso \u00e9 realizada on-line, o que permite conciliar estudos, trabalho e vida pessoal, sem abrir m\u00e3o do acompanhamento pedag\u00f3gico e da credibilidade de uma institui\u00e7\u00e3o refer\u00eancia em educa\u00e7\u00e3o a dist\u00e2ncia no Brasil.<\/p>\n\n\n\n<p class=\"has-black-color has-text-color\" style=\"font-size:17px\">Ao longo da forma\u00e7\u00e3o, o estudante conta com uma <strong>plataforma digital completa<\/strong>, conte\u00fados atualizados do \u201cnov\u00edssimo\u201d ensino m\u00e9dio, professores qualificados e material did\u00e1tico impresso e digital. Conforme a legisla\u00e7\u00e3o vigente, h\u00e1 tamb\u00e9m <strong>momentos presenciais previamente agendados no polo<\/strong>, que integram a carga hor\u00e1ria do curso e fortalecem o processo de aprendizagem.<\/p>\n\n\n\n<p class=\"has-black-color has-text-color\" style=\"font-size:17px\">Concluir o ensino m\u00e9dio vai al\u00e9m da certifica\u00e7\u00e3o v\u00e1lida em todo o territ\u00f3rio nacional. \u00c9 o primeiro passo para <strong>melhorar a qualifica\u00e7\u00e3o profissional<\/strong>, facilitar a inser\u00e7\u00e3o no mercado de trabalho e, muitas vezes, seguir para uma gradua\u00e7\u00e3o ou especializa\u00e7\u00e3o.<\/p>\n\n\n\n<hr class=\"wp-block-separator has-alpha-channel-opacity\"\/>\n\n\n\n<p class=\"has-text-align-center has-black-color has-text-color has-medium-font-size\"><strong>Sua trajet\u00f3ria importa. Sua experi\u00eancia faz a diferen\u00e7a.<\/strong><\/p>\n\n\n\n<p><\/p>\n\n\n\n<p class=\"has-black-color has-text-color\" style=\"font-size:17px\">Prezado(a) egresso(a),<\/p>\n\n\n\n<p class=\"has-black-color has-text-color\" style=\"font-size:17px\">O <strong>Centro Universit\u00e1rio Internacional \u2013 UNINTER<\/strong>, por meio da <strong>Central de Acompanhamento de Egressos<\/strong>, convida voc\u00ea a participar da <strong>Pesquisa de Egressos 2026.<\/strong><\/p>\n\n\n\n<p class=\"has-black-color has-text-color\" style=\"font-size:17px\">Sua participa\u00e7\u00e3o \u00e9 essencial para que possamos compreender como a forma\u00e7\u00e3o recebida impactou sua vida profissional, seus desafios no mercado de trabalho e seus pr\u00f3ximos passos. Cada resposta contribui diretamente para a melhoria cont\u00ednua dos cursos, das a\u00e7\u00f5es de empregabilidade e das pol\u00edticas institucionais voltadas aos nossos estudantes e egressos.<\/p>\n\n\n\n<h2><\/h2>\n\n\n\n<h2><\/h2>\n\n\n\n<div class=\"wp-container-7 wp-block-group\">\n<div class=\"wp-container-6 wp-block-group\"><div class=\"wp-block-group__inner-container\">\n<div class=\"wp-container-5 wp-block-columns\">\n<div class=\"wp-container-4 wp-block-column\" style=\"flex-basis:100%\">\n<div class=\"wp-container-3 wp-block-group\"><div class=\"wp-block-group__inner-container\">\n<p class=\"has-black-color has-text-color has-medium-font-size\">\ud83d\udc65<strong>Quem pode participar?<\/strong><\/p>\n\n\n\n<p class=\"has-black-color has-text-color has-background\" style=\"background-color:#e6eeff;font-size:17px\">Alunos egressos <strong>(CONCLUINTES)<\/strong> em cursos de <strong>EJA <\/strong>do Centro Universit\u00e1rio Internacional \u2013 Uninter, nos formatos de oferta presencial, semipresencial, telepresencial ao vivo e a dist\u00e2ncia.<\/p>\n<\/div><\/div>\n<\/div>\n<\/div>\n\n\n\n<p class=\"has-black-color has-text-color has-medium-font-size\"><strong>Per\u00edodo da pesquisa<\/strong><\/p>\n\n\n\n<p class=\"has-black-color has-text-color has-background\" style=\"background-color:#e6eeff;font-size:17px\"><strong>\ud83d\udcc5 De 04\/05 a 24\/05\/2026<\/strong><\/p>\n<\/div><\/div>\n<\/div>\n\n\n\n<p><\/p>\n\n\n\n<p class=\"has-black-color has-text-color has-medium-font-size\"><strong>Como participar?<\/strong><\/p>\n\n\n\n<p class=\"has-black-color has-text-color has-background\" style=\"background-color:#e6eeff;font-size:17px\">1. Acesse a<strong> <strong>p\u00e1gina de egressos da Uninter<\/strong>; <\/strong><\/p>\n\n\n\n<p><\/p>\n\n\n\n<p class=\"has-black-color has-text-color has-background\" style=\"background-color:#e6eeff;font-size:17px\">2. Clique na aba <strong>EJA<\/strong><\/p>\n\n\n\n<p><\/p>\n\n\n\n<p class=\"has-black-color has-text-color has-background\" style=\"background-color:#e6eeff;font-size:17px\">    3. Role a p\u00e1gina at\u00e9 o final e localize <strong>formul\u00e1rio da pesquisa<\/strong> e preencha as informa\u00e7\u00f5es solicitadas durante o per\u00edodo da pesquisa<strong> (01\/05 a 24\/05)<\/strong>;<\/p>\n\n\n\n<p><\/p>\n\n\n\n<p class=\"has-black-color has-text-color has-background\" style=\"background-color:#e6eeff;font-size:17px\">    4. Em seguida, informe seus <strong>dados pessoais<\/strong> para avan\u00e7ar para a pr\u00f3xima etapa, na qual ser\u00e1 solicitado seu <strong>RU e senha<\/strong>;<\/p>\n\n\n\n<p><\/p>\n\n\n\n<p class=\"has-black-color has-text-color has-background\" style=\"background-color:#e6eeff;font-size:17px\">    5. Utilize seu <strong>RU e senha<\/strong> para acessar e concluir a pesquisa.<\/p>\n\n\n\n<p class=\"has-black-color has-text-color has-background\" style=\"background-color:#e6eeff;font-size:17px\">Caso n\u00e3o se lembre das informa\u00e7\u00f5es de acesso, basta seguir o <strong>segundo procedimento<\/strong> dispon\u00edvel na mesma p\u00e1gina para recuperar o seu acesso e concluir a pesquisa.<\/p>\n\n\n\n<h2><\/h2>\n\n\n\n<p class=\"has-black-color has-text-color\" style=\"font-size:17px\"><strong>Responder \u00e0 pesquisa \u00e9 r\u00e1pido, seguro e faz toda a diferen\u00e7a.<\/strong><\/p>\n\n\n\n<h2><\/h2>\n\n\n\n<div class=\"wp-container-9 wp-block-columns\">\n<div class=\"wp-container-8 wp-block-column\"><\/div>\n<\/div>\n\n\n\n<div class=\"wp-container-10 wp-block-group\"><div class=\"wp-block-group__inner-container\">\n<p class=\"has-black-color has-text-color has-background\" style=\"background-color:#e6eeff;font-size:17px\"><strong>\ud83d\udc49 Participe da Pesquisa de Egressos 2026 e ajude a construir o futuro da educa\u00e7\u00e3o, da empregabilidade e da forma\u00e7\u00e3o profissional na Uninter.<\/strong><\/p>\n<\/div><\/div>\n\n\n\n<p class=\"has-text-align-center has-black-color has-text-color\" style=\"font-size:17px\">Porque voltar a estudar vale a pena.<\/p>\n\n\n\n<p class=\"has-text-align-center has-black-color has-text-color\" style=\"font-size:17px\"><br>E quando a educa\u00e7\u00e3o \u00e9 de qualidade, tudo pode ser muito mais r\u00e1pido do que voc\u00ea imagina.<\/p>\n","protected":false},"excerpt":{"rendered":"<p>Voltar a estudar vale a pena &#8211; e pode ser mais r\u00e1pido do que voc\u00ea imagina Concluir a Educa\u00e7\u00e3o de Jovens e Adultos (EJA) \u00e9 uma conquista que transforma trajet\u00f3rias. \u00c9 a prova de que nunca \u00e9 tarde para retomar os estudos, ampliar oportunidades profissionais e construir novos futuros. Na Uninter, a EJA (EAD) \u2013 &hellip; <\/p>\n","protected":false},"author":1,"featured_media":74530,"parent":74325,"menu_order":1,"comment_status":"closed","ping_status":"closed","template":"","meta":[],"yoast_head":"<!-- This site is optimized with the Yoast SEO plugin v19.0 - https:\/\/yoast.com\/wordpress\/plugins\/seo\/ -->\n<title>Pesquisa - EJA - Portal do Egresso<\/title>\n<meta name=\"robots\" content=\"index, follow, max-snippet:-1, max-image-preview:large, max-video-preview:-1\" \/>\n<link rel=\"canonical\" href=\"https:\/\/www.uninter.com\/portaldoegresso\/pesquisa-cursos-tecnicos-profissionalizantes\/pesquisa-eja\/\" \/>\n<meta property=\"og:locale\" content=\"pt_BR\" \/>\n<meta property=\"og:type\" content=\"article\" \/>\n<meta property=\"og:title\" content=\"Pesquisa - EJA - Portal do Egresso\" \/>\n<meta property=\"og:description\" content=\"Voltar a estudar vale a pena &#8211; e pode ser mais r\u00e1pido do que voc\u00ea imagina Concluir a Educa\u00e7\u00e3o de Jovens e Adultos (EJA) \u00e9 uma conquista que transforma trajet\u00f3rias. \u00c9 a prova de que nunca \u00e9 tarde para retomar os estudos, ampliar oportunidades profissionais e construir novos futuros. Na Uninter, a EJA (EAD) \u2013 &hellip;\" \/>\n<meta property=\"og:url\" content=\"https:\/\/www.uninter.com\/portaldoegresso\/pesquisa-cursos-tecnicos-profissionalizantes\/pesquisa-eja\/\" \/>\n<meta property=\"og:site_name\" content=\"Portal do Egresso\" \/>\n<meta property=\"article:modified_time\" content=\"2026-04-23T18:22:23+00:00\" \/>\n<meta property=\"og:image\" content=\"https:\/\/www.uninter.com\/portaldoegresso\/wp-content\/uploads\/2026\/03\/BANNER-01-Ouvir-para-Transformar_-Pesquisa-EJA-2026-1.png\" \/>\n\t<meta property=\"og:image:width\" content=\"1920\" \/>\n\t<meta property=\"og:image:height\" content=\"687\" \/>\n\t<meta property=\"og:image:type\" content=\"image\/png\" \/>\n<meta name=\"twitter:card\" content=\"summary_large_image\" \/>\n<meta name=\"twitter:label1\" content=\"Est. tempo de leitura\" \/>\n\t<meta name=\"twitter:data1\" content=\"3 minutos\" \/>\n<script type=\"application\/ld+json\" class=\"yoast-schema-graph\">{\"@context\":\"https:\/\/schema.org\",\"@graph\":[{\"@type\":\"WebSite\",\"@id\":\"https:\/\/www.uninter.com\/portaldoegresso\/#website\",\"url\":\"https:\/\/www.uninter.com\/portaldoegresso\/\",\"name\":\"Portal do Egresso\",\"description\":\"\",\"potentialAction\":[{\"@type\":\"SearchAction\",\"target\":{\"@type\":\"EntryPoint\",\"urlTemplate\":\"https:\/\/www.uninter.com\/portaldoegresso\/?s={search_term_string}\"},\"query-input\":\"required name=search_term_string\"}],\"inLanguage\":\"pt-BR\"},{\"@type\":\"ImageObject\",\"inLanguage\":\"pt-BR\",\"@id\":\"https:\/\/www.uninter.com\/portaldoegresso\/pesquisa-cursos-tecnicos-profissionalizantes\/pesquisa-eja\/#primaryimage\",\"url\":\"https:\/\/www.uninter.com\/portaldoegresso\/wp-content\/uploads\/2026\/03\/BANNER-01-Ouvir-para-Transformar_-Pesquisa-EJA-2026-1.png\",\"contentUrl\":\"https:\/\/www.uninter.com\/portaldoegresso\/wp-content\/uploads\/2026\/03\/BANNER-01-Ouvir-para-Transformar_-Pesquisa-EJA-2026-1.png\",\"width\":1920,\"height\":687},{\"@type\":\"WebPage\",\"@id\":\"https:\/\/www.uninter.com\/portaldoegresso\/pesquisa-cursos-tecnicos-profissionalizantes\/pesquisa-eja\/#webpage\",\"url\":\"https:\/\/www.uninter.com\/portaldoegresso\/pesquisa-cursos-tecnicos-profissionalizantes\/pesquisa-eja\/\",\"name\":\"Pesquisa - EJA - Portal do Egresso\",\"isPartOf\":{\"@id\":\"https:\/\/www.uninter.com\/portaldoegresso\/#website\"},\"primaryImageOfPage\":{\"@id\":\"https:\/\/www.uninter.com\/portaldoegresso\/pesquisa-cursos-tecnicos-profissionalizantes\/pesquisa-eja\/#primaryimage\"},\"datePublished\":\"2026-02-12T12:34:24+00:00\",\"dateModified\":\"2026-04-23T18:22:23+00:00\",\"breadcrumb\":{\"@id\":\"https:\/\/www.uninter.com\/portaldoegresso\/pesquisa-cursos-tecnicos-profissionalizantes\/pesquisa-eja\/#breadcrumb\"},\"inLanguage\":\"pt-BR\",\"potentialAction\":[{\"@type\":\"ReadAction\",\"target\":[\"https:\/\/www.uninter.com\/portaldoegresso\/pesquisa-cursos-tecnicos-profissionalizantes\/pesquisa-eja\/\"]}]},{\"@type\":\"BreadcrumbList\",\"@id\":\"https:\/\/www.uninter.com\/portaldoegresso\/pesquisa-cursos-tecnicos-profissionalizantes\/pesquisa-eja\/#breadcrumb\",\"itemListElement\":[{\"@type\":\"ListItem\",\"position\":1,\"name\":\"In\u00edcio\",\"item\":\"https:\/\/www.uninter.com\/portaldoegresso\/\"},{\"@type\":\"ListItem\",\"position\":2,\"name\":\"Pesquisa &#8211; Cursos T\u00e9cnicos e Profissionalizantes\",\"item\":\"https:\/\/www.uninter.com\/portaldoegresso\/pesquisa-cursos-tecnicos-profissionalizantes\/\"},{\"@type\":\"ListItem\",\"position\":3,\"name\":\"Pesquisa &#8211; EJA\"}]}]}<\/script>\n<!-- \/ Yoast SEO plugin. -->","yoast_head_json":{"title":"Pesquisa - EJA - Portal do Egresso","robots":{"index":"index","follow":"follow","max-snippet":"max-snippet:-1","max-image-preview":"max-image-preview:large","max-video-preview":"max-video-preview:-1"},"canonical":"https:\/\/www.uninter.com\/portaldoegresso\/pesquisa-cursos-tecnicos-profissionalizantes\/pesquisa-eja\/","og_locale":"pt_BR","og_type":"article","og_title":"Pesquisa - EJA - Portal do Egresso","og_description":"Voltar a estudar vale a pena &#8211; e pode ser mais r\u00e1pido do que voc\u00ea imagina Concluir a Educa\u00e7\u00e3o de Jovens e Adultos (EJA) \u00e9 uma conquista que transforma trajet\u00f3rias. \u00c9 a prova de que nunca \u00e9 tarde para retomar os estudos, ampliar oportunidades profissionais e construir novos futuros. Na Uninter, a EJA (EAD) \u2013 &hellip;","og_url":"https:\/\/www.uninter.com\/portaldoegresso\/pesquisa-cursos-tecnicos-profissionalizantes\/pesquisa-eja\/","og_site_name":"Portal do Egresso","article_modified_time":"2026-04-23T18:22:23+00:00","og_image":[{"width":1920,"height":687,"url":"https:\/\/www.uninter.com\/portaldoegresso\/wp-content\/uploads\/2026\/03\/BANNER-01-Ouvir-para-Transformar_-Pesquisa-EJA-2026-1.png","type":"image\/png"}],"twitter_card":"summary_large_image","twitter_misc":{"Est. tempo de leitura":"3 minutos"},"schema":{"@context":"https:\/\/schema.org","@graph":[{"@type":"WebSite","@id":"https:\/\/www.uninter.com\/portaldoegresso\/#website","url":"https:\/\/www.uninter.com\/portaldoegresso\/","name":"Portal do Egresso","description":"","potentialAction":[{"@type":"SearchAction","target":{"@type":"EntryPoint","urlTemplate":"https:\/\/www.uninter.com\/portaldoegresso\/?s={search_term_string}"},"query-input":"required name=search_term_string"}],"inLanguage":"pt-BR"},{"@type":"ImageObject","inLanguage":"pt-BR","@id":"https:\/\/www.uninter.com\/portaldoegresso\/pesquisa-cursos-tecnicos-profissionalizantes\/pesquisa-eja\/#primaryimage","url":"https:\/\/www.uninter.com\/portaldoegresso\/wp-content\/uploads\/2026\/03\/BANNER-01-Ouvir-para-Transformar_-Pesquisa-EJA-2026-1.png","contentUrl":"https:\/\/www.uninter.com\/portaldoegresso\/wp-content\/uploads\/2026\/03\/BANNER-01-Ouvir-para-Transformar_-Pesquisa-EJA-2026-1.png","width":1920,"height":687},{"@type":"WebPage","@id":"https:\/\/www.uninter.com\/portaldoegresso\/pesquisa-cursos-tecnicos-profissionalizantes\/pesquisa-eja\/#webpage","url":"https:\/\/www.uninter.com\/portaldoegresso\/pesquisa-cursos-tecnicos-profissionalizantes\/pesquisa-eja\/","name":"Pesquisa - EJA - Portal do Egresso","isPartOf":{"@id":"https:\/\/www.uninter.com\/portaldoegresso\/#website"},"primaryImageOfPage":{"@id":"https:\/\/www.uninter.com\/portaldoegresso\/pesquisa-cursos-tecnicos-profissionalizantes\/pesquisa-eja\/#primaryimage"},"datePublished":"2026-02-12T12:34:24+00:00","dateModified":"2026-04-23T18:22:23+00:00","breadcrumb":{"@id":"https:\/\/www.uninter.com\/portaldoegresso\/pesquisa-cursos-tecnicos-profissionalizantes\/pesquisa-eja\/#breadcrumb"},"inLanguage":"pt-BR","potentialAction":[{"@type":"ReadAction","target":["https:\/\/www.uninter.com\/portaldoegresso\/pesquisa-cursos-tecnicos-profissionalizantes\/pesquisa-eja\/"]}]},{"@type":"BreadcrumbList","@id":"https:\/\/www.uninter.com\/portaldoegresso\/pesquisa-cursos-tecnicos-profissionalizantes\/pesquisa-eja\/#breadcrumb","itemListElement":[{"@type":"ListItem","position":1,"name":"In\u00edcio","item":"https:\/\/www.uninter.com\/portaldoegresso\/"},{"@type":"ListItem","position":2,"name":"Pesquisa &#8211; Cursos T\u00e9cnicos e Profissionalizantes","item":"https:\/\/www.uninter.com\/portaldoegresso\/pesquisa-cursos-tecnicos-profissionalizantes\/"},{"@type":"ListItem","position":3,"name":"Pesquisa &#8211; EJA"}]}]}},"_links":{"self":[{"href":"https:\/\/www.uninter.com\/portaldoegresso\/wp-json\/wp\/v2\/pages\/74323"}],"collection":[{"href":"https:\/\/www.uninter.com\/portaldoegresso\/wp-json\/wp\/v2\/pages"}],"about":[{"href":"https:\/\/www.uninter.com\/portaldoegresso\/wp-json\/wp\/v2\/types\/page"}],"author":[{"embeddable":true,"href":"https:\/\/www.uninter.com\/portaldoegresso\/wp-json\/wp\/v2\/users\/1"}],"replies":[{"embeddable":true,"href":"https:\/\/www.uninter.com\/portaldoegresso\/wp-json\/wp\/v2\/comments?post=74323"}],"version-history":[{"count":22,"href":"https:\/\/www.uninter.com\/portaldoegresso\/wp-json\/wp\/v2\/pages\/74323\/revisions"}],"predecessor-version":[{"id":74875,"href":"https:\/\/www.uninter.com\/portaldoegresso\/wp-json\/wp\/v2\/pages\/74323\/revisions\/74875"}],"up":[{"embeddable":true,"href":"https:\/\/www.uninter.com\/portaldoegresso\/wp-json\/wp\/v2\/pages\/74325"}],"wp:featuredmedia":[{"embeddable":true,"href":"https:\/\/www.uninter.com\/portaldoegresso\/wp-json\/wp\/v2\/media\/74530"}],"wp:attachment":[{"href":"https:\/\/www.uninter.com\/portaldoegresso\/wp-json\/wp\/v2\/media?parent=74323"}],"curies":[{"name":"wp","href":"https:\/\/api.w.org\/{rel}","templated":true}]}}