{"id":7110,"date":"2021-08-31T13:58:29","date_gmt":"2021-08-31T16:58:29","guid":{"rendered":"https:\/\/uninter.com\/portaldoegresso\/?page_id=7110"},"modified":"2026-04-27T12:09:30","modified_gmt":"2026-04-27T15:09:30","slug":"pesquisa-pos-graduacao","status":"publish","type":"page","link":"https:\/\/www.uninter.com\/portaldoegresso\/pesquisa-pos-graduacao\/","title":{"rendered":"Pesquisa Egressos: P\u00f3s-Gradua\u00e7\u00e3o 2025"},"content":{"rendered":"\n<p class=\"has-text-align-center has-large-font-size\">     <\/p>\n\n\n<div class=\"wp-block-image\">\n<figure class=\"aligncenter size-large\"><img loading=\"lazy\" width=\"1024\" height=\"283\" src=\"https:\/\/www.uninter.com\/portaldoegresso\/wp-content\/uploads\/2025\/08\/PESQUISA-COM-EX-ALUNOS-POS-GRADUACAO-2025_BANNER-INICIAL-1-egresso-1024x283.png\" alt=\"\" class=\"wp-image-71591\" srcset=\"https:\/\/www.uninter.com\/portaldoegresso\/wp-content\/uploads\/2025\/08\/PESQUISA-COM-EX-ALUNOS-POS-GRADUACAO-2025_BANNER-INICIAL-1-egresso-1024x283.png 1024w, https:\/\/www.uninter.com\/portaldoegresso\/wp-content\/uploads\/2025\/08\/PESQUISA-COM-EX-ALUNOS-POS-GRADUACAO-2025_BANNER-INICIAL-1-egresso-300x83.png 300w, https:\/\/www.uninter.com\/portaldoegresso\/wp-content\/uploads\/2025\/08\/PESQUISA-COM-EX-ALUNOS-POS-GRADUACAO-2025_BANNER-INICIAL-1-egresso-768x212.png 768w, https:\/\/www.uninter.com\/portaldoegresso\/wp-content\/uploads\/2025\/08\/PESQUISA-COM-EX-ALUNOS-POS-GRADUACAO-2025_BANNER-INICIAL-1-egresso-1536x424.png 1536w, https:\/\/www.uninter.com\/portaldoegresso\/wp-content\/uploads\/2025\/08\/PESQUISA-COM-EX-ALUNOS-POS-GRADUACAO-2025_BANNER-INICIAL-1-egresso-2048x565.png 2048w, https:\/\/www.uninter.com\/portaldoegresso\/wp-content\/uploads\/2025\/08\/PESQUISA-COM-EX-ALUNOS-POS-GRADUACAO-2025_BANNER-INICIAL-1-egresso-217x60.png 217w\" sizes=\"(max-width: 1024px) 100vw, 1024px\" \/><\/figure><\/div>\n\n\n<div style=\"height:50px\" aria-hidden=\"true\" class=\"wp-block-spacer\"><\/div>\n\n\n\n<blockquote class=\"wp-block-quote has-text-align-center is-style-plain has-text-color\" style=\"color:#00c47c;font-size:25px;font-style:normal;font-weight:900\"><p>               CAMPANHA: CONSTRUINDO CONEX\u00d5ES \u2013 P\u00d3S-GRADUA\u00c7\u00c3O 2025<\/p><\/blockquote>\n\n\n\n<div style=\"height:52px\" aria-hidden=\"true\" class=\"wp-block-spacer\"><\/div>\n\n\n\n<blockquote class=\"wp-block-quote\"><p><\/p><\/blockquote>\n\n\n\n<div class=\"wp-container-1 wp-block-group\"><div class=\"wp-block-group__inner-container\">\n<p><\/p>\n\n\n\n<h2><\/h2>\n\n\n\n<h2><\/h2>\n\n\n\n<p class=\"has-black-color has-text-color has-medium-font-size\"><strong>Prezado(a) egresso(a),<\/strong><\/p>\n\n\n\n<p><\/p>\n<\/div><\/div>\n\n\n\n<div class=\"wp-container-3 wp-block-columns\">\n<div class=\"wp-container-2 wp-block-column\" style=\"flex-basis:100%\">\n<blockquote class=\"wp-block-quote has-black-color has-text-color\"><p><\/p><\/blockquote>\n<\/div>\n<\/div>\n\n\n\n<h2><\/h2>\n\n\n\n<p><\/p>\n\n\n\n<blockquote class=\"wp-block-quote has-black-color has-text-color has-medium-font-size\"><p>O Centro Universit\u00e1rio Internacional \u2013 UNINTER, por meio da Central de Acompanhamento de Egressos, convida voc\u00ea, formado(a) em um de nossos cursos de p\u00f3s-gradua\u00e7\u00e3o, a participar da&nbsp;<strong>Pesquisa de Egressos 2025<\/strong>.<\/p><\/blockquote>\n\n\n\n<p class=\"has-black-color has-text-color has-medium-font-size\">Sua participa\u00e7\u00e3o \u00e9 muito importante para n\u00f3s!<\/p>\n\n\n\n<p class=\"has-black-color has-text-color has-medium-font-size\">E como forma de agradecimento, todos os egressos que responderem a pesquisa por completo concorrer\u00e3o a pr\u00eamios incr\u00edveis:<\/p>\n\n\n\n<blockquote class=\"wp-block-quote\"><p><\/p><\/blockquote>\n\n\n\n<blockquote class=\"wp-block-quote\"><p><\/p><\/blockquote>\n\n\n\n<div class=\"wp-container-5 wp-block-columns\">\n<div class=\"wp-container-4 wp-block-column\" style=\"flex-basis:100%\">\n<blockquote class=\"wp-block-quote\"><p><\/p><\/blockquote>\n<\/div>\n<\/div>\n\n\n\n<blockquote class=\"wp-block-quote\"><p><\/p><\/blockquote>\n\n\n\n<h1><\/h1>\n\n\n\n<h1><\/h1>\n\n\n\n<p class=\"has-black-color has-text-color has-medium-font-size\"><strong>\ud83c\udfc6 Premia\u00e7\u00e3o<\/strong>:<\/p>\n\n\n\n<p><\/p>\n\n\n\n<p class=\"has-black-color has-text-color has-background\" style=\"background-color:#e0f0e7;font-size:19px\">\ud83e\udd47 <strong>1\u00ba LUGAR:<\/strong> \ud83d\udcbb 01 Notebook Acer A515 +\ud83c\udf93 01 Bolsa de estudo com <strong>100% de desconto<\/strong> em qualquer curso de <strong>p\u00f3s-gradua\u00e7\u00e3o EAD<\/strong> (exceto mestrado e doutorado).<\/p>\n\n\n\n<p class=\"has-black-color has-text-color has-background\" style=\"background-color:#e0f0e7;font-size:19px\">\ud83e\udd48<strong> 2\u00ba LUGAR: <\/strong>\ud83d\udcf1 01 Smartphone <strong>Motorola Moto G84 256GB<\/strong>.<\/p>\n\n\n\n<p class=\"has-black-color has-text-color has-background\" style=\"background-color:#e0f0e7;font-size:19px\">\ud83e\udd49<strong> 3\u00ba LUGAR: <\/strong>\ud83d\udde3\ufe0f <strong>01 Dispositivo Alexa Amazon Echo Dot<\/strong><\/p>\n\n\n\n<p class=\"has-black-color has-text-color has-background\" style=\"background-color:#e0f0e7;font-size:19px\"><strong>\ud83d\udc65 Quem pode participar<\/strong>:<strong> <\/strong>Alunos egressos&nbsp;<strong>(concluintes)<\/strong>, em qualquer curso de p\u00f3s-gradua\u00e7\u00e3o  nas modalidades presencial, semipresencial, telepresencial ao vivo e a Dist\u00e2ncia do Centro Universit\u00e1rio Internacional \u2013 UNINTER.<\/p>\n\n\n\n<p class=\"has-black-color has-text-color has-background\" style=\"background-color:#e0f0e7;font-size:19px\"><strong>Per\u00edodo da Pesquisa: <\/strong>11\/08 at\u00e9 01\/09\/2025 \u00e0s 23h59.<\/p>\n\n\n\n<p class=\"has-black-color has-text-color has-background\" style=\"background-color:#e0f0e7;font-size:19px\"><strong><strong>Data do sorteio da Loteria Federal: 13\/09\/2025 (s\u00e1bado)<\/strong><\/strong><\/p>\n\n\n\n<p class=\"has-black-color has-text-color has-background\" style=\"background-color:#e0f0e7;font-size:19px\">\u2705 <strong>Como participar<\/strong>: Acesse a p\u00e1gina de egressos e preencha o formul\u00e1rio completo entre os dias 11\/08 e 01\/09\/2025. Ao final da p\u00e1gina, insira seus dados pessoais para seguir para a etapa seguinte, onde ser\u00e1 solicitado seu RU e senha.<br>Caso n\u00e3o se lembre dessas informa\u00e7\u00f5es, basta seguir o segundo procedimento dispon\u00edvel na mesma p\u00e1gina para recuperar o acesso e concluir a pesquisa.<\/p>\n\n\n\n<div class=\"wp-container-7 wp-block-columns\">\n<div class=\"wp-container-6 wp-block-column\"><\/div>\n<\/div>\n\n\n\n<p class=\"has-black-color has-text-color has-medium-font-size\"><strong>\ud83c\udfb2<\/strong> <strong>Sorteio:<\/strong><\/p>\n\n\n\n<p><\/p>\n\n\n\n<p class=\"has-black-color has-text-color\" style=\"font-size:18px\">O sorteio ser\u00e1 realizado com base no resultado da&nbsp;<strong>Loteria Federal de 13\/09\/2025 (s\u00e1bado).<\/strong><\/p>\n\n\n\n<div class=\"wp-container-9 wp-block-columns\">\n<div class=\"wp-container-8 wp-block-column\" style=\"flex-basis:100%\">\n<blockquote class=\"wp-block-quote\"><p><\/p><\/blockquote>\n<\/div>\n<\/div>\n\n\n\n<p class=\"has-black-color has-text-color\" style=\"font-size:18px\">Os ganhadores ser\u00e3o definidos da seguinte forma:<\/p>\n\n\n\n<div class=\"wp-container-11 wp-block-columns\">\n<div class=\"wp-container-10 wp-block-column\" style=\"flex-basis:100%\">\n<blockquote class=\"wp-block-quote\"><p><\/p><\/blockquote>\n<\/div>\n<\/div>\n\n\n\n<p class=\"has-black-color has-text-color\" style=\"font-size:18px\">\ud83e\udd47 <strong>1\u00ba pr\u00eamio:<\/strong>&nbsp;combina\u00e7\u00e3o dos n\u00fameros das&nbsp;<strong>unidades simple<\/strong>s<\/p>\n\n\n\n<p class=\"has-black-color has-text-color\" style=\"font-size:18px\">\ud83e\udd48 <strong>2\u00ba pr\u00eamio:<\/strong>&nbsp;combina\u00e7\u00e3o dos n\u00fameros das&nbsp;<strong>dezenas simples<\/strong><\/p>\n\n\n\n<p class=\"has-black-color has-text-color\" style=\"font-size:18px\">\ud83e\udd49 <strong>3\u00ba pr\u00eamio:<\/strong>&nbsp;combina\u00e7\u00e3o dos n\u00fameros das&nbsp;<strong>centenas simples<\/strong><\/p>\n\n\n\n<p><\/p>\n\n\n\n<div class=\"wp-container-13 wp-block-columns\">\n<div class=\"wp-container-12 wp-block-column\"><\/div>\n<\/div>\n\n\n\n<div class=\"wp-container-15 wp-block-columns\">\n<div class=\"wp-container-14 wp-block-column\">\n<p><\/p>\n<\/div>\n<\/div>\n\n\n\n<p class=\"has-black-color has-text-color has-medium-font-size\"><strong>\ud83d\udccc Exemplo:<\/strong><\/p>\n\n\n\n<p><\/p>\n\n\n\n<p class=\"has-black-color has-text-color\" style=\"font-size:18px\"><strong>\u2022<\/strong> <strong>1\u00ba pr\u00eamio: bilhete n\u00ba&nbsp;68.547<\/strong><\/p>\n\n\n\n<p class=\"has-black-color has-text-color\" style=\"font-size:18px\"><strong>\u2022<\/strong> <strong>2\u00ba pr\u00eamio: bilhete n\u00ba&nbsp;25.182<\/strong><\/p>\n\n\n\n<p class=\"has-black-color has-text-color\" style=\"font-size:18px\"><strong>\u2022<\/strong> <strong>3\u00ba pr\u00eamio: bilhete n\u00ba&nbsp;52.755<\/strong><\/p>\n\n\n\n<figure class=\"wp-block-image size-full is-resized\"><img loading=\"lazy\" src=\"https:\/\/www.uninter.com\/portaldoegresso\/wp-content\/uploads\/2025\/08\/image.png\" alt=\"\" class=\"wp-image-66077\" width=\"205\" height=\"222\" srcset=\"https:\/\/www.uninter.com\/portaldoegresso\/wp-content\/uploads\/2025\/08\/image.png 328w, https:\/\/www.uninter.com\/portaldoegresso\/wp-content\/uploads\/2025\/08\/image-56x60.png 56w\" sizes=\"(max-width: 205px) 100vw, 205px\" \/><\/figure>\n\n\n\n<p class=\"has-black-color has-text-color\" style=\"font-size:18px\">Os ganhadores de cada premia\u00e7\u00e3o ser\u00e3o conhecidos mediante a combina\u00e7\u00e3o dos n\u00fameros de cima para baixo segundo a imagem colocada acima.<\/p>\n\n\n\n<div class=\"wp-container-17 wp-block-columns\">\n<div class=\"wp-container-16 wp-block-column\"><\/div>\n<\/div>\n\n\n\n<p><\/p>\n\n\n\n<p class=\"has-black-color has-text-color has-background\" style=\"background-color:#e0f0e7;font-size:18px\">\ud83d\udce2 <strong>Divulga\u00e7\u00e3o dos contemplados(as):<\/strong> <strong>19\/09\/2025<\/strong><\/p>\n\n\n\n<div class=\"wp-container-19 wp-block-columns\">\n<div class=\"wp-container-18 wp-block-column\"><\/div>\n<\/div>\n\n\n\n<p class=\"has-black-color has-text-color\" style=\"font-size:18px\">Caso n\u00e3o haja ganhador com o n\u00famero sorteado, ser\u00e1 considerada a numera\u00e7\u00e3o imediatamente seguinte e, se necess\u00e1rio, a imediatamente anterior, de forma alternada, at\u00e9 a identifica\u00e7\u00e3o do vencedor.<\/p>\n\n\n\n<p><\/p>\n\n\n\n<p><\/p>\n\n\n\n<p><\/p>\n\n\n\n<blockquote class=\"wp-block-quote is-style-plain has-background has-medium-font-size\" style=\"background:linear-gradient(286deg,rgb(238,238,238) 0%,rgb(169,184,195) 100%)\"><p><mark style=\"background-color:rgba(0, 0, 0, 0)\" class=\"has-inline-color has-black-color\">\ud83d\udc49<a href=\"https:\/\/www.uninter.com\/portaldoegresso\/wp-content\/uploads\/2025\/08\/Regulamento-aprovado.pdf\"><strong>Clique aqui e confira o regulamento para participa\u00e7\u00e3o<\/strong><\/a><\/mark><\/p><\/blockquote>\n\n\n\n<div class=\"wp-container-21 wp-block-columns\">\n<div class=\"wp-container-20 wp-block-column\"><\/div>\n<\/div>\n\n\n\n<p class=\"has-black-color has-text-color has-background\" style=\"background-color:#e0f0e7;font-size:18px\"><strong>\ud83d\udce9 D\u00favidas? Entre em contato pelo e-mail: <a>egressos@uninter.com<\/a><\/strong><\/p>\n\n\n\n<h2><\/h2>\n\n\n\n<h2><\/h2>\n\n\n\n<blockquote class=\"wp-block-quote\"><p><\/p><\/blockquote>\n\n\n\n<figure class=\"wp-block-image\"><img alt=\"\"\/><\/figure>\n\n\n\n<p><\/p>\n\n\n\n<p><\/p>\n\n\n\n<p><\/p>\n\n\n\n<p class=\"has-luminous-vivid-orange-color has-text-color\" style=\"font-size:25px;font-style:normal;font-weight:900\"><\/p>\n\n\n\n<p class=\"has-luminous-vivid-orange-color has-text-color\" style=\"font-size:25px;font-style:normal;font-weight:800\"><\/p>\n\n\n\n<blockquote class=\"wp-block-quote\"><p><\/p><\/blockquote>\n\n\n\n<h2 class=\"has-text-align-center has-luminous-vivid-orange-color has-text-color\" style=\"font-size:29px;font-style:normal;font-weight:900;text-transform:uppercase\">RESULTADO DOS SORTEIOS &#8211; PESQUISA DE EGRESSOS P\u00d3S-GRADUA\u00c7\u00c3O 2025<\/h2>\n\n\n\n<h2><\/h2>\n\n\n\n<figure class=\"wp-block-image\"><img alt=\"\"\/><\/figure>\n\n\n\n<p class=\"has-black-color has-text-color\" style=\"font-size:18px\">Conforme previsto no regulamento, a defini\u00e7\u00e3o dos vencedores considerou a combina\u00e7\u00e3o dos n\u00fameros das casas das&nbsp;<strong>unidades<\/strong>,&nbsp;<strong>dezenas<\/strong>&nbsp;e&nbsp;<strong>centenas<\/strong>&nbsp;de cima para baixo, de acordo com o resultado oficial da&nbsp;<strong>Loteria Federal \u2013 Concurso 6000<\/strong>, realizado em<strong>&nbsp;13\/09\/2025.<\/strong><\/p>\n\n\n\n<p><\/p>\n\n\n<div class=\"wp-block-image\">\n<figure class=\"aligncenter size-medium is-resized\"><img loading=\"lazy\" src=\"https:\/\/www.uninter.com\/portaldoegresso\/wp-content\/uploads\/2025\/09\/Resultado-loteria-federal-300x257.png\" alt=\"\" class=\"wp-image-73550\" width=\"358\" height=\"307\" srcset=\"https:\/\/www.uninter.com\/portaldoegresso\/wp-content\/uploads\/2025\/09\/Resultado-loteria-federal-300x257.png 300w, https:\/\/www.uninter.com\/portaldoegresso\/wp-content\/uploads\/2025\/09\/Resultado-loteria-federal-70x60.png 70w, https:\/\/www.uninter.com\/portaldoegresso\/wp-content\/uploads\/2025\/09\/Resultado-loteria-federal.png 545w\" sizes=\"(max-width: 358px) 100vw, 358px\" \/><\/figure><\/div>\n\n\n<p><\/p>\n\n\n\n<p class=\"has-black-color has-text-color\" style=\"font-size:25px\"><strong>\ud83c\udfc6&nbsp;Premia\u00e7\u00e3o:<\/strong><\/p>\n\n\n\n<p class=\"has-black-color has-text-color has-background\" style=\"background-color:#e0f0e7;font-size:19px\"><strong>\ud83e\udd471\u00ba LUGAR:<\/strong>&nbsp;\ud83d\udcbb01 (um) Notebook Acer A515 +&nbsp;\ud83c\udf93&nbsp;01 (uma) bolsa de estudo de 100% (cem por cento) de desconto em qualquer curso de p\u00f3s-gradua\u00e7\u00e3o EAD. (exceto para os cursos de mestrado ou doutorado).<\/p>\n\n\n\n<p class=\"has-black-color has-text-color has-background\" style=\"background-color:#e0f0e7;font-size:19px\"><strong>\ud83e\udd482\u00ba lugar:<\/strong>&nbsp;\ud83d\udcf1Smartphone Motorola Moto G84 256GB (valor aproximado de R$ 1.660,00).<\/p>\n\n\n\n<p class=\"has-black-color has-text-color has-background\" style=\"background-color:#e0f0e7;font-size:19px\"><strong>\ud83e\udd493\u00ba lugar:<\/strong>&nbsp;\ud83d\udde3\ufe0fDispositivo Alexa Amazon Echo Dot (valor aproximado de R$ 350,00).<\/p>\n\n\n\n<p><\/p>\n\n\n\n<p class=\"has-black-color has-text-color\" style=\"font-size:24px\"><strong>Participantes:<\/strong><\/p>\n\n\n\n<p class=\"has-black-color has-text-color\" style=\"font-size:18px\">Participaram desta campanha os<strong>&nbsp;alunos egressos<\/strong>&nbsp;dos cursos de p\u00f3s- gradua\u00e7\u00e3o das modalidades&nbsp;<strong>presencial, semipresencial, telepresencial ao vivo e a dist\u00e2ncia do Centro Universit\u00e1rio Internacional \u2013 UNINTER<\/strong>, que preencheram o formul\u00e1rio por completo  entre os dias<strong>&nbsp;11\/08\/2025<\/strong>&nbsp;e<strong>&nbsp;01\/09\/2025<\/strong>, at\u00e9 as&nbsp;<strong>23h59<\/strong>.<\/p>\n\n\n\n<p><\/p>\n\n\n\n<p class=\"has-black-color has-text-color\" style=\"font-size:24px\"><strong>\ud83c\udf89Vencedores:<\/strong><\/p>\n\n\n\n<div class=\"wp-container-22 wp-block-group\"><\/div>\n\n\n\n<p><\/p>\n\n\n<div class=\"wp-block-image\">\n<figure class=\"aligncenter size-full is-resized\"><img loading=\"lazy\" src=\"https:\/\/www.uninter.com\/portaldoegresso\/wp-content\/uploads\/2025\/09\/imagem-pos-graduacao.png\" alt=\"\" class=\"wp-image-73569\" width=\"863\" height=\"209\" srcset=\"https:\/\/www.uninter.com\/portaldoegresso\/wp-content\/uploads\/2025\/09\/imagem-pos-graduacao.png 884w, https:\/\/www.uninter.com\/portaldoegresso\/wp-content\/uploads\/2025\/09\/imagem-pos-graduacao-300x73.png 300w, https:\/\/www.uninter.com\/portaldoegresso\/wp-content\/uploads\/2025\/09\/imagem-pos-graduacao-768x186.png 768w, https:\/\/www.uninter.com\/portaldoegresso\/wp-content\/uploads\/2025\/09\/imagem-pos-graduacao-248x60.png 248w\" sizes=\"(max-width: 863px) 100vw, 863px\" \/><\/figure><\/div>","protected":false},"excerpt":{"rendered":"<p>CAMPANHA: CONSTRUINDO CONEX\u00d5ES \u2013 P\u00d3S-GRADUA\u00c7\u00c3O 2025 Prezado(a) egresso(a), O Centro Universit\u00e1rio Internacional \u2013 UNINTER, por meio da Central de Acompanhamento de Egressos, convida voc\u00ea, formado(a) em um de nossos cursos de p\u00f3s-gradua\u00e7\u00e3o, a participar da&nbsp;Pesquisa de Egressos 2025. Sua participa\u00e7\u00e3o \u00e9 muito importante para n\u00f3s! E como forma de agradecimento, todos os egressos que responderem &hellip; <\/p>\n","protected":false},"author":1,"featured_media":0,"parent":0,"menu_order":0,"comment_status":"closed","ping_status":"closed","template":"Egressos\/page-pesquisa.php","meta":[],"yoast_head":"<!-- This site is optimized with the Yoast SEO plugin v19.0 - https:\/\/yoast.com\/wordpress\/plugins\/seo\/ -->\n<title>Pesquisa P\u00f3s-gradua\u00e7\u00e3o 2025 - Portal do Egresso Uninter<\/title>\n<meta name=\"description\" content=\"Convidamos voc\u00ea aluno formado em um dos nossos cursos de p\u00f3s-gradua\u00e7\u00e3o a participar da pesquisa de egresso 2025. Entre e confira!\" \/>\n<meta name=\"robots\" content=\"index, follow, max-snippet:-1, max-image-preview:large, max-video-preview:-1\" \/>\n<link rel=\"canonical\" href=\"https:\/\/www.uninter.com\/portaldoegresso\/pesquisa-pos-graduacao\/\" \/>\n<meta property=\"og:locale\" content=\"pt_BR\" \/>\n<meta property=\"og:type\" content=\"article\" \/>\n<meta property=\"og:title\" content=\"Pesquisa P\u00f3s-gradua\u00e7\u00e3o 2025 - Portal do Egresso Uninter\" \/>\n<meta property=\"og:description\" content=\"Convidamos voc\u00ea aluno formado em um dos nossos cursos de p\u00f3s-gradua\u00e7\u00e3o a participar da pesquisa de egresso 2025. Entre e confira!\" \/>\n<meta property=\"og:url\" content=\"https:\/\/www.uninter.com\/portaldoegresso\/pesquisa-pos-graduacao\/\" \/>\n<meta property=\"og:site_name\" content=\"Portal do Egresso\" \/>\n<meta property=\"article:modified_time\" content=\"2026-04-27T15:09:30+00:00\" \/>\n<meta property=\"og:image\" content=\"https:\/\/www.uninter.com\/portaldoegresso\/wp-content\/uploads\/2025\/08\/PESQUISA-COM-EX-ALUNOS-POS-GRADUACAO-2025_BANNER-INICIAL-1-egresso-1024x283.png\" \/>\n<meta name=\"twitter:card\" content=\"summary_large_image\" \/>\n<meta name=\"twitter:label1\" content=\"Est. tempo de leitura\" \/>\n\t<meta name=\"twitter:data1\" content=\"5 minutos\" \/>\n<script type=\"application\/ld+json\" class=\"yoast-schema-graph\">{\"@context\":\"https:\/\/schema.org\",\"@graph\":[{\"@type\":\"WebSite\",\"@id\":\"https:\/\/www.uninter.com\/portaldoegresso\/#website\",\"url\":\"https:\/\/www.uninter.com\/portaldoegresso\/\",\"name\":\"Portal do Egresso\",\"description\":\"\",\"potentialAction\":[{\"@type\":\"SearchAction\",\"target\":{\"@type\":\"EntryPoint\",\"urlTemplate\":\"https:\/\/www.uninter.com\/portaldoegresso\/?s={search_term_string}\"},\"query-input\":\"required name=search_term_string\"}],\"inLanguage\":\"pt-BR\"},{\"@type\":\"ImageObject\",\"inLanguage\":\"pt-BR\",\"@id\":\"https:\/\/www.uninter.com\/portaldoegresso\/pesquisa-pos-graduacao\/#primaryimage\",\"url\":\"https:\/\/www.uninter.com\/portaldoegresso\/wp-content\/uploads\/2025\/08\/PESQUISA-COM-EX-ALUNOS-POS-GRADUACAO-2025_BANNER-INICIAL-1-egresso.png\",\"contentUrl\":\"https:\/\/www.uninter.com\/portaldoegresso\/wp-content\/uploads\/2025\/08\/PESQUISA-COM-EX-ALUNOS-POS-GRADUACAO-2025_BANNER-INICIAL-1-egresso.png\",\"width\":2489,\"height\":687},{\"@type\":\"WebPage\",\"@id\":\"https:\/\/www.uninter.com\/portaldoegresso\/pesquisa-pos-graduacao\/#webpage\",\"url\":\"https:\/\/www.uninter.com\/portaldoegresso\/pesquisa-pos-graduacao\/\",\"name\":\"Pesquisa P\u00f3s-gradua\u00e7\u00e3o 2025 - Portal do Egresso Uninter\",\"isPartOf\":{\"@id\":\"https:\/\/www.uninter.com\/portaldoegresso\/#website\"},\"primaryImageOfPage\":{\"@id\":\"https:\/\/www.uninter.com\/portaldoegresso\/pesquisa-pos-graduacao\/#primaryimage\"},\"datePublished\":\"2021-08-31T16:58:29+00:00\",\"dateModified\":\"2026-04-27T15:09:30+00:00\",\"description\":\"Convidamos voc\u00ea aluno formado em um dos nossos cursos de p\u00f3s-gradua\u00e7\u00e3o a participar da pesquisa de egresso 2025. Entre e confira!\",\"breadcrumb\":{\"@id\":\"https:\/\/www.uninter.com\/portaldoegresso\/pesquisa-pos-graduacao\/#breadcrumb\"},\"inLanguage\":\"pt-BR\",\"potentialAction\":[{\"@type\":\"ReadAction\",\"target\":[\"https:\/\/www.uninter.com\/portaldoegresso\/pesquisa-pos-graduacao\/\"]}]},{\"@type\":\"BreadcrumbList\",\"@id\":\"https:\/\/www.uninter.com\/portaldoegresso\/pesquisa-pos-graduacao\/#breadcrumb\",\"itemListElement\":[{\"@type\":\"ListItem\",\"position\":1,\"name\":\"In\u00edcio\",\"item\":\"https:\/\/www.uninter.com\/portaldoegresso\/\"},{\"@type\":\"ListItem\",\"position\":2,\"name\":\"Pesquisa Egressos: P\u00f3s-Gradua\u00e7\u00e3o 2025\"}]}]}<\/script>\n<!-- \/ Yoast SEO plugin. -->","yoast_head_json":{"title":"Pesquisa P\u00f3s-gradua\u00e7\u00e3o 2025 - Portal do Egresso Uninter","description":"Convidamos voc\u00ea aluno formado em um dos nossos cursos de p\u00f3s-gradua\u00e7\u00e3o a participar da pesquisa de egresso 2025. Entre e confira!","robots":{"index":"index","follow":"follow","max-snippet":"max-snippet:-1","max-image-preview":"max-image-preview:large","max-video-preview":"max-video-preview:-1"},"canonical":"https:\/\/www.uninter.com\/portaldoegresso\/pesquisa-pos-graduacao\/","og_locale":"pt_BR","og_type":"article","og_title":"Pesquisa P\u00f3s-gradua\u00e7\u00e3o 2025 - Portal do Egresso Uninter","og_description":"Convidamos voc\u00ea aluno formado em um dos nossos cursos de p\u00f3s-gradua\u00e7\u00e3o a participar da pesquisa de egresso 2025. Entre e confira!","og_url":"https:\/\/www.uninter.com\/portaldoegresso\/pesquisa-pos-graduacao\/","og_site_name":"Portal do Egresso","article_modified_time":"2026-04-27T15:09:30+00:00","og_image":[{"url":"https:\/\/www.uninter.com\/portaldoegresso\/wp-content\/uploads\/2025\/08\/PESQUISA-COM-EX-ALUNOS-POS-GRADUACAO-2025_BANNER-INICIAL-1-egresso-1024x283.png"}],"twitter_card":"summary_large_image","twitter_misc":{"Est. tempo de leitura":"5 minutos"},"schema":{"@context":"https:\/\/schema.org","@graph":[{"@type":"WebSite","@id":"https:\/\/www.uninter.com\/portaldoegresso\/#website","url":"https:\/\/www.uninter.com\/portaldoegresso\/","name":"Portal do Egresso","description":"","potentialAction":[{"@type":"SearchAction","target":{"@type":"EntryPoint","urlTemplate":"https:\/\/www.uninter.com\/portaldoegresso\/?s={search_term_string}"},"query-input":"required name=search_term_string"}],"inLanguage":"pt-BR"},{"@type":"ImageObject","inLanguage":"pt-BR","@id":"https:\/\/www.uninter.com\/portaldoegresso\/pesquisa-pos-graduacao\/#primaryimage","url":"https:\/\/www.uninter.com\/portaldoegresso\/wp-content\/uploads\/2025\/08\/PESQUISA-COM-EX-ALUNOS-POS-GRADUACAO-2025_BANNER-INICIAL-1-egresso.png","contentUrl":"https:\/\/www.uninter.com\/portaldoegresso\/wp-content\/uploads\/2025\/08\/PESQUISA-COM-EX-ALUNOS-POS-GRADUACAO-2025_BANNER-INICIAL-1-egresso.png","width":2489,"height":687},{"@type":"WebPage","@id":"https:\/\/www.uninter.com\/portaldoegresso\/pesquisa-pos-graduacao\/#webpage","url":"https:\/\/www.uninter.com\/portaldoegresso\/pesquisa-pos-graduacao\/","name":"Pesquisa P\u00f3s-gradua\u00e7\u00e3o 2025 - Portal do Egresso Uninter","isPartOf":{"@id":"https:\/\/www.uninter.com\/portaldoegresso\/#website"},"primaryImageOfPage":{"@id":"https:\/\/www.uninter.com\/portaldoegresso\/pesquisa-pos-graduacao\/#primaryimage"},"datePublished":"2021-08-31T16:58:29+00:00","dateModified":"2026-04-27T15:09:30+00:00","description":"Convidamos voc\u00ea aluno formado em um dos nossos cursos de p\u00f3s-gradua\u00e7\u00e3o a participar da pesquisa de egresso 2025. Entre e confira!","breadcrumb":{"@id":"https:\/\/www.uninter.com\/portaldoegresso\/pesquisa-pos-graduacao\/#breadcrumb"},"inLanguage":"pt-BR","potentialAction":[{"@type":"ReadAction","target":["https:\/\/www.uninter.com\/portaldoegresso\/pesquisa-pos-graduacao\/"]}]},{"@type":"BreadcrumbList","@id":"https:\/\/www.uninter.com\/portaldoegresso\/pesquisa-pos-graduacao\/#breadcrumb","itemListElement":[{"@type":"ListItem","position":1,"name":"In\u00edcio","item":"https:\/\/www.uninter.com\/portaldoegresso\/"},{"@type":"ListItem","position":2,"name":"Pesquisa Egressos: P\u00f3s-Gradua\u00e7\u00e3o 2025"}]}]}},"_links":{"self":[{"href":"https:\/\/www.uninter.com\/portaldoegresso\/wp-json\/wp\/v2\/pages\/7110"}],"collection":[{"href":"https:\/\/www.uninter.com\/portaldoegresso\/wp-json\/wp\/v2\/pages"}],"about":[{"href":"https:\/\/www.uninter.com\/portaldoegresso\/wp-json\/wp\/v2\/types\/page"}],"author":[{"embeddable":true,"href":"https:\/\/www.uninter.com\/portaldoegresso\/wp-json\/wp\/v2\/users\/1"}],"replies":[{"embeddable":true,"href":"https:\/\/www.uninter.com\/portaldoegresso\/wp-json\/wp\/v2\/comments?post=7110"}],"version-history":[{"count":75,"href":"https:\/\/www.uninter.com\/portaldoegresso\/wp-json\/wp\/v2\/pages\/7110\/revisions"}],"predecessor-version":[{"id":74950,"href":"https:\/\/www.uninter.com\/portaldoegresso\/wp-json\/wp\/v2\/pages\/7110\/revisions\/74950"}],"wp:attachment":[{"href":"https:\/\/www.uninter.com\/portaldoegresso\/wp-json\/wp\/v2\/media?parent=7110"}],"curies":[{"name":"wp","href":"https:\/\/api.w.org\/{rel}","templated":true}]}}