{"id":17,"date":"2021-02-04T17:38:44","date_gmt":"2021-02-04T20:38:44","guid":{"rendered":"https:\/\/www.uninter.com\/portaldoegresso\/?page_id=17"},"modified":"2025-08-26T16:27:16","modified_gmt":"2025-08-26T19:27:16","slug":"objetivos","status":"publish","type":"page","link":"https:\/\/www.uninter.com\/portaldoegresso\/objetivos\/","title":{"rendered":"Objetivos"},"content":{"rendered":"\n<h4 style=\"font-size:19.5px\">A ideia principal do Programa de Acompanhamento de Egressos do Centro Universit\u00e1rio UNINTER \u00e9 manter um canal de contato entre a IES e o aluno.<\/h4>\n\n\n\n<h4 style=\"font-size:19.5px\"><br>Queremos saber de voc\u00ea qual \u00e9 a sua percep\u00e7\u00e3o sobre o mercado de trabalho e como sua forma\u00e7\u00e3o contribuiu para o desenvolvimento da sua carreira. Em troca, lhe oferecemos benef\u00edcios e vantagens exclusivas em servi\u00e7os da UNINTER.<\/h4>\n\n\n\n<p><\/p>\n\n\n\n<h4 style=\"font-size:19.5px\"><\/h4>\n\n\n\n<h3 class=\"has-medium-font-size\">\ud83d\udd39Benef\u00edcios de fazer parte:<\/h3>\n\n\n\n<p><\/p>\n\n\n\n<p style=\"font-size:17px\"> \ud83e\udd1d <strong>Fortalecer a conex\u00e3o<\/strong> entre voc\u00ea e a UNINTER, criando uma rede de apoio para sua carreira.<\/p>\n\n\n\n<p style=\"font-size:17px\"> \ud83d\udcc8 <strong>Acompanhar sua trajet\u00f3ria profissional<\/strong> e aprimorar continuamente nossos cursos.<\/p>\n\n\n\n<p style=\"font-size:17px\"> \ud83d\ude80 <strong>Apoiar sua inser\u00e7\u00e3o e crescimento<\/strong> no mercado de trabalho, facilitando sua jornada.<\/p>\n\n\n\n<p style=\"font-size:17px\"> \ud83c\udfaf <strong>Garantir excel\u00eancia educacional<\/strong> alinhada \u00e0s demandas reais do mercado.<\/p>\n\n\n\n<p style=\"font-size:17px\"> \ud83d\udd04 <strong>Manter comunica\u00e7\u00e3o constante<\/strong> por meio de um banco de dados atualizado.<\/p>\n\n\n\n<p style=\"font-size:17px\"> \ud83d\udcbc <strong>Estimular experi\u00eancias pr\u00e1ticas<\/strong> como est\u00e1gios e projetos que complementam sua forma\u00e7\u00e3o.<\/p>\n\n\n\n<p style=\"font-size:17px\"> \ud83d\udcca <strong>Gerar dados confi\u00e1veis<\/strong> para melhorar conte\u00fados e estrat\u00e9gias educacionais.<\/p>\n\n\n\n<p style=\"font-size:17px\"> \ud83d\udd0d <strong>Identificar desafios e oportunidades<\/strong> para ampliar seu acesso ao mercado.<\/p>\n\n\n\n<p style=\"font-size:17px\"> \ud83d\udccc <strong>Mapear setores e avaliar o impacto do est\u00e1gio curricular<\/strong> na sua carreira.<\/p>\n\n\n\n<p style=\"font-size:17px\"> \ud83d\udca1 <strong>Analisar \u00e1reas de atua\u00e7\u00e3o, remunera\u00e7\u00e3o e satisfa\u00e7\u00e3o<\/strong> dos profissionais formados.<\/p>\n\n\n\n<p style=\"font-size:17px\"> \ud83d\udc4d <strong>Ouvir voc\u00ea e os empregadores<\/strong> para aprimorar cada vez mais nossa forma\u00e7\u00e3o.<\/p>\n\n\n\n<p><\/p>\n\n\n\n<h3>Estamos juntos na sua jornada!<\/h3>\n\n\n\n<p style=\"font-size:17px\">Com a Central  de Acompanhamento de Egressos, a UNINTER reafirma seu compromisso em caminhar ao seu lado, acompanhando seu crescimento e garantindo que sua forma\u00e7\u00e3o seja sempre um diferencial no mercado profissional.<\/p>\n","protected":false},"excerpt":{"rendered":"<p>A ideia principal do Programa de Acompanhamento de Egressos do Centro Universit\u00e1rio UNINTER \u00e9 manter um canal de contato entre a IES e o aluno. Queremos saber de voc\u00ea qual \u00e9 a sua percep\u00e7\u00e3o sobre o mercado de trabalho e como sua forma\u00e7\u00e3o contribuiu para o desenvolvimento da sua carreira. Em troca, lhe oferecemos benef\u00edcios &hellip; <\/p>\n","protected":false},"author":1,"featured_media":0,"parent":0,"menu_order":0,"comment_status":"closed","ping_status":"closed","template":"","meta":[],"yoast_head":"<!-- This site is optimized with the Yoast SEO plugin v19.0 - https:\/\/yoast.com\/wordpress\/plugins\/seo\/ -->\n<title>Objetivos - Portal do Egresso Uninter<\/title>\n<meta name=\"description\" content=\"Confira os objetivos do Programa de Acompanhamento de Egressos da UNINTER e descubra os benef\u00edcios e vantagens que espera por voc\u00ea. Saiba mais!\" \/>\n<meta name=\"robots\" content=\"index, follow, max-snippet:-1, max-image-preview:large, max-video-preview:-1\" \/>\n<link rel=\"canonical\" href=\"https:\/\/www.uninter.com\/portaldoegresso\/objetivos\/\" \/>\n<meta property=\"og:locale\" content=\"pt_BR\" \/>\n<meta property=\"og:type\" content=\"article\" \/>\n<meta property=\"og:title\" content=\"Objetivos - Portal do Egresso Uninter\" \/>\n<meta property=\"og:description\" content=\"Confira os objetivos do Programa de Acompanhamento de Egressos da UNINTER e descubra os benef\u00edcios e vantagens que espera por voc\u00ea. Saiba mais!\" \/>\n<meta property=\"og:url\" content=\"https:\/\/www.uninter.com\/portaldoegresso\/objetivos\/\" \/>\n<meta property=\"og:site_name\" content=\"Portal do Egresso\" \/>\n<meta property=\"article:modified_time\" content=\"2025-08-26T19:27:16+00:00\" \/>\n<meta name=\"twitter:card\" content=\"summary_large_image\" \/>\n<meta name=\"twitter:label1\" content=\"Est. tempo de leitura\" \/>\n\t<meta name=\"twitter:data1\" content=\"2 minutos\" \/>\n<script type=\"application\/ld+json\" class=\"yoast-schema-graph\">{\"@context\":\"https:\/\/schema.org\",\"@graph\":[{\"@type\":\"WebSite\",\"@id\":\"https:\/\/www.uninter.com\/portaldoegresso\/#website\",\"url\":\"https:\/\/www.uninter.com\/portaldoegresso\/\",\"name\":\"Portal do Egresso\",\"description\":\"\",\"potentialAction\":[{\"@type\":\"SearchAction\",\"target\":{\"@type\":\"EntryPoint\",\"urlTemplate\":\"https:\/\/www.uninter.com\/portaldoegresso\/?s={search_term_string}\"},\"query-input\":\"required name=search_term_string\"}],\"inLanguage\":\"pt-BR\"},{\"@type\":\"WebPage\",\"@id\":\"https:\/\/www.uninter.com\/portaldoegresso\/objetivos\/#webpage\",\"url\":\"https:\/\/www.uninter.com\/portaldoegresso\/objetivos\/\",\"name\":\"Objetivos - Portal do Egresso Uninter\",\"isPartOf\":{\"@id\":\"https:\/\/www.uninter.com\/portaldoegresso\/#website\"},\"datePublished\":\"2021-02-04T20:38:44+00:00\",\"dateModified\":\"2025-08-26T19:27:16+00:00\",\"description\":\"Confira os objetivos do Programa de Acompanhamento de Egressos da UNINTER e descubra os benef\u00edcios e vantagens que espera por voc\u00ea. Saiba mais!\",\"breadcrumb\":{\"@id\":\"https:\/\/www.uninter.com\/portaldoegresso\/objetivos\/#breadcrumb\"},\"inLanguage\":\"pt-BR\",\"potentialAction\":[{\"@type\":\"ReadAction\",\"target\":[\"https:\/\/www.uninter.com\/portaldoegresso\/objetivos\/\"]}]},{\"@type\":\"BreadcrumbList\",\"@id\":\"https:\/\/www.uninter.com\/portaldoegresso\/objetivos\/#breadcrumb\",\"itemListElement\":[{\"@type\":\"ListItem\",\"position\":1,\"name\":\"In\u00edcio\",\"item\":\"https:\/\/www.uninter.com\/portaldoegresso\/\"},{\"@type\":\"ListItem\",\"position\":2,\"name\":\"Objetivos\"}]}]}<\/script>\n<!-- \/ Yoast SEO plugin. -->","yoast_head_json":{"title":"Objetivos - Portal do Egresso Uninter","description":"Confira os objetivos do Programa de Acompanhamento de Egressos da UNINTER e descubra os benef\u00edcios e vantagens que espera por voc\u00ea. Saiba mais!","robots":{"index":"index","follow":"follow","max-snippet":"max-snippet:-1","max-image-preview":"max-image-preview:large","max-video-preview":"max-video-preview:-1"},"canonical":"https:\/\/www.uninter.com\/portaldoegresso\/objetivos\/","og_locale":"pt_BR","og_type":"article","og_title":"Objetivos - Portal do Egresso Uninter","og_description":"Confira os objetivos do Programa de Acompanhamento de Egressos da UNINTER e descubra os benef\u00edcios e vantagens que espera por voc\u00ea. Saiba mais!","og_url":"https:\/\/www.uninter.com\/portaldoegresso\/objetivos\/","og_site_name":"Portal do Egresso","article_modified_time":"2025-08-26T19:27:16+00:00","twitter_card":"summary_large_image","twitter_misc":{"Est. tempo de leitura":"2 minutos"},"schema":{"@context":"https:\/\/schema.org","@graph":[{"@type":"WebSite","@id":"https:\/\/www.uninter.com\/portaldoegresso\/#website","url":"https:\/\/www.uninter.com\/portaldoegresso\/","name":"Portal do Egresso","description":"","potentialAction":[{"@type":"SearchAction","target":{"@type":"EntryPoint","urlTemplate":"https:\/\/www.uninter.com\/portaldoegresso\/?s={search_term_string}"},"query-input":"required name=search_term_string"}],"inLanguage":"pt-BR"},{"@type":"WebPage","@id":"https:\/\/www.uninter.com\/portaldoegresso\/objetivos\/#webpage","url":"https:\/\/www.uninter.com\/portaldoegresso\/objetivos\/","name":"Objetivos - Portal do Egresso Uninter","isPartOf":{"@id":"https:\/\/www.uninter.com\/portaldoegresso\/#website"},"datePublished":"2021-02-04T20:38:44+00:00","dateModified":"2025-08-26T19:27:16+00:00","description":"Confira os objetivos do Programa de Acompanhamento de Egressos da UNINTER e descubra os benef\u00edcios e vantagens que espera por voc\u00ea. Saiba mais!","breadcrumb":{"@id":"https:\/\/www.uninter.com\/portaldoegresso\/objetivos\/#breadcrumb"},"inLanguage":"pt-BR","potentialAction":[{"@type":"ReadAction","target":["https:\/\/www.uninter.com\/portaldoegresso\/objetivos\/"]}]},{"@type":"BreadcrumbList","@id":"https:\/\/www.uninter.com\/portaldoegresso\/objetivos\/#breadcrumb","itemListElement":[{"@type":"ListItem","position":1,"name":"In\u00edcio","item":"https:\/\/www.uninter.com\/portaldoegresso\/"},{"@type":"ListItem","position":2,"name":"Objetivos"}]}]}},"_links":{"self":[{"href":"https:\/\/www.uninter.com\/portaldoegresso\/wp-json\/wp\/v2\/pages\/17"}],"collection":[{"href":"https:\/\/www.uninter.com\/portaldoegresso\/wp-json\/wp\/v2\/pages"}],"about":[{"href":"https:\/\/www.uninter.com\/portaldoegresso\/wp-json\/wp\/v2\/types\/page"}],"author":[{"embeddable":true,"href":"https:\/\/www.uninter.com\/portaldoegresso\/wp-json\/wp\/v2\/users\/1"}],"replies":[{"embeddable":true,"href":"https:\/\/www.uninter.com\/portaldoegresso\/wp-json\/wp\/v2\/comments?post=17"}],"version-history":[{"count":16,"href":"https:\/\/www.uninter.com\/portaldoegresso\/wp-json\/wp\/v2\/pages\/17\/revisions"}],"predecessor-version":[{"id":71784,"href":"https:\/\/www.uninter.com\/portaldoegresso\/wp-json\/wp\/v2\/pages\/17\/revisions\/71784"}],"wp:attachment":[{"href":"https:\/\/www.uninter.com\/portaldoegresso\/wp-json\/wp\/v2\/media?parent=17"}],"curies":[{"name":"wp","href":"https:\/\/api.w.org\/{rel}","templated":true}]}}