{"id":15,"date":"2021-02-04T17:38:21","date_gmt":"2021-02-04T20:38:21","guid":{"rendered":"https:\/\/www.uninter.com\/portaldoegresso\/?page_id=15"},"modified":"2025-06-05T16:11:50","modified_gmt":"2025-06-05T19:11:50","slug":"dicas","status":"publish","type":"page","link":"https:\/\/www.uninter.com\/portaldoegresso\/dicas\/","title":{"rendered":"Dicas"},"content":{"rendered":"\n<p><strong>VOC\u00ca SABIA?<\/strong><\/p>\n\n\n\n<p>\u201cEgresso \u00e9 o estudante que, efetivamente, concluiu os estudos regulares, est\u00e1gios e outras atividades previstas no plano de curso e est\u00e1 apto a receber ou j\u00e1 recebeu o diploma.\u201d&nbsp;<\/p>\n","protected":false},"excerpt":{"rendered":"<p>VOC\u00ca SABIA? \u201cEgresso \u00e9 o estudante que, efetivamente, concluiu os estudos regulares, est\u00e1gios e outras atividades previstas no plano de curso e est\u00e1 apto a receber ou j\u00e1 recebeu o diploma.\u201d&nbsp;<\/p>\n","protected":false},"author":1,"featured_media":0,"parent":0,"menu_order":0,"comment_status":"closed","ping_status":"closed","template":"","meta":[],"yoast_head":"<!-- This site is optimized with the Yoast SEO plugin v19.0 - https:\/\/yoast.com\/wordpress\/plugins\/seo\/ -->\n<title>Dicas - Portal do Egresso Uninter<\/title>\n<meta name=\"description\" content=\"Aqui disponibilizamos dicas e artigos que est\u00e3o relacionados desde empregabilidade a curiosidades, venha conferir e ficar por dentro!\" \/>\n<meta name=\"robots\" content=\"index, follow, max-snippet:-1, max-image-preview:large, max-video-preview:-1\" \/>\n<link rel=\"canonical\" href=\"https:\/\/www.uninter.com\/portaldoegresso\/dicas\/\" \/>\n<meta property=\"og:locale\" content=\"pt_BR\" \/>\n<meta property=\"og:type\" content=\"article\" \/>\n<meta property=\"og:title\" content=\"Dicas - Portal do Egresso Uninter\" \/>\n<meta property=\"og:description\" content=\"Aqui disponibilizamos dicas e artigos que est\u00e3o relacionados desde empregabilidade a curiosidades, venha conferir e ficar por dentro!\" \/>\n<meta property=\"og:url\" content=\"https:\/\/www.uninter.com\/portaldoegresso\/dicas\/\" \/>\n<meta property=\"og:site_name\" content=\"Portal do Egresso\" \/>\n<meta property=\"article:modified_time\" content=\"2025-06-05T19:11:50+00:00\" \/>\n<meta name=\"twitter:card\" content=\"summary_large_image\" \/>\n<meta name=\"twitter:label1\" content=\"Est. tempo de leitura\" \/>\n\t<meta name=\"twitter:data1\" content=\"1 minuto\" \/>\n<script type=\"application\/ld+json\" class=\"yoast-schema-graph\">{\"@context\":\"https:\/\/schema.org\",\"@graph\":[{\"@type\":\"WebSite\",\"@id\":\"https:\/\/www.uninter.com\/portaldoegresso\/#website\",\"url\":\"https:\/\/www.uninter.com\/portaldoegresso\/\",\"name\":\"Portal do Egresso\",\"description\":\"\",\"potentialAction\":[{\"@type\":\"SearchAction\",\"target\":{\"@type\":\"EntryPoint\",\"urlTemplate\":\"https:\/\/www.uninter.com\/portaldoegresso\/?s={search_term_string}\"},\"query-input\":\"required name=search_term_string\"}],\"inLanguage\":\"pt-BR\"},{\"@type\":\"WebPage\",\"@id\":\"https:\/\/www.uninter.com\/portaldoegresso\/dicas\/#webpage\",\"url\":\"https:\/\/www.uninter.com\/portaldoegresso\/dicas\/\",\"name\":\"Dicas - Portal do Egresso Uninter\",\"isPartOf\":{\"@id\":\"https:\/\/www.uninter.com\/portaldoegresso\/#website\"},\"datePublished\":\"2021-02-04T20:38:21+00:00\",\"dateModified\":\"2025-06-05T19:11:50+00:00\",\"description\":\"Aqui disponibilizamos dicas e artigos que est\u00e3o relacionados desde empregabilidade a curiosidades, venha conferir e ficar por dentro!\",\"breadcrumb\":{\"@id\":\"https:\/\/www.uninter.com\/portaldoegresso\/dicas\/#breadcrumb\"},\"inLanguage\":\"pt-BR\",\"potentialAction\":[{\"@type\":\"ReadAction\",\"target\":[\"https:\/\/www.uninter.com\/portaldoegresso\/dicas\/\"]}]},{\"@type\":\"BreadcrumbList\",\"@id\":\"https:\/\/www.uninter.com\/portaldoegresso\/dicas\/#breadcrumb\",\"itemListElement\":[{\"@type\":\"ListItem\",\"position\":1,\"name\":\"In\u00edcio\",\"item\":\"https:\/\/www.uninter.com\/portaldoegresso\/\"},{\"@type\":\"ListItem\",\"position\":2,\"name\":\"Dicas\"}]}]}<\/script>\n<!-- \/ Yoast SEO plugin. -->","yoast_head_json":{"title":"Dicas - Portal do Egresso Uninter","description":"Aqui disponibilizamos dicas e artigos que est\u00e3o relacionados desde empregabilidade a curiosidades, venha conferir e ficar por dentro!","robots":{"index":"index","follow":"follow","max-snippet":"max-snippet:-1","max-image-preview":"max-image-preview:large","max-video-preview":"max-video-preview:-1"},"canonical":"https:\/\/www.uninter.com\/portaldoegresso\/dicas\/","og_locale":"pt_BR","og_type":"article","og_title":"Dicas - Portal do Egresso Uninter","og_description":"Aqui disponibilizamos dicas e artigos que est\u00e3o relacionados desde empregabilidade a curiosidades, venha conferir e ficar por dentro!","og_url":"https:\/\/www.uninter.com\/portaldoegresso\/dicas\/","og_site_name":"Portal do Egresso","article_modified_time":"2025-06-05T19:11:50+00:00","twitter_card":"summary_large_image","twitter_misc":{"Est. tempo de leitura":"1 minuto"},"schema":{"@context":"https:\/\/schema.org","@graph":[{"@type":"WebSite","@id":"https:\/\/www.uninter.com\/portaldoegresso\/#website","url":"https:\/\/www.uninter.com\/portaldoegresso\/","name":"Portal do Egresso","description":"","potentialAction":[{"@type":"SearchAction","target":{"@type":"EntryPoint","urlTemplate":"https:\/\/www.uninter.com\/portaldoegresso\/?s={search_term_string}"},"query-input":"required name=search_term_string"}],"inLanguage":"pt-BR"},{"@type":"WebPage","@id":"https:\/\/www.uninter.com\/portaldoegresso\/dicas\/#webpage","url":"https:\/\/www.uninter.com\/portaldoegresso\/dicas\/","name":"Dicas - Portal do Egresso Uninter","isPartOf":{"@id":"https:\/\/www.uninter.com\/portaldoegresso\/#website"},"datePublished":"2021-02-04T20:38:21+00:00","dateModified":"2025-06-05T19:11:50+00:00","description":"Aqui disponibilizamos dicas e artigos que est\u00e3o relacionados desde empregabilidade a curiosidades, venha conferir e ficar por dentro!","breadcrumb":{"@id":"https:\/\/www.uninter.com\/portaldoegresso\/dicas\/#breadcrumb"},"inLanguage":"pt-BR","potentialAction":[{"@type":"ReadAction","target":["https:\/\/www.uninter.com\/portaldoegresso\/dicas\/"]}]},{"@type":"BreadcrumbList","@id":"https:\/\/www.uninter.com\/portaldoegresso\/dicas\/#breadcrumb","itemListElement":[{"@type":"ListItem","position":1,"name":"In\u00edcio","item":"https:\/\/www.uninter.com\/portaldoegresso\/"},{"@type":"ListItem","position":2,"name":"Dicas"}]}]}},"_links":{"self":[{"href":"https:\/\/www.uninter.com\/portaldoegresso\/wp-json\/wp\/v2\/pages\/15"}],"collection":[{"href":"https:\/\/www.uninter.com\/portaldoegresso\/wp-json\/wp\/v2\/pages"}],"about":[{"href":"https:\/\/www.uninter.com\/portaldoegresso\/wp-json\/wp\/v2\/types\/page"}],"author":[{"embeddable":true,"href":"https:\/\/www.uninter.com\/portaldoegresso\/wp-json\/wp\/v2\/users\/1"}],"replies":[{"embeddable":true,"href":"https:\/\/www.uninter.com\/portaldoegresso\/wp-json\/wp\/v2\/comments?post=15"}],"version-history":[{"count":6,"href":"https:\/\/www.uninter.com\/portaldoegresso\/wp-json\/wp\/v2\/pages\/15\/revisions"}],"predecessor-version":[{"id":74232,"href":"https:\/\/www.uninter.com\/portaldoegresso\/wp-json\/wp\/v2\/pages\/15\/revisions\/74232"}],"wp:attachment":[{"href":"https:\/\/www.uninter.com\/portaldoegresso\/wp-json\/wp\/v2\/media?parent=15"}],"curies":[{"name":"wp","href":"https:\/\/api.w.org\/{rel}","templated":true}]}}