{"id":13,"date":"2021-02-04T17:37:43","date_gmt":"2021-02-04T20:37:43","guid":{"rendered":"https:\/\/www.uninter.com\/portaldoegresso\/?page_id=13"},"modified":"2025-08-11T09:59:26","modified_gmt":"2025-08-11T12:59:26","slug":"descontos","status":"publish","type":"page","link":"https:\/\/www.uninter.com\/portaldoegresso\/descontos\/","title":{"rendered":"Descontos"},"content":{"rendered":"\n<h3>Na UNINTER, egresso tem tratamento especial.<\/h3>\n\n\n\n<p>Voc\u00ea sabe bem, quanto maior sua qualifica\u00e7\u00e3o, melhores oportunidades surgem! E retornar aos estudos na institui\u00e7\u00e3o \u00e9 r\u00e1pido, f\u00e1cil e seguro \u2014 e garante diversos benef\u00edcios:<\/p>\n\n\n\n<p>Oferecemos para voc\u00ea aluno EGRESSO,  que j\u00e1 concluiu um curso de gradua\u00e7\u00e3o ou p\u00f3s-gradua\u00e7\u00e3o em nossa institui\u00e7\u00e3o, descontos nas mensalidades para a realiza\u00e7\u00e3o de novos cursos.<\/p>\n\n\n\n<p>Os descontos variam de&nbsp;<strong>10%<\/strong>&nbsp;at\u00e9&nbsp;<strong>50% nas mensalidades<\/strong>, para qualquer novo curso de&nbsp;<strong>gradua\u00e7\u00e3o e p\u00f3s-gradua\u00e7\u00e3o lato sensu<\/strong>.<\/p>\n\n\n\n<ul><li>Cursos de gradua\u00e7\u00e3o, escolha a op\u00e7\u00e3o:&nbsp;<strong>2\u00ba GRADUA\u00c7\u00c3O PARA EGRESSO UNINTER<\/strong><\/li><li>Cursos de p\u00f3s-gradua\u00e7\u00e3o, escolha a op\u00e7\u00e3o:&nbsp;<strong>EGRESSO UNINTER<\/strong><\/li><\/ul>\n\n\n\n<p>Digitar seu CPF e, automaticamente, o sistema informar\u00e1 qual \u00e9 o percentual de desconto para ALUNO EGRESSO.<\/p>\n\n\n\n<p>Basta efetuar sua matr\u00edcula e usufruir do seu desconto.<\/p>\n\n\n\n<p>Al\u00e9m de desconto nas mensalidades para a realiza\u00e7\u00e3o de novos cursos, a UNINTER ainda oferece os seguintes benef\u00edcios:<\/p>\n\n\n\n<ul><li>Desconto na participa\u00e7\u00e3o de palestras, confer\u00eancias e eventos promovidos pela institui\u00e7\u00e3o ou com empresas parceiras;<\/li><li>Canais de comunica\u00e7\u00e3o sempre dispon\u00edveis;<\/li><li>Acesso ao PORTAL DO ALUNO UNIVIRTUS mesmo ap\u00f3s sua forma\u00e7\u00e3o, para solicita\u00e7\u00e3o de servi\u00e7os;<\/li><li>Utiliza\u00e7\u00e3o das bibliotecas (virtual e presencial);<\/li><\/ul>\n\n\n\n<figure class=\"wp-block-image size-large\"><img loading=\"lazy\" width=\"1024\" height=\"366\" src=\"https:\/\/www.uninter.com\/portaldoegresso\/wp-content\/uploads\/2023\/04\/banner-editora-1024x366.png\" alt=\"\" class=\"wp-image-31754\" srcset=\"https:\/\/www.uninter.com\/portaldoegresso\/wp-content\/uploads\/2023\/04\/banner-editora-1024x366.png 1024w, https:\/\/www.uninter.com\/portaldoegresso\/wp-content\/uploads\/2023\/04\/banner-editora-300x107.png 300w, https:\/\/www.uninter.com\/portaldoegresso\/wp-content\/uploads\/2023\/04\/banner-editora-768x275.png 768w, https:\/\/www.uninter.com\/portaldoegresso\/wp-content\/uploads\/2023\/04\/banner-editora-1536x550.png 1536w, https:\/\/www.uninter.com\/portaldoegresso\/wp-content\/uploads\/2023\/04\/banner-editora-168x60.png 168w, https:\/\/www.uninter.com\/portaldoegresso\/wp-content\/uploads\/2023\/04\/banner-editora.png 1920w\" sizes=\"(max-width: 1024px) 100vw, 1024px\" \/><\/figure>\n\n\n\n<p><\/p>\n\n\n\n<h3>Com a Editora Intersaberes, egresso&nbsp;Uninter tem descontos exclusivos em livros acad\u00eamicos.<\/h3>\n\n\n\n<p>N\u00e3o \u00e9 por que voc\u00ea terminou seu curso que o estudo tem que acabar. A busca por conhecimento deve ser cont\u00ednua para garantir as melhores oportunidades no mercado de trabalho.<\/p>\n\n\n\n<p>Pensando nisso, em parceria com a <strong>Editora Intersaberes<\/strong>, oferecemos para voc\u00ea aluno EGRESSO, um desconto de <strong>50% nos livros da Editora<\/strong>.<\/p>\n\n\n\n<ul><li>S\u00e3o mais de 1.700 livros acad\u00eamicos, recheados de conhecimento;<\/li><li>Livros de mais de 50 \u00e1reas do conhecimento;<\/li><li>Parcele em at\u00e9 10 vezes no cart\u00e3o, sem juros;<\/li><\/ul>\n\n\n\n<p class=\"has-black-color has-text-color\">Para aproveitar o desconto utilize o c\u00f3digo <strong>#EGRESSOUNINTER<\/strong>. Acesse:\u00a0<a href=\"https:\/\/livrariaintersaberes.com.br\/\">https:\/\/livrariaintersaberes.com.br\/<\/a><\/p>\n","protected":false},"excerpt":{"rendered":"<p>Na UNINTER, egresso tem tratamento especial. Voc\u00ea sabe bem, quanto maior sua qualifica\u00e7\u00e3o, melhores oportunidades surgem! E retornar aos estudos na institui\u00e7\u00e3o \u00e9 r\u00e1pido, f\u00e1cil e seguro \u2014 e garante diversos benef\u00edcios: Oferecemos para voc\u00ea aluno EGRESSO, que j\u00e1 concluiu um curso de gradua\u00e7\u00e3o ou p\u00f3s-gradua\u00e7\u00e3o em nossa institui\u00e7\u00e3o, descontos nas mensalidades para a realiza\u00e7\u00e3o &hellip; <\/p>\n","protected":false},"author":1,"featured_media":0,"parent":0,"menu_order":0,"comment_status":"closed","ping_status":"closed","template":"","meta":[],"yoast_head":"<!-- This site is optimized with the Yoast SEO plugin v19.0 - https:\/\/yoast.com\/wordpress\/plugins\/seo\/ -->\n<title>Descontos - Portal do Egresso Uninter<\/title>\n<meta name=\"description\" content=\"Na UNINTER, ex-aluno formado tem tratamento especial. Oferecemos para voc\u00ea, egresso, DESCONTO de at\u00e9 50% nas mensalidades. Venha conferir!\" \/>\n<meta name=\"robots\" content=\"index, follow, max-snippet:-1, max-image-preview:large, max-video-preview:-1\" \/>\n<link rel=\"canonical\" href=\"https:\/\/www.uninter.com\/portaldoegresso\/descontos\/\" \/>\n<meta property=\"og:locale\" content=\"pt_BR\" \/>\n<meta property=\"og:type\" content=\"article\" \/>\n<meta property=\"og:title\" content=\"Descontos - Portal do Egresso Uninter\" \/>\n<meta property=\"og:description\" content=\"Na UNINTER, ex-aluno formado tem tratamento especial. Oferecemos para voc\u00ea, egresso, DESCONTO de at\u00e9 50% nas mensalidades. Venha conferir!\" \/>\n<meta property=\"og:url\" content=\"https:\/\/www.uninter.com\/portaldoegresso\/descontos\/\" \/>\n<meta property=\"og:site_name\" content=\"Portal do Egresso\" \/>\n<meta property=\"article:modified_time\" content=\"2025-08-11T12:59:26+00:00\" \/>\n<meta property=\"og:image\" content=\"https:\/\/www.uninter.com\/portaldoegresso\/wp-content\/uploads\/2023\/04\/banner-editora-1024x366.png\" \/>\n<meta name=\"twitter:card\" content=\"summary_large_image\" \/>\n<meta name=\"twitter:label1\" content=\"Est. tempo de leitura\" \/>\n\t<meta name=\"twitter:data1\" content=\"2 minutos\" \/>\n<script type=\"application\/ld+json\" class=\"yoast-schema-graph\">{\"@context\":\"https:\/\/schema.org\",\"@graph\":[{\"@type\":\"WebSite\",\"@id\":\"https:\/\/www.uninter.com\/portaldoegresso\/#website\",\"url\":\"https:\/\/www.uninter.com\/portaldoegresso\/\",\"name\":\"Portal do Egresso\",\"description\":\"\",\"potentialAction\":[{\"@type\":\"SearchAction\",\"target\":{\"@type\":\"EntryPoint\",\"urlTemplate\":\"https:\/\/www.uninter.com\/portaldoegresso\/?s={search_term_string}\"},\"query-input\":\"required name=search_term_string\"}],\"inLanguage\":\"pt-BR\"},{\"@type\":\"ImageObject\",\"inLanguage\":\"pt-BR\",\"@id\":\"https:\/\/www.uninter.com\/portaldoegresso\/descontos\/#primaryimage\",\"url\":\"https:\/\/www.uninter.com\/portaldoegresso\/wp-content\/uploads\/2023\/04\/banner-editora.png\",\"contentUrl\":\"https:\/\/www.uninter.com\/portaldoegresso\/wp-content\/uploads\/2023\/04\/banner-editora.png\",\"width\":1920,\"height\":687},{\"@type\":\"WebPage\",\"@id\":\"https:\/\/www.uninter.com\/portaldoegresso\/descontos\/#webpage\",\"url\":\"https:\/\/www.uninter.com\/portaldoegresso\/descontos\/\",\"name\":\"Descontos - Portal do Egresso Uninter\",\"isPartOf\":{\"@id\":\"https:\/\/www.uninter.com\/portaldoegresso\/#website\"},\"primaryImageOfPage\":{\"@id\":\"https:\/\/www.uninter.com\/portaldoegresso\/descontos\/#primaryimage\"},\"datePublished\":\"2021-02-04T20:37:43+00:00\",\"dateModified\":\"2025-08-11T12:59:26+00:00\",\"description\":\"Na UNINTER, ex-aluno formado tem tratamento especial. Oferecemos para voc\u00ea, egresso, DESCONTO de at\u00e9 50% nas mensalidades. Venha conferir!\",\"breadcrumb\":{\"@id\":\"https:\/\/www.uninter.com\/portaldoegresso\/descontos\/#breadcrumb\"},\"inLanguage\":\"pt-BR\",\"potentialAction\":[{\"@type\":\"ReadAction\",\"target\":[\"https:\/\/www.uninter.com\/portaldoegresso\/descontos\/\"]}]},{\"@type\":\"BreadcrumbList\",\"@id\":\"https:\/\/www.uninter.com\/portaldoegresso\/descontos\/#breadcrumb\",\"itemListElement\":[{\"@type\":\"ListItem\",\"position\":1,\"name\":\"In\u00edcio\",\"item\":\"https:\/\/www.uninter.com\/portaldoegresso\/\"},{\"@type\":\"ListItem\",\"position\":2,\"name\":\"Descontos\"}]}]}<\/script>\n<!-- \/ Yoast SEO plugin. -->","yoast_head_json":{"title":"Descontos - Portal do Egresso Uninter","description":"Na UNINTER, ex-aluno formado tem tratamento especial. Oferecemos para voc\u00ea, egresso, DESCONTO de at\u00e9 50% nas mensalidades. Venha conferir!","robots":{"index":"index","follow":"follow","max-snippet":"max-snippet:-1","max-image-preview":"max-image-preview:large","max-video-preview":"max-video-preview:-1"},"canonical":"https:\/\/www.uninter.com\/portaldoegresso\/descontos\/","og_locale":"pt_BR","og_type":"article","og_title":"Descontos - Portal do Egresso Uninter","og_description":"Na UNINTER, ex-aluno formado tem tratamento especial. Oferecemos para voc\u00ea, egresso, DESCONTO de at\u00e9 50% nas mensalidades. Venha conferir!","og_url":"https:\/\/www.uninter.com\/portaldoegresso\/descontos\/","og_site_name":"Portal do Egresso","article_modified_time":"2025-08-11T12:59:26+00:00","og_image":[{"url":"https:\/\/www.uninter.com\/portaldoegresso\/wp-content\/uploads\/2023\/04\/banner-editora-1024x366.png"}],"twitter_card":"summary_large_image","twitter_misc":{"Est. tempo de leitura":"2 minutos"},"schema":{"@context":"https:\/\/schema.org","@graph":[{"@type":"WebSite","@id":"https:\/\/www.uninter.com\/portaldoegresso\/#website","url":"https:\/\/www.uninter.com\/portaldoegresso\/","name":"Portal do Egresso","description":"","potentialAction":[{"@type":"SearchAction","target":{"@type":"EntryPoint","urlTemplate":"https:\/\/www.uninter.com\/portaldoegresso\/?s={search_term_string}"},"query-input":"required name=search_term_string"}],"inLanguage":"pt-BR"},{"@type":"ImageObject","inLanguage":"pt-BR","@id":"https:\/\/www.uninter.com\/portaldoegresso\/descontos\/#primaryimage","url":"https:\/\/www.uninter.com\/portaldoegresso\/wp-content\/uploads\/2023\/04\/banner-editora.png","contentUrl":"https:\/\/www.uninter.com\/portaldoegresso\/wp-content\/uploads\/2023\/04\/banner-editora.png","width":1920,"height":687},{"@type":"WebPage","@id":"https:\/\/www.uninter.com\/portaldoegresso\/descontos\/#webpage","url":"https:\/\/www.uninter.com\/portaldoegresso\/descontos\/","name":"Descontos - Portal do Egresso Uninter","isPartOf":{"@id":"https:\/\/www.uninter.com\/portaldoegresso\/#website"},"primaryImageOfPage":{"@id":"https:\/\/www.uninter.com\/portaldoegresso\/descontos\/#primaryimage"},"datePublished":"2021-02-04T20:37:43+00:00","dateModified":"2025-08-11T12:59:26+00:00","description":"Na UNINTER, ex-aluno formado tem tratamento especial. Oferecemos para voc\u00ea, egresso, DESCONTO de at\u00e9 50% nas mensalidades. Venha conferir!","breadcrumb":{"@id":"https:\/\/www.uninter.com\/portaldoegresso\/descontos\/#breadcrumb"},"inLanguage":"pt-BR","potentialAction":[{"@type":"ReadAction","target":["https:\/\/www.uninter.com\/portaldoegresso\/descontos\/"]}]},{"@type":"BreadcrumbList","@id":"https:\/\/www.uninter.com\/portaldoegresso\/descontos\/#breadcrumb","itemListElement":[{"@type":"ListItem","position":1,"name":"In\u00edcio","item":"https:\/\/www.uninter.com\/portaldoegresso\/"},{"@type":"ListItem","position":2,"name":"Descontos"}]}]}},"_links":{"self":[{"href":"https:\/\/www.uninter.com\/portaldoegresso\/wp-json\/wp\/v2\/pages\/13"}],"collection":[{"href":"https:\/\/www.uninter.com\/portaldoegresso\/wp-json\/wp\/v2\/pages"}],"about":[{"href":"https:\/\/www.uninter.com\/portaldoegresso\/wp-json\/wp\/v2\/types\/page"}],"author":[{"embeddable":true,"href":"https:\/\/www.uninter.com\/portaldoegresso\/wp-json\/wp\/v2\/users\/1"}],"replies":[{"embeddable":true,"href":"https:\/\/www.uninter.com\/portaldoegresso\/wp-json\/wp\/v2\/comments?post=13"}],"version-history":[{"count":5,"href":"https:\/\/www.uninter.com\/portaldoegresso\/wp-json\/wp\/v2\/pages\/13\/revisions"}],"predecessor-version":[{"id":66134,"href":"https:\/\/www.uninter.com\/portaldoegresso\/wp-json\/wp\/v2\/pages\/13\/revisions\/66134"}],"wp:attachment":[{"href":"https:\/\/www.uninter.com\/portaldoegresso\/wp-json\/wp\/v2\/media?parent=13"}],"curies":[{"name":"wp","href":"https:\/\/api.w.org\/{rel}","templated":true}]}}