{"id":335,"date":"2018-03-21T15:04:55","date_gmt":"2018-03-21T18:04:55","guid":{"rendered":"https:\/\/www.uninter.com\/pesquisa-\/?page_id=335"},"modified":"2025-10-29T10:53:39","modified_gmt":"2025-10-29T13:53:39","slug":"resolucoes-e-normativas","status":"publish","type":"page","link":"https:\/\/www.uninter.com\/pesquisa\/resolucoes-e-normativas\/","title":{"rendered":"Resolu\u00e7\u00f5es e Normativas"},"content":{"rendered":"<ul>\n<li><a href=\"https:\/\/www.canva.com\/design\/DAGzWB-KDNU\/qEjoQFy_Pjsxka4ooE8IgQ\/view?utm_content=DAGzWB-KDNU&amp;utm_campaign=designshare&amp;utm_medium=link2&amp;utm_source=uniquelinks&amp;utlId=h515f8afc5f\" target=\"_blank\" rel=\"noopener\">PORTARIA N\u00ba 568\/2025 &#8211; Nomea\u00e7\u00e3o de membros<\/a><\/li>\n<li><a href=\"https:\/\/www.uninter.com\/pesquisa\/wp-content\/uploads\/2024\/06\/PR-2024-377_COMITE-ETICA-PESQUISA_MEMBROS.pdf\">Portaria n\u00ba 377\/2024 &#8211; Nomea\u00e7\u00e3o de membros<\/a><\/li>\n<li><a href=\"https:\/\/www.uninter.com\/pesquisa\/wp-content\/uploads\/2024\/03\/Regimento-Interno-CEP-UNINTER-2023.pdf\">Regimento Interno &#8211; CEP UNINTER 2023<\/a><\/li>\n<li><a href=\"https:\/\/www.uninter.com\/pesquisa\/wp-content\/uploads\/2018\/03\/01.-Resolu\u00e7\u00e3o-466_12-Aprova-as-normas-regulamentadoras-de-pesquisas-envolvendo.pdf\">01. Resolu\u00e7\u00e3o 466_12 Aprova as normas regulamentadoras de pesquisas envolvendo<\/a><\/li>\n<li><a href=\"https:\/\/www.uninter.com\/pesquisa\/wp-content\/uploads\/2018\/03\/02.-Norma-Operacional-001_13-Procedimentos-para-Submiss\u00e3o-e-Tramita\u00e7\u00e3o-de-Projetos.pdf\">02. Norma Operacional 001_13 Procedimentos para Submiss\u00e3o e Tramita\u00e7\u00e3o de Projetos<\/a><\/li>\n<li><a href=\"https:\/\/www.uninter.com\/pesquisa\/wp-content\/uploads\/2018\/03\/03.-Resolu\u00e7\u00e3o-441-2011-Armazenamento-de-material-biol\u00f3gico-humano.pdf\">03. Resolu\u00e7\u00e3o 441-2011 Armazenamento de material biol\u00f3gico humano<\/a><\/li>\n<li><a href=\"https:\/\/www.uninter.com\/pesquisa\/wp-content\/uploads\/2018\/03\/04.-Resolu\u00e7\u00e3o-446_2011-Composi\u00e7\u00e3o-da-Comiss\u00e3o-Nacional-de-\u00c9tica-em-Pesquisa.pdf\">04. Resolu\u00e7\u00e3o 446_2011 Composi\u00e7\u00e3o da Comiss\u00e3o Nacional de \u00c9tica em Pesquisa<\/a><\/li>\n<li><a href=\"https:\/\/www.uninter.com\/pesquisa\/wp-content\/uploads\/2018\/03\/05.-Resolu\u00e7\u00e3o-346_2005-Projetos-Multic\u00eantricos.pdf\">05. Resolu\u00e7\u00e3o 346_2005 Projetos Multic\u00eantricos<\/a><\/li>\n<li><a href=\"https:\/\/www.uninter.com\/pesquisa\/wp-content\/uploads\/2018\/03\/06.-Resolu\u00e7\u00e3o-304_2000-Povos-Ind\u00edgenas.pdf\">06. Resolu\u00e7\u00e3o 304_2000 Povos Ind\u00edgenas<\/a><\/li>\n<li><a href=\"https:\/\/www.uninter.com\/pesquisa\/wp-content\/uploads\/2018\/03\/07.-Resolu\u00e7\u00e3o-340_2000-\u00c1rea-Tem\u00e1tica-Especial-de-Gen\u00e9tica-Humana.pdf\">07. Resolu\u00e7\u00e3o 340_2000 \u00c1rea Tem\u00e1tica Especial de Gen\u00e9tica Humana<\/a><\/li>\n<li><a href=\"https:\/\/www.uninter.com\/pesquisa\/wp-content\/uploads\/2018\/03\/08.-Resolu\u00e7\u00e3o-292_1999-Coopera\u00e7\u00e3o-estrangeira.pdf\">08. Resolu\u00e7\u00e3o 292_1999 Coopera\u00e7\u00e3o estrangeira<\/a><\/li>\n<li><a href=\"https:\/\/www.uninter.com\/pesquisa\/wp-content\/uploads\/2018\/03\/10.-Resolu\u00e7\u00e3o-370_2007-O-registro-e-credenciamento-ou-renova\u00e7\u00e3o-de-registro-e-cr.pdf\">10. Resolu\u00e7\u00e3o 370_2007 O registro e credenciamento ou renova\u00e7\u00e3o de registro e cr<\/a><\/li>\n<li><a href=\"https:\/\/www.uninter.com\/pesquisa\/wp-content\/uploads\/2018\/03\/11.-Resolu\u00e7\u00e3o-301_2000-Modifica\u00e7oes-da-Declara\u00e7\u00e3o-de-Helsinque.pdf\">11. Resolu\u00e7\u00e3o 301_2000 Modifica\u00e7oes da Declara\u00e7\u00e3o de Helsinque<\/a><\/li>\n<li><a href=\"https:\/\/www.uninter.com\/pesquisa\/wp-content\/uploads\/2018\/03\/12.-Resolu\u00e7\u00e3o-240_1997-Define-representa\u00e7\u00e3o-de-usu\u00e1rios-nos-CEP.pdf\">12. Resolu\u00e7\u00e3o 240_1997 Define representa\u00e7\u00e3o de usu\u00e1rios nos CEP<\/a><\/li>\n<li><a href=\"https:\/\/www.uninter.com\/pesquisa\/wp-content\/uploads\/2018\/03\/13.-Resolu\u00e7\u00e3o-506_2016-Processo-de-Acredita\u00e7\u00e3o-de-CEP.pdf\">13. Resolu\u00e7\u00e3o 506_2016 Processo de Acredita\u00e7\u00e3o de CEP<\/a><\/li>\n<li><a href=\"https:\/\/www.uninter.com\/pesquisa\/wp-content\/uploads\/2018\/03\/14.-Resolu\u00e7\u00e3o-510_2016-Normas-Aplic\u00e1veis-a-Pesquisas-em-Ci\u00eancias-Humanas-e-Sociais.pdf\">14. Resolu\u00e7\u00e3o 510_2016 Normas Aplic\u00e1veis a Pesquisas em Ci\u00eancias Humanas e Sociais<\/a><\/li>\n<li><a href=\"https:\/\/www.uninter.com\/pesquisa\/wp-content\/uploads\/2018\/03\/15.-Resolu\u00e7\u00e3o-563_2017-Doen\u00e7as-Ultrarraras.pdf\">15. Resolu\u00e7\u00e3o 563_2017 Doen\u00e7as Ultrarraras<\/a><\/li>\n<li><a href=\"https:\/\/www.uninter.com\/pesquisa\/wp-content\/uploads\/2018\/03\/Manual-de-Orienta\u00e7\u00e3o_-Pend\u00eancias-Frequentes-em-Protocolos-Pesquisa-Cl\u00ednica.pdf\">Manual de Orienta\u00e7\u00e3o_ Pend\u00eancias Frequentes em Protocolos Pesquisa Cl\u00ednica<\/a><\/li>\n<\/ul>\n<p>&nbsp;<\/p>\n","protected":false},"excerpt":{"rendered":"<p>PORTARIA N\u00ba 568\/2025 &#8211; Nomea\u00e7\u00e3o de membros Portaria n\u00ba 377\/2024 &#8211; Nomea\u00e7\u00e3o de membros Regimento Interno &#8211; CEP UNINTER 2023 01. Resolu\u00e7\u00e3o 466_12 Aprova as normas regulamentadoras de pesquisas envolvendo 02. Norma Operacional 001_13 Procedimentos para Submiss\u00e3o e Tramita\u00e7\u00e3o de Projetos 03. Resolu\u00e7\u00e3o 441-2011 Armazenamento de material biol\u00f3gico humano 04. Resolu\u00e7\u00e3o 446_2011 Composi\u00e7\u00e3o da Comiss\u00e3o [&hellip;]<\/p>\n","protected":false},"author":1,"featured_media":0,"parent":0,"menu_order":0,"comment_status":"closed","ping_status":"closed","template":"","meta":[],"acf":[],"_links":{"self":[{"href":"https:\/\/www.uninter.com\/pesquisa\/wp-json\/wp\/v2\/pages\/335"}],"collection":[{"href":"https:\/\/www.uninter.com\/pesquisa\/wp-json\/wp\/v2\/pages"}],"about":[{"href":"https:\/\/www.uninter.com\/pesquisa\/wp-json\/wp\/v2\/types\/page"}],"author":[{"embeddable":true,"href":"https:\/\/www.uninter.com\/pesquisa\/wp-json\/wp\/v2\/users\/1"}],"replies":[{"embeddable":true,"href":"https:\/\/www.uninter.com\/pesquisa\/wp-json\/wp\/v2\/comments?post=335"}],"version-history":[{"count":13,"href":"https:\/\/www.uninter.com\/pesquisa\/wp-json\/wp\/v2\/pages\/335\/revisions"}],"predecessor-version":[{"id":3068,"href":"https:\/\/www.uninter.com\/pesquisa\/wp-json\/wp\/v2\/pages\/335\/revisions\/3068"}],"wp:attachment":[{"href":"https:\/\/www.uninter.com\/pesquisa\/wp-json\/wp\/v2\/media?parent=335"}],"curies":[{"name":"wp","href":"https:\/\/api.w.org\/{rel}","templated":true}]}}