{"id":333,"date":"2018-03-21T15:04:46","date_gmt":"2018-03-21T18:04:46","guid":{"rendered":"https:\/\/www.uninter.com\/pesquisa-\/?page_id=333"},"modified":"2025-04-28T10:17:44","modified_gmt":"2025-04-28T13:17:44","slug":"manuais-de-instrucoes","status":"publish","type":"page","link":"https:\/\/www.uninter.com\/pesquisa\/manuais-de-instrucoes\/","title":{"rendered":"Manuais de instru\u00e7\u00f5es"},"content":{"rendered":"<ul>\n<li><a href=\"https:\/\/www.uninter.com\/pesquisa\/wp-content\/uploads\/2018\/03\/1.Aba-Alterar-Meus-Dados-1.pdf\">1.Aba Alterar Meus Dados<\/a><\/li>\n<li><a href=\"https:\/\/www.uninter.com\/pesquisa\/wp-content\/uploads\/2018\/03\/2.Altera\u00e7\u00e3o-de-Pesquisador-Respons\u00e1vel-1.pdf\">2.Altera\u00e7\u00e3o de Pesquisador Respons\u00e1vel<\/a><\/li>\n<li><a href=\"https:\/\/www.uninter.com\/pesquisa\/wp-content\/uploads\/2018\/03\/3.An\u00e1lise-e-Tramita\u00e7\u00e3o-de-Projetos-no-CEP-1.pdf\">3.An\u00e1lise e Tramita\u00e7\u00e3o de Projetos no CEP<\/a><\/li>\n<li><a href=\"https:\/\/www.uninter.com\/pesquisa\/wp-content\/uploads\/2018\/03\/4.Cadastro-de-Institui\u00e7\u00e3o.pdf\">4.Cadastro de Institui\u00e7\u00e3o<\/a><\/li>\n<li><a href=\"https:\/\/www.uninter.com\/pesquisa\/wp-content\/uploads\/2018\/03\/5.Cadastro-de-Usu\u00e1rio.pdf\">5.Cadastro de Usu\u00e1rio<\/a><\/li>\n<li><a href=\"https:\/\/www.uninter.com\/pesquisa\/wp-content\/uploads\/2018\/03\/6.Descri\u00e7\u00e3o-das-Contas-de-E-mail-da-CONEP.pdf\">6.Descri\u00e7\u00e3o das Contas de E-mail da CONEP<\/a><\/li>\n<li><a href=\"https:\/\/www.uninter.com\/pesquisa\/wp-content\/uploads\/2018\/03\/7.Envio-de-Notifica\u00e7\u00e3o.pdf\">7.Envio de Notifica\u00e7\u00e3o<\/a><\/li>\n<li><a href=\"https:\/\/www.uninter.com\/pesquisa\/wp-content\/uploads\/2018\/03\/8.-Funcionalidades-da-aba-CEP.pdf\">8. Funcionalidades da aba CEP<\/a><\/li>\n<li><a href=\"https:\/\/www.uninter.com\/pesquisa\/wp-content\/uploads\/2018\/03\/9.Funcionalidades-da-Aba-Pesquisador.pdf\">9.Funcionalidades da Aba Pesquisador<\/a><\/li>\n<li><a href=\"https:\/\/www.uninter.com\/pesquisa\/wp-content\/uploads\/2024\/06\/10.Submissao-de-Emenda.pdf\">10.Submiss\u00e3o de Emenda<\/a><\/li>\n<li><a href=\"https:\/\/www.uninter.com\/pesquisa\/wp-content\/uploads\/2024\/06\/11.Submissao-de-Projeto-de-Pesquisa-2.pdf\">11.Submiss\u00e3o de Projeto de Pesquisa<\/a><\/li>\n<li><a href=\"https:\/\/www.uninter.com\/pesquisa\/wp-content\/uploads\/2018\/03\/12.Submiss\u00e3o-de-Recurso.pdf\">12.Submiss\u00e3o de Recurso<\/a><\/li>\n<li><a href=\"https:\/\/www.uninter.com\/pesquisa\/wp-content\/uploads\/2025\/04\/13.Submissao-de-Projetos-na-Plataforma-Brasil-1.pdf\">13.Submiss\u00e3o de Projetos na Plataforma Brasil<\/a><\/li>\n<li><a href=\"https:\/\/www.uninter.com\/pesquisa\/wp-content\/uploads\/2024\/06\/Manual_de_Orientacao_Pendencias_comuns_em_protocolos_CHS_versao_23102023.pdf\">Manual de Orienta\u00e7\u00e3o Pendencias comuns em protocolos_CHS<\/a><\/li>\n<\/ul>\n<p>&nbsp;<\/p>\n","protected":false},"excerpt":{"rendered":"<p>1.Aba Alterar Meus Dados 2.Altera\u00e7\u00e3o de Pesquisador Respons\u00e1vel 3.An\u00e1lise e Tramita\u00e7\u00e3o de Projetos no CEP 4.Cadastro de Institui\u00e7\u00e3o 5.Cadastro de Usu\u00e1rio 6.Descri\u00e7\u00e3o das Contas de E-mail da CONEP 7.Envio de Notifica\u00e7\u00e3o 8. Funcionalidades da aba CEP 9.Funcionalidades da Aba Pesquisador 10.Submiss\u00e3o de Emenda 11.Submiss\u00e3o de Projeto de Pesquisa 12.Submiss\u00e3o de Recurso 13.Submiss\u00e3o de Projetos na [&hellip;]<\/p>\n","protected":false},"author":1,"featured_media":0,"parent":0,"menu_order":0,"comment_status":"closed","ping_status":"closed","template":"","meta":[],"acf":[],"_links":{"self":[{"href":"https:\/\/www.uninter.com\/pesquisa\/wp-json\/wp\/v2\/pages\/333"}],"collection":[{"href":"https:\/\/www.uninter.com\/pesquisa\/wp-json\/wp\/v2\/pages"}],"about":[{"href":"https:\/\/www.uninter.com\/pesquisa\/wp-json\/wp\/v2\/types\/page"}],"author":[{"embeddable":true,"href":"https:\/\/www.uninter.com\/pesquisa\/wp-json\/wp\/v2\/users\/1"}],"replies":[{"embeddable":true,"href":"https:\/\/www.uninter.com\/pesquisa\/wp-json\/wp\/v2\/comments?post=333"}],"version-history":[{"count":13,"href":"https:\/\/www.uninter.com\/pesquisa\/wp-json\/wp\/v2\/pages\/333\/revisions"}],"predecessor-version":[{"id":2978,"href":"https:\/\/www.uninter.com\/pesquisa\/wp-json\/wp\/v2\/pages\/333\/revisions\/2978"}],"wp:attachment":[{"href":"https:\/\/www.uninter.com\/pesquisa\/wp-json\/wp\/v2\/media?parent=333"}],"curies":[{"name":"wp","href":"https:\/\/api.w.org\/{rel}","templated":true}]}}