{"id":331,"date":"2018-03-21T15:04:37","date_gmt":"2018-03-21T18:04:37","guid":{"rendered":"https:\/\/www.uninter.com\/pesquisa-\/?page_id=331"},"modified":"2024-04-26T15:23:08","modified_gmt":"2024-04-26T18:23:08","slug":"documentos-para-submissao-e-projetos","status":"publish","type":"page","link":"https:\/\/www.uninter.com\/pesquisa\/documentos-para-submissao-e-projetos\/","title":{"rendered":"Documentos para submiss\u00e3o de projetos"},"content":{"rendered":"<p>&nbsp;<\/p>\n<p><strong>CHECKLIST<\/strong><\/p>\n<ul>\n<li><a href=\"https:\/\/www.uninter.com\/pesquisa\/wp-content\/uploads\/2022\/08\/Checklist-Documentos.pdf\">Checklist &#8211; Documentos<\/a><\/li>\n<\/ul>\n<p><strong>DOCUMENTOS<\/strong><\/p>\n<ul>\n<li><a href=\"https:\/\/www.uninter.com\/pesquisa\/wp-content\/uploads\/2022\/08\/An\u00e1lise-de-M\u00e9rito-do-Orientador-Respons\u00e1vel.docx\">An\u00e1lise de M\u00e9rito do Orientador Respons\u00e1vel<\/a><\/li>\n<li><a href=\"https:\/\/www.uninter.com\/pesquisa\/wp-content\/uploads\/2024\/04\/Carta-ao-Coordenador-2.docx\">Carta-ao-Coordenador<\/a><\/li>\n<li><a href=\"https:\/\/www.uninter.com\/pesquisa\/wp-content\/uploads\/2022\/08\/Concord\u00e2ncia-do-Servi\u00e7o-Envolvido.docx\">Concord\u00e2ncia do Servi\u00e7o Envolvido<\/a><\/li>\n<li><a href=\"https:\/\/www.uninter.com\/pesquisa\/wp-content\/uploads\/2022\/08\/Declara\u00e7\u00e3o-de-Tornar-P\u00fablico-os-Resultados.docx\">Declara\u00e7\u00e3o de Tornar P\u00fablico os Resultados<\/a><\/li>\n<li><a href=\"https:\/\/www.uninter.com\/pesquisa\/wp-content\/uploads\/2022\/08\/Declara\u00e7\u00e3o-de-Uso-Espec\u00edfico-do-Material-e_ou-Dados-Coletados.docx\">Declara\u00e7\u00e3o de Uso Espec\u00edfico do Material e_ou Dados Coletados<\/a><\/li>\n<li><a href=\"https:\/\/www.uninter.com\/pesquisa\/wp-content\/uploads\/2024\/04\/Dispensa-TCLE-Termo-de-Consentimento-Livre-e-Esclarecido-1.docx\">Dispensa TCLE &#8211; Termo de Consentimento Livre e Esclarecido<\/a><\/li>\n<li><a href=\"https:\/\/www.uninter.com\/pesquisa\/wp-content\/uploads\/2022\/08\/Elementos-do-Protocolo-de-Pesquisa-para-o-Comit\u00ea-de-\u00c9tica-em-Seres-Humanos.docx\">Elementos do Protocolo de Pesquisa para o Comit\u00ea de \u00c9tica em Seres Humanos<\/a><\/li>\n<li><a href=\"https:\/\/www.uninter.com\/pesquisa\/wp-content\/uploads\/2022\/08\/Formul\u00e1rio-de-Relat\u00f3rio-Parcial-e.ou-Final.docx\">Formul\u00e1rio de Relat\u00f3rio Parcial e.ou Final<\/a><\/li>\n<li><a href=\"https:\/\/www.uninter.com\/pesquisa\/wp-content\/uploads\/2022\/08\/Orienta\u00e7\u00f5es-para-pesquisa-online-TCLE.pdf\">Orienta\u00e7\u00f5es para pesquisa online &#8211; TCLE<\/a><\/li>\n<li><a href=\"https:\/\/www.uninter.com\/pesquisa\/wp-content\/uploads\/2022\/08\/Termo-de-Assentimento.docx\">Termo de Assentimento<\/a><\/li>\n<li><a href=\"https:\/\/www.uninter.com\/pesquisa\/wp-content\/uploads\/2022\/08\/Termo-de-Confidencialidade-de-Dados.docx\">Termo de Confidencialidade de Dados<\/a><\/li>\n<li><a href=\"https:\/\/www.uninter.com\/pesquisa\/wp-content\/uploads\/2022\/08\/Termo-de-Consentimento-Livre-e-Esclarecido.docx\">Termo de Consentimento Livre e Esclarecido<\/a><\/li>\n<li><a href=\"https:\/\/www.uninter.com\/pesquisa\/wp-content\/uploads\/2022\/08\/Termo-de-Responsabilidade-do-Pesquisador.docx\">Termo de Responsabilidade do Pesquisador<\/a><\/li>\n<\/ul>\n<p>&nbsp;<\/p>\n<p>&nbsp;<\/p>\n<p>&nbsp;<\/p>\n","protected":false},"excerpt":{"rendered":"<p>&nbsp; CHECKLIST Checklist &#8211; Documentos DOCUMENTOS An\u00e1lise de M\u00e9rito do Orientador Respons\u00e1vel Carta-ao-Coordenador Concord\u00e2ncia do Servi\u00e7o Envolvido Declara\u00e7\u00e3o de Tornar P\u00fablico os Resultados Declara\u00e7\u00e3o de Uso Espec\u00edfico do Material e_ou Dados Coletados Dispensa TCLE &#8211; Termo de Consentimento Livre e Esclarecido Elementos do Protocolo de Pesquisa para o Comit\u00ea de \u00c9tica em Seres Humanos Formul\u00e1rio [&hellip;]<\/p>\n","protected":false},"author":1,"featured_media":0,"parent":0,"menu_order":0,"comment_status":"closed","ping_status":"closed","template":"","meta":[],"acf":[],"_links":{"self":[{"href":"https:\/\/www.uninter.com\/pesquisa\/wp-json\/wp\/v2\/pages\/331"}],"collection":[{"href":"https:\/\/www.uninter.com\/pesquisa\/wp-json\/wp\/v2\/pages"}],"about":[{"href":"https:\/\/www.uninter.com\/pesquisa\/wp-json\/wp\/v2\/types\/page"}],"author":[{"embeddable":true,"href":"https:\/\/www.uninter.com\/pesquisa\/wp-json\/wp\/v2\/users\/1"}],"replies":[{"embeddable":true,"href":"https:\/\/www.uninter.com\/pesquisa\/wp-json\/wp\/v2\/comments?post=331"}],"version-history":[{"count":27,"href":"https:\/\/www.uninter.com\/pesquisa\/wp-json\/wp\/v2\/pages\/331\/revisions"}],"predecessor-version":[{"id":2549,"href":"https:\/\/www.uninter.com\/pesquisa\/wp-json\/wp\/v2\/pages\/331\/revisions\/2549"}],"wp:attachment":[{"href":"https:\/\/www.uninter.com\/pesquisa\/wp-json\/wp\/v2\/media?parent=331"}],"curies":[{"name":"wp","href":"https:\/\/api.w.org\/{rel}","templated":true}]}}