{"id":2479,"date":"2024-03-19T14:08:27","date_gmt":"2024-03-19T17:08:27","guid":{"rendered":"https:\/\/www.uninter.com\/pesquisa\/?page_id=2479"},"modified":"2024-03-19T15:00:10","modified_gmt":"2024-03-19T18:00:10","slug":"manuais-de-instrucoes","status":"publish","type":"page","link":"https:\/\/www.uninter.com\/pesquisa\/comissao-de-etica-no-uso-de-animais-ceua\/manuais-de-instrucoes\/","title":{"rendered":"Manuais de instru\u00e7\u00f5es"},"content":{"rendered":"<p>&nbsp;<\/p>\n<p><a href=\"https:\/\/www.uninter.com\/pesquisa\/wp-content\/uploads\/2024\/03\/Carta_Resposta_Pendencias_CEUA_Uninter.docx\" target=\"_blank\" rel=\"noopener\">Carta Resposta Pend\u00eancias CEUA Uninter.docx<\/a><br \/><a href=\"https:\/\/www.uninter.com\/pesquisa\/wp-content\/uploads\/2024\/03\/Escusa_de_Consciencia_CEUA_Uninter.odt\" target=\"_blank\" rel=\"noopener\">Escusa de Consci\u00eancia CEUA Uninter.odt<\/a><br \/><a href=\"https:\/\/www.uninter.com\/pesquisa\/wp-content\/uploads\/2024\/03\/Formulario_Unificado_CEUA_Uninter.docx\" target=\"_blank\" rel=\"noopener\">Formul\u00e1rio Unificado CEUA Uninter.docx<\/a><\/p>\n<p>&nbsp;<\/p>\n","protected":false},"excerpt":{"rendered":"<p>&nbsp; Carta Resposta Pend\u00eancias CEUA Uninter.docxEscusa de Consci\u00eancia CEUA Uninter.odtFormul\u00e1rio Unificado CEUA Uninter.docx &nbsp;<\/p>\n","protected":false},"author":1,"featured_media":0,"parent":2475,"menu_order":0,"comment_status":"closed","ping_status":"closed","template":"page-comissao-etica-uso-animais-ceua.php","meta":[],"acf":[],"_links":{"self":[{"href":"https:\/\/www.uninter.com\/pesquisa\/wp-json\/wp\/v2\/pages\/2479"}],"collection":[{"href":"https:\/\/www.uninter.com\/pesquisa\/wp-json\/wp\/v2\/pages"}],"about":[{"href":"https:\/\/www.uninter.com\/pesquisa\/wp-json\/wp\/v2\/types\/page"}],"author":[{"embeddable":true,"href":"https:\/\/www.uninter.com\/pesquisa\/wp-json\/wp\/v2\/users\/1"}],"replies":[{"embeddable":true,"href":"https:\/\/www.uninter.com\/pesquisa\/wp-json\/wp\/v2\/comments?post=2479"}],"version-history":[{"count":5,"href":"https:\/\/www.uninter.com\/pesquisa\/wp-json\/wp\/v2\/pages\/2479\/revisions"}],"predecessor-version":[{"id":2503,"href":"https:\/\/www.uninter.com\/pesquisa\/wp-json\/wp\/v2\/pages\/2479\/revisions\/2503"}],"up":[{"embeddable":true,"href":"https:\/\/www.uninter.com\/pesquisa\/wp-json\/wp\/v2\/pages\/2475"}],"wp:attachment":[{"href":"https:\/\/www.uninter.com\/pesquisa\/wp-json\/wp\/v2\/media?parent=2479"}],"curies":[{"name":"wp","href":"https:\/\/api.w.org\/{rel}","templated":true}]}}