{"id":2475,"date":"2024-03-19T14:00:20","date_gmt":"2024-03-19T17:00:20","guid":{"rendered":"https:\/\/www.uninter.com\/pesquisa\/?page_id=2475"},"modified":"2024-10-04T09:45:23","modified_gmt":"2024-10-04T12:45:23","slug":"comissao-de-etica-no-uso-de-animais-ceua","status":"publish","type":"page","link":"https:\/\/www.uninter.com\/pesquisa\/comissao-de-etica-no-uso-de-animais-ceua\/","title":{"rendered":"Comiss\u00e3o de \u00c9tica no Uso de Animais"},"content":{"rendered":"\r\n<p>A Comiss\u00e3o de \u00c9tica no Uso de Animais (CEUA) \u00e9 um \u00f3rg\u00e3o colegiado interdisciplinar, constitu\u00eddo conforme estipulado na Lei Arouca (Lei n.\u00ba 11.794 de 08 de Outubro de 2008) e na Resolu\u00e7\u00e3o Normativa CONCEA n.\u00ba 6 de 10 de julho de 2012. Esse \u00f3rg\u00e3o desempenha fun\u00e7\u00f5es t\u00e9cnico-cient\u00edficas, educativas, consultivas, deliberativas e normativas. A CEUA UNINTER tem como objetivo principal orientar, analisar, emitir pareceres e expedir certificados, de acordo com os Princ\u00edpios \u00c9ticos na Experimenta\u00e7\u00e3o Animal estabelecidos pela Sociedade Brasileira de Ci\u00eancia em Animais de Laborat\u00f3rio (SBCAL) e pelo Conselho Nacional de Controle de Experimenta\u00e7\u00e3o Animal (CONCEA). Ela \u00e9 respons\u00e1vel por avaliar os protocolos de experimenta\u00e7\u00e3o (ensino e pesquisa) que envolvem o uso de animais, al\u00e9m de fiscalizar o cumprimento desses protocolos. Composta por dez membros titulares e suplentes, sendo dois representantes de sociedade protetora de animais, a Comiss\u00e3o precisa de aprova\u00e7\u00e3o do CONCEA para seu credenciamento e funcionamento. Esse processo ocorreu por meio da plataforma CIUCA (Cadastro das Institui\u00e7\u00f5es de Uso Cient\u00edfico de Animais), resultando em deferimento e publica\u00e7\u00e3o do Extrato de Parecer n.\u00ba 61 do CONCEA em 03 de agosto de 2023.<\/p>\r\n<p>&nbsp;<\/p>\r\n\r\n\r\n\r\n<p><strong>Prof. Dr. Marivaldo da Silva Oliveira<\/strong><br \/>Coordenador da CEUA UNINTER<\/p>\r\n\r\n\r\n\r\n<p><strong>Prof. Dr. Benisio Ferreira da Silva Filho<\/strong><br \/>Vice-Coordenador da CEUA UNINTER<\/p>\r\n\r\n\r\n\r\n<p><strong>Prof\u00aa. Dra. Ivana Maria Saes Busato<\/strong><br \/>Membro Titular Docente da CEUA UNINTER<\/p>\r\n\r\n\r\n\r\n<p><strong>Prof. Dr. Vinicius Bednarczuk de Oliveira<\/strong><br \/>Membro Suplente Docente da CEUA UNINTER<\/p>\r\n\r\n\r\n\r\n<p><strong>Prof. Me. Alessandro Castanha da Silva<\/strong><br \/>Membro Titular Bi\u00f3logo da CEUA UNINTER<\/p>\r\n\r\n\r\n\r\n<p><strong>Prof\u00aa. Esp. Patr\u00edcia Carla de Oliveira<\/strong><br \/>Membro Suplente Bi\u00f3logo da CEUA UNINTER<\/p>\r\n\r\n\r\n\r\n<p><strong>Prof. Dr. Paulo Felipe Izique Goiozo<\/strong><br \/>Membro Titular M\u00e9dico Veterin\u00e1rio da CEUA UNINTER<\/p>\r\n\r\n\r\n\r\n<p><strong>Prof\u00aa. Esp. Poliana Vicente de Souza<\/strong><br \/>Membro Suplente M\u00e9dico Veterin\u00e1rio da CEUA UNINTER<\/p>\r\n\r\n\r\n\r\n<p><strong>Sra. Jaqueline Louren\u00e7o Gomes<\/strong><br \/>Membro Titular Representante de Sociedade Protetora de Animais da CEUA UNINTER<\/p>\r\n\r\n\r\n\r\n<p><strong>Sr. Marciano Cunha Mendes Neto<\/strong><br \/>Membro Suplente Representante de Sociedade Protetora de Animais da CEUA UNINTER<\/p>\r\n\r\n\r\n\r\n<p><strong>Sr. Marcos Josu\u00e9 Kiel Vieira<\/strong><br \/>Assistente Administrativo da CEUA UNINTER<\/p>\r\n<p>&nbsp;<\/p>\r\n\r\n\r\n\r\n<p><strong>Informa\u00e7\u00f5es para submiss\u00e3o.<\/strong><\/p>\r\n\r\n\r\n\r\n<p>O pesquisador dever\u00e1 realizar a submiss\u00e3o do projeto via e-mail, encaminhando o Formul\u00e1rio Unificado e o Projeto Simplificado devidamente preenchido e assinado pelo(a) respons\u00e1vel do projeto para\u00a0ceuauninter@uninter.com\u00a0aos cuidados da secretaria da Comiss\u00e3o.<\/p>\r\n\r\n\r\n\r\n<p>O prazo estipulado para an\u00e1lise e decis\u00e3o sobre a aprova\u00e7\u00e3o de projetos e planos de ensino submetidos \u00e0 avalia\u00e7\u00e3o da CEUA \u00e9 de 60 (sessenta) dias, a partir da data da pr\u00f3xima reuni\u00e3o subsequente ao recebimento da documenta\u00e7\u00e3o necess\u00e1ria pela secretaria da Comiss\u00e3o. No entanto, esse per\u00edodo pode variar, sendo ajustado de acordo com a complexidade do projeto e\/ou plano de ensino em an\u00e1lise. O pesquisador respons\u00e1vel deve considerar o tempo necess\u00e1rio para o processo interno desse Comit\u00ea ao submeter um projeto para solicita\u00e7\u00e3o de bolsas e aux\u00edlios.<\/p>\r\n\r\n\r\n\r\n<p>As reuni\u00f5es da CEUA ocorrer\u00e3o a cada 30 dias.<\/p>\r\n<p>&nbsp;<\/p>\r\n\r\n\r\n\r\n<p><strong>Hor\u00e1rio de atendimento e nome do secret\u00e1rio<\/strong><\/p>\r\n\r\n\r\n\r\n<p>Nome do secret\u00e1rio: Marcos Josu\u00e9 Kiel Vieira<\/p>\r\n\r\n\r\n\r\n<p>E-mail:\u00a0ceuauninter@uninter.com<\/p>\r\n\r\n\r\n\r\n<p>Hor\u00e1rio de atendimento: De segunda a quinta-feira, das 12h \u00e0s 21h; sexta-feira, das 11h \u00e0s 20h; e s\u00e1bado, das 8h \u00e0s 12h.<\/p>\r\n","protected":false},"excerpt":{"rendered":"<p>A Comiss\u00e3o de \u00c9tica no Uso de Animais (CEUA) \u00e9 um \u00f3rg\u00e3o colegiado interdisciplinar, constitu\u00eddo conforme estipulado na Lei Arouca (Lei n.\u00ba 11.794 de 08 de Outubro de 2008) e na Resolu\u00e7\u00e3o Normativa CONCEA n.\u00ba 6 de 10 de julho de 2012. Esse \u00f3rg\u00e3o desempenha fun\u00e7\u00f5es t\u00e9cnico-cient\u00edficas, educativas, consultivas, deliberativas e normativas. A CEUA UNINTER [&hellip;]<\/p>\n","protected":false},"author":1,"featured_media":0,"parent":0,"menu_order":0,"comment_status":"closed","ping_status":"closed","template":"page-comissao-etica-uso-animais-ceua.php","meta":[],"acf":[],"_links":{"self":[{"href":"https:\/\/www.uninter.com\/pesquisa\/wp-json\/wp\/v2\/pages\/2475"}],"collection":[{"href":"https:\/\/www.uninter.com\/pesquisa\/wp-json\/wp\/v2\/pages"}],"about":[{"href":"https:\/\/www.uninter.com\/pesquisa\/wp-json\/wp\/v2\/types\/page"}],"author":[{"embeddable":true,"href":"https:\/\/www.uninter.com\/pesquisa\/wp-json\/wp\/v2\/users\/1"}],"replies":[{"embeddable":true,"href":"https:\/\/www.uninter.com\/pesquisa\/wp-json\/wp\/v2\/comments?post=2475"}],"version-history":[{"count":4,"href":"https:\/\/www.uninter.com\/pesquisa\/wp-json\/wp\/v2\/pages\/2475\/revisions"}],"predecessor-version":[{"id":2721,"href":"https:\/\/www.uninter.com\/pesquisa\/wp-json\/wp\/v2\/pages\/2475\/revisions\/2721"}],"wp:attachment":[{"href":"https:\/\/www.uninter.com\/pesquisa\/wp-json\/wp\/v2\/media?parent=2475"}],"curies":[{"name":"wp","href":"https:\/\/api.w.org\/{rel}","templated":true}]}}