{"id":2225,"date":"2023-02-23T13:32:29","date_gmt":"2023-02-23T16:32:29","guid":{"rendered":"https:\/\/www.uninter.com\/pesquisa\/?page_id=2225"},"modified":"2026-03-19T17:12:24","modified_gmt":"2026-03-19T20:12:24","slug":"enfoc","status":"publish","type":"page","link":"https:\/\/www.uninter.com\/pesquisa\/enfoc\/","title":{"rendered":"Enfoc"},"content":{"rendered":"<p><img decoding=\"async\" loading=\"lazy\" class=\"alignnone wp-image-2881 size-large\" src=\"https:\/\/www.uninter.com\/pesquisa\/wp-content\/uploads\/2025\/04\/Capa-even3-1-1024x410.png\" alt=\"\" width=\"1024\" height=\"410\" \/><\/p>\n<p><a href=\"https:\/\/www.even3.com.br\/xviiienfocuninter\/\">https:\/\/www.even3.com.br\/xviiienfocuninter\/<\/a><\/p>\n<p>O Encontro de Inicia\u00e7\u00e3o Cient\u00edfica e F\u00f3rum Cient\u00edfico (ENFOC) est\u00e1 em sua XVIII edi\u00e7\u00e3o como evento de divulga\u00e7\u00e3o cient\u00edfica cujo p\u00fablico-alvo s\u00e3o pesquisadores, professores e estudantes de gradua\u00e7\u00e3o e de p\u00f3s-gradua\u00e7\u00e3o de todas as institui\u00e7\u00f5es de ensino superior em \u00e2mbito nacional, integrados no formato on-line. Desde 2014, o evento abrange, tamb\u00e9m, os Semin\u00e1rios do Programa Institucional de Bolsa de Inicia\u00e7\u00e3o \u00e0 Doc\u00eancia (PIBID) e do Programa de Resid\u00eancia Pedag\u00f3gica. Em 2025, o tema central do ENFOC \u00e9: <strong>\u201c<b>Ci\u00eancia, Tecnologia e Inclus\u00e3o: Desafios e Oportunidades para um Futuro Sustent\u00e1vel<\/b>\u201d<\/strong>.<\/p>\n<p>Essa edi\u00e7\u00e3o aborda os avan\u00e7os e os entraves para os desenvolvimentos cient\u00edfico e tecnol\u00f3gicos nas \u00faltimas d\u00e9cadas, de maneira que problematiza os principais desafios da pesquisa no Brasil a partir da an\u00e1lise de pesquisadores atuantes.<\/p>\n","protected":false},"excerpt":{"rendered":"<p>https:\/\/www.even3.com.br\/xviiienfocuninter\/ O Encontro de Inicia\u00e7\u00e3o Cient\u00edfica e F\u00f3rum Cient\u00edfico (ENFOC) est\u00e1 em sua XVIII edi\u00e7\u00e3o como evento de divulga\u00e7\u00e3o cient\u00edfica cujo p\u00fablico-alvo s\u00e3o pesquisadores, professores e estudantes de gradua\u00e7\u00e3o e de p\u00f3s-gradua\u00e7\u00e3o de todas as institui\u00e7\u00f5es de ensino superior em \u00e2mbito nacional, integrados no formato on-line. Desde 2014, o evento abrange, tamb\u00e9m, os Semin\u00e1rios do [&hellip;]<\/p>\n","protected":false},"author":1,"featured_media":3243,"parent":0,"menu_order":0,"comment_status":"closed","ping_status":"closed","template":"","meta":[],"acf":[],"_links":{"self":[{"href":"https:\/\/www.uninter.com\/pesquisa\/wp-json\/wp\/v2\/pages\/2225"}],"collection":[{"href":"https:\/\/www.uninter.com\/pesquisa\/wp-json\/wp\/v2\/pages"}],"about":[{"href":"https:\/\/www.uninter.com\/pesquisa\/wp-json\/wp\/v2\/types\/page"}],"author":[{"embeddable":true,"href":"https:\/\/www.uninter.com\/pesquisa\/wp-json\/wp\/v2\/users\/1"}],"replies":[{"embeddable":true,"href":"https:\/\/www.uninter.com\/pesquisa\/wp-json\/wp\/v2\/comments?post=2225"}],"version-history":[{"count":12,"href":"https:\/\/www.uninter.com\/pesquisa\/wp-json\/wp\/v2\/pages\/2225\/revisions"}],"predecessor-version":[{"id":3239,"href":"https:\/\/www.uninter.com\/pesquisa\/wp-json\/wp\/v2\/pages\/2225\/revisions\/3239"}],"wp:featuredmedia":[{"embeddable":true,"href":"https:\/\/www.uninter.com\/pesquisa\/wp-json\/wp\/v2\/media\/3243"}],"wp:attachment":[{"href":"https:\/\/www.uninter.com\/pesquisa\/wp-json\/wp\/v2\/media?parent=2225"}],"curies":[{"name":"wp","href":"https:\/\/api.w.org\/{rel}","templated":true}]}}