{"id":186,"date":"2017-12-20T15:53:25","date_gmt":"2017-12-20T17:53:25","guid":{"rendered":"https:\/\/www.uninter.com\/pesquisa-\/?page_id=186"},"modified":"2018-04-03T10:09:52","modified_gmt":"2018-04-03T13:09:52","slug":"ius-gentium","status":"publish","type":"page","link":"https:\/\/www.uninter.com\/pesquisa\/ius-gentium\/","title":{"rendered":"Ius Gentium"},"content":{"rendered":"<div id=\"wrapper\">\n<div id=\"page\" class=\"container\">\n<div class=\"container-inner\">\n<div class=\"main\">\n<div class=\"main-inner group\">\n<section class=\"content\">\n<div class=\"pad group\">\n<article class=\"group post-115 page type-page status-publish hentry\">\n<div class=\"entry themeform\">\n<div id=\"pl-115\">\n<div id=\"pg-115-0\" class=\"panel-grid\">\n<div id=\"pgc-115-0-0\" class=\"panel-grid-cell\">\n<div id=\"panel-115-0-0-1\" class=\"so-panel widget widget_sow-editor\" data-index=\"1\">\n<div class=\"so-widget-sow-editor so-widget-sow-editor-base\">\n<div class=\"siteorigin-widget-tinymce textwidget\">\n<p>&nbsp;<\/p>\n<p style=\"text-align: left;\"><a href=\"https:\/\/www.uninter.com\/iusgentium\/index.php\/iusgentium\/index\"><img decoding=\"async\" loading=\"lazy\" class=\"size-medium wp-image-431 alignleft\" src=\"https:\/\/www.uninter.com\/pesquisa\/wp-content\/uploads\/2018\/03\/IUS-204x300.jpg\" alt=\"\" width=\"204\" height=\"300\" srcset=\"https:\/\/www.uninter.com\/pesquisa\/wp-content\/uploads\/2018\/03\/IUS-204x300.jpg 204w, https:\/\/www.uninter.com\/pesquisa\/wp-content\/uploads\/2018\/03\/IUS.jpg 400w\" sizes=\"(max-width: 204px) 100vw, 204px\" \/><\/a>Trata-se a IUS GENTIUM de peri\u00f3dico semestral ligado institucionalmente ao Programa de Mestrado em Direito da UNINTER, cuja \u00c1rea de Concentra\u00e7\u00e3o \u00e9 \u201cEstado, Poder e Jurisdi\u00e7\u00e3o\u201d, caracterizando-se, portanto, como o seu ve\u00edculo oficial de publica\u00e7\u00f5es cient\u00edficas. As Linhas de Pesquisa do referido Mestrado s\u00e3o: 1) \u201cTeoria e Hist\u00f3ria da Jurisdi\u00e7\u00e3o\u201d; 2) \u201cJurisdi\u00e7\u00e3o e Processo na Contemporaneidade\u201d. Deste modo, os textos cient\u00edficos remetidos para avalia\u00e7\u00e3o dos Conselhos da IUS GENTIUM devem guardar, necessariamente, pertin\u00eancia tem\u00e1tica com a \u00c1rea e com as Linhas de Pesquisa do Mestrado. Ressalte-se que o Mestrado em Direito da UNINTER \u00e9 corpus inserido no organograma da Escola Superior de Gest\u00e3o P\u00fablica, Jur\u00eddica e Pol\u00edtica do Centro Universit\u00e1rio Internacional UNINTER.<br \/>\nContato: alexandre.p@uninter.com<\/p>\n<p>CLIQUE NO LINK OU NA IMAGEM PARA\u00a0 ACESSAR A REVISTA JUS GENTIUM<\/p>\n<\/div>\n<p><a href=\"https:\/\/www.uninter.com\/iusgentium\/index.php\/iusgentium\/index\">https:\/\/www.uninter.com\/iusgentium\/index.php\/iusgentium\/index<\/a><\/p>\n<\/div>\n<\/div>\n<\/div>\n<\/div>\n<\/div>\n<\/div>\n<\/article>\n<\/div>\n<\/section>\n<\/div>\n<\/div>\n<\/div>\n<\/div>\n<\/div>\n","protected":false},"excerpt":{"rendered":"<p>&nbsp; Trata-se a IUS GENTIUM de peri\u00f3dico semestral ligado institucionalmente ao Programa de Mestrado em Direito da UNINTER, cuja \u00c1rea de Concentra\u00e7\u00e3o \u00e9 \u201cEstado, Poder e Jurisdi\u00e7\u00e3o\u201d, caracterizando-se, portanto, como o seu ve\u00edculo oficial de publica\u00e7\u00f5es cient\u00edficas. As Linhas de Pesquisa do referido Mestrado s\u00e3o: 1) \u201cTeoria e Hist\u00f3ria da Jurisdi\u00e7\u00e3o\u201d; 2) \u201cJurisdi\u00e7\u00e3o e Processo [&hellip;]<\/p>\n","protected":false},"author":1,"featured_media":0,"parent":0,"menu_order":0,"comment_status":"closed","ping_status":"closed","template":"modelo_2.php","meta":[],"acf":[],"_links":{"self":[{"href":"https:\/\/www.uninter.com\/pesquisa\/wp-json\/wp\/v2\/pages\/186"}],"collection":[{"href":"https:\/\/www.uninter.com\/pesquisa\/wp-json\/wp\/v2\/pages"}],"about":[{"href":"https:\/\/www.uninter.com\/pesquisa\/wp-json\/wp\/v2\/types\/page"}],"author":[{"embeddable":true,"href":"https:\/\/www.uninter.com\/pesquisa\/wp-json\/wp\/v2\/users\/1"}],"replies":[{"embeddable":true,"href":"https:\/\/www.uninter.com\/pesquisa\/wp-json\/wp\/v2\/comments?post=186"}],"version-history":[{"count":16,"href":"https:\/\/www.uninter.com\/pesquisa\/wp-json\/wp\/v2\/pages\/186\/revisions"}],"predecessor-version":[{"id":557,"href":"https:\/\/www.uninter.com\/pesquisa\/wp-json\/wp\/v2\/pages\/186\/revisions\/557"}],"wp:attachment":[{"href":"https:\/\/www.uninter.com\/pesquisa\/wp-json\/wp\/v2\/media?parent=186"}],"curies":[{"name":"wp","href":"https:\/\/api.w.org\/{rel}","templated":true}]}}