{"id":184,"date":"2017-12-20T15:53:25","date_gmt":"2017-12-20T17:53:25","guid":{"rendered":"https:\/\/www.uninter.com\/pesquisa-\/?page_id=184"},"modified":"2018-04-03T10:15:19","modified_gmt":"2018-04-03T13:15:19","slug":"revista-de-comunicacao","status":"publish","type":"page","link":"https:\/\/www.uninter.com\/pesquisa\/revista-de-comunicacao\/","title":{"rendered":"Revista de Comunica\u00e7\u00e3o"},"content":{"rendered":"<div id=\"wrapper\">\n<div id=\"page\" class=\"container\">\n<div class=\"container-inner\">\n<div class=\"main\">\n<div class=\"main-inner group\">\n<section class=\"content\">\n<div class=\"pad group\">\n<article class=\"group post-125 page type-page status-publish hentry\">\n<div class=\"entry themeform\">\n<div id=\"pl-125\">\n<div id=\"pg-125-0\" class=\"panel-grid\">\n<div id=\"pgc-125-0-0\" class=\"panel-grid-cell\">\n<div id=\"panel-125-0-0-1\" class=\"so-panel widget widget_sow-editor\" data-index=\"1\">\n<div class=\"so-widget-sow-editor so-widget-sow-editor-base\">\n<div class=\"siteorigin-widget-tinymce textwidget\">\n<p>&nbsp;<\/p>\n<p>&nbsp;<\/p>\n<p><a href=\"https:\/\/www.uninter.com\/revistacomunicacao\/index.php\/revistacomunicacao\"><img decoding=\"async\" loading=\"lazy\" class=\"size-medium wp-image-451 alignleft\" src=\"https:\/\/www.uninter.com\/pesquisa\/wp-content\/uploads\/2018\/03\/RUC-212x300.jpg\" alt=\"\" width=\"212\" height=\"300\" srcset=\"https:\/\/www.uninter.com\/pesquisa\/wp-content\/uploads\/2018\/03\/RUC-212x300.jpg 212w, https:\/\/www.uninter.com\/pesquisa\/wp-content\/uploads\/2018\/03\/RUC.jpg 595w\" sizes=\"(max-width: 212px) 100vw, 212px\" \/><\/a>A Revista Uninter de Comunica\u00e7\u00e3o (RUC) visa a publica\u00e7\u00e3o de textos resultantes de pesquisa voltados para a \u00e1rea de Comunica\u00e7\u00e3o. A amplitude do tema permite que esta revista tenha car\u00e1ter multidisciplinar, buscando a reflex\u00e3o da teoria e da pr\u00e1tica.<br \/>\nContato: <a href=\"mailto:guilherme.ca@uninter.com\">guilherme.ca@uninter.com<\/a> \/ <a href=\"mailto:eugenio.m@uninter.com\">eugenio.m@uninter.com<\/a><\/p>\n<\/div>\n<p>CLIQUE NO LINK OU NA IMAGEM PARA ACESSAR A REVISTA DE COMUNICA\u00c7\u00c3O (RUC)<\/p>\n<p><a href=\"https:\/\/www.uninter.com\/revistacomunicacao\/index.php\/revistacomunicacao\">https:\/\/www.uninter.com\/revistacomunicacao\/index.php\/revistacomunicacao<\/a><\/p>\n<\/div>\n<\/div>\n<\/div>\n<\/div>\n<\/div>\n<\/div>\n<\/article>\n<\/div>\n<\/section>\n<\/div>\n<\/div>\n<\/div>\n<\/div>\n<\/div>\n","protected":false},"excerpt":{"rendered":"<p>&nbsp; &nbsp; A Revista Uninter de Comunica\u00e7\u00e3o (RUC) visa a publica\u00e7\u00e3o de textos resultantes de pesquisa voltados para a \u00e1rea de Comunica\u00e7\u00e3o. A amplitude do tema permite que esta revista tenha car\u00e1ter multidisciplinar, buscando a reflex\u00e3o da teoria e da pr\u00e1tica. Contato: guilherme.ca@uninter.com \/ eugenio.m@uninter.com CLIQUE NO LINK OU NA IMAGEM PARA ACESSAR A REVISTA [&hellip;]<\/p>\n","protected":false},"author":1,"featured_media":0,"parent":0,"menu_order":0,"comment_status":"closed","ping_status":"closed","template":"modelo_2.php","meta":[],"acf":[],"_links":{"self":[{"href":"https:\/\/www.uninter.com\/pesquisa\/wp-json\/wp\/v2\/pages\/184"}],"collection":[{"href":"https:\/\/www.uninter.com\/pesquisa\/wp-json\/wp\/v2\/pages"}],"about":[{"href":"https:\/\/www.uninter.com\/pesquisa\/wp-json\/wp\/v2\/types\/page"}],"author":[{"embeddable":true,"href":"https:\/\/www.uninter.com\/pesquisa\/wp-json\/wp\/v2\/users\/1"}],"replies":[{"embeddable":true,"href":"https:\/\/www.uninter.com\/pesquisa\/wp-json\/wp\/v2\/comments?post=184"}],"version-history":[{"count":9,"href":"https:\/\/www.uninter.com\/pesquisa\/wp-json\/wp\/v2\/pages\/184\/revisions"}],"predecessor-version":[{"id":564,"href":"https:\/\/www.uninter.com\/pesquisa\/wp-json\/wp\/v2\/pages\/184\/revisions\/564"}],"wp:attachment":[{"href":"https:\/\/www.uninter.com\/pesquisa\/wp-json\/wp\/v2\/media?parent=184"}],"curies":[{"name":"wp","href":"https:\/\/api.w.org\/{rel}","templated":true}]}}