{"id":182,"date":"2017-12-20T15:53:25","date_gmt":"2017-12-20T17:53:25","guid":{"rendered":"https:\/\/www.uninter.com\/pesquisa-\/?page_id=182"},"modified":"2018-04-03T10:15:56","modified_gmt":"2018-04-03T13:15:56","slug":"organizacao-sistemica","status":"publish","type":"page","link":"https:\/\/www.uninter.com\/pesquisa\/organizacao-sistemica\/","title":{"rendered":"Organiza\u00e7\u00e3o Sist\u00eamica"},"content":{"rendered":"<div id=\"wrapper\">\n<div id=\"page\" class=\"container\">\n<div class=\"container-inner\">\n<div class=\"main\">\n<div class=\"main-inner group\">\n<section class=\"content\">\n<div class=\"pad group\">\n<article class=\"group post-119 page type-page status-publish hentry\">\n<div class=\"entry themeform\">\n<div id=\"pl-119\">\n<div id=\"pg-119-0\" class=\"panel-grid\">\n<div id=\"pgc-119-0-0\" class=\"panel-grid-cell\">\n<div id=\"panel-119-0-0-1\" class=\"so-panel widget widget_sow-editor\" data-index=\"1\">\n<div class=\"so-widget-sow-editor so-widget-sow-editor-base\">\n<div class=\"siteorigin-widget-tinymce textwidget\">\n<p>&nbsp;<\/p>\n<p>&nbsp;<\/p>\n<p>&nbsp;<\/p>\n<p><a href=\"https:\/\/www.uninter.com\/revistaorganizacaosistemica\/index.php\/organizacaoSistemica\"><img decoding=\"async\" loading=\"lazy\" class=\"size-medium wp-image-455 alignleft\" src=\"https:\/\/www.uninter.com\/pesquisa\/wp-content\/uploads\/2018\/03\/Organiza\u00e7\u00e3o-Sist\u00eamica-204x300.jpg\" alt=\"\" width=\"204\" height=\"300\" srcset=\"https:\/\/www.uninter.com\/pesquisa\/wp-content\/uploads\/2018\/03\/Organiza\u00e7\u00e3o-Sist\u00eamica-204x300.jpg 204w, https:\/\/www.uninter.com\/pesquisa\/wp-content\/uploads\/2018\/03\/Organiza\u00e7\u00e3o-Sist\u00eamica.jpg 400w\" sizes=\"(max-width: 204px) 100vw, 204px\" \/><\/a>O peri\u00f3dico constitui-se em um instrumento de comunica\u00e7\u00e3o, divulga\u00e7\u00e3o e interc\u00e2mbio de pr\u00e1ticas, reflex\u00f5es e resultados de pesquisas no Campo Organizacional.<\/p>\n<\/div>\n<p>CLIQUE NO LINK OU NA IMAGEM PARA ACESSAR A REVISTA ORGANIZA\u00c7\u00c3O SIST\u00caMICA<\/p>\n<div class=\"siteorigin-widget-tinymce textwidget\">\n<p><a href=\"https:\/\/www.uninter.com\/revistaorganizacaosistemica\/index.php\/organizacaoSistemica\">https:\/\/www.uninter.com\/revistaorganizacaosistemica\/index.php\/organizacaoSistemica<\/a><\/p>\n<\/div>\n<\/div>\n<\/div>\n<\/div>\n<\/div>\n<\/div>\n<\/div>\n<\/article>\n<\/div>\n<\/section>\n<\/div>\n<\/div>\n<\/div>\n<\/div>\n<\/div>\n","protected":false},"excerpt":{"rendered":"<p>&nbsp; &nbsp; &nbsp; O peri\u00f3dico constitui-se em um instrumento de comunica\u00e7\u00e3o, divulga\u00e7\u00e3o e interc\u00e2mbio de pr\u00e1ticas, reflex\u00f5es e resultados de pesquisas no Campo Organizacional. CLIQUE NO LINK OU NA IMAGEM PARA ACESSAR A REVISTA ORGANIZA\u00c7\u00c3O SIST\u00caMICA https:\/\/www.uninter.com\/revistaorganizacaosistemica\/index.php\/organizacaoSistemica<\/p>\n","protected":false},"author":1,"featured_media":0,"parent":0,"menu_order":0,"comment_status":"closed","ping_status":"closed","template":"modelo_2.php","meta":[],"acf":[],"_links":{"self":[{"href":"https:\/\/www.uninter.com\/pesquisa\/wp-json\/wp\/v2\/pages\/182"}],"collection":[{"href":"https:\/\/www.uninter.com\/pesquisa\/wp-json\/wp\/v2\/pages"}],"about":[{"href":"https:\/\/www.uninter.com\/pesquisa\/wp-json\/wp\/v2\/types\/page"}],"author":[{"embeddable":true,"href":"https:\/\/www.uninter.com\/pesquisa\/wp-json\/wp\/v2\/users\/1"}],"replies":[{"embeddable":true,"href":"https:\/\/www.uninter.com\/pesquisa\/wp-json\/wp\/v2\/comments?post=182"}],"version-history":[{"count":12,"href":"https:\/\/www.uninter.com\/pesquisa\/wp-json\/wp\/v2\/pages\/182\/revisions"}],"predecessor-version":[{"id":565,"href":"https:\/\/www.uninter.com\/pesquisa\/wp-json\/wp\/v2\/pages\/182\/revisions\/565"}],"wp:attachment":[{"href":"https:\/\/www.uninter.com\/pesquisa\/wp-json\/wp\/v2\/media?parent=182"}],"curies":[{"name":"wp","href":"https:\/\/api.w.org\/{rel}","templated":true}]}}