{"id":176,"date":"2017-12-20T15:53:25","date_gmt":"2017-12-20T17:53:25","guid":{"rendered":"https:\/\/www.uninter.com\/pesquisa-\/?page_id=176"},"modified":"2019-02-01T15:05:56","modified_gmt":"2019-02-01T17:05:56","slug":"meio-ambiente-e-sustentabilidade","status":"publish","type":"page","link":"https:\/\/www.uninter.com\/pesquisa\/meio-ambiente-e-sustentabilidade\/","title":{"rendered":"Meio Ambiente e Sustentabilidade"},"content":{"rendered":"<div id=\"wrapper\">\n<div id=\"page\" class=\"container\">\n<div class=\"container-inner\">\n<div class=\"main\">\n<div class=\"main-inner group\">\n<section class=\"content\">\n<div class=\"pad group\">\n<article class=\"group post-117 page type-page status-publish hentry\">\n<div class=\"entry themeform\">\n<div id=\"pl-117\">\n<div id=\"pg-117-0\" class=\"panel-grid\">\n<div id=\"pgc-117-0-0\" class=\"panel-grid-cell\">\n<div id=\"panel-117-0-0-1\" class=\"so-panel widget widget_sow-editor\" data-index=\"1\">\n<div class=\"so-widget-sow-editor so-widget-sow-editor-base\">\n<div class=\"siteorigin-widget-tinymce textwidget\">\n<p>&nbsp;<\/p>\n<p>&nbsp;<\/p>\n<p>&nbsp;<\/p>\n<p><img decoding=\"async\" loading=\"lazy\" class=\"size-medium wp-image-702 alignleft\" src=\"https:\/\/www.uninter.com\/pesquisa\/wp-content\/uploads\/2019\/02\/Capa-revista-Meio-Ambiente-204x300.jpg\" alt=\"\" width=\"204\" height=\"300\" srcset=\"https:\/\/www.uninter.com\/pesquisa\/wp-content\/uploads\/2019\/02\/Capa-revista-Meio-Ambiente-204x300.jpg 204w, https:\/\/www.uninter.com\/pesquisa\/wp-content\/uploads\/2019\/02\/Capa-revista-Meio-Ambiente-768x1127.jpg 768w, https:\/\/www.uninter.com\/pesquisa\/wp-content\/uploads\/2019\/02\/Capa-revista-Meio-Ambiente-698x1024.jpg 698w, https:\/\/www.uninter.com\/pesquisa\/wp-content\/uploads\/2019\/02\/Capa-revista-Meio-Ambiente.jpg 800w\" sizes=\"(max-width: 204px) 100vw, 204px\" \/>Publica e dissemina pesquisas cient\u00edficas que sejam relevantes para o campo Ambiental, bem como a\u00e7\u00f5es que visem a sustentabilidade.<\/p>\n<p>E-mail:<\/p>\n<\/div>\n<p>CLIQUE NO LINK OU NA IMAGEM PARA ACESSAR A REVISTA MEIO AMBIENTE E SUSTENTABILIDADE<\/p>\n<p><a href=\"http:\/\/www.uninter.com\/revistameioambiente\/index.php\/meioAmbiente\">http:\/\/www.uninter.com\/revistameioambiente\/index.php\/meioAmbiente<\/a><\/p>\n<\/div>\n<\/div>\n<\/div>\n<\/div>\n<\/div>\n<\/div>\n<\/article>\n<\/div>\n<\/section>\n<\/div>\n<\/div>\n<\/div>\n<\/div>\n<\/div>\n","protected":false},"excerpt":{"rendered":"<p>&nbsp; &nbsp; &nbsp; Publica e dissemina pesquisas cient\u00edficas que sejam relevantes para o campo Ambiental, bem como a\u00e7\u00f5es que visem a sustentabilidade. E-mail: CLIQUE NO LINK OU NA IMAGEM PARA ACESSAR A REVISTA MEIO AMBIENTE E SUSTENTABILIDADE http:\/\/www.uninter.com\/revistameioambiente\/index.php\/meioAmbiente<\/p>\n","protected":false},"author":1,"featured_media":0,"parent":0,"menu_order":0,"comment_status":"closed","ping_status":"closed","template":"modelo_2.php","meta":[],"acf":[],"_links":{"self":[{"href":"https:\/\/www.uninter.com\/pesquisa\/wp-json\/wp\/v2\/pages\/176"}],"collection":[{"href":"https:\/\/www.uninter.com\/pesquisa\/wp-json\/wp\/v2\/pages"}],"about":[{"href":"https:\/\/www.uninter.com\/pesquisa\/wp-json\/wp\/v2\/types\/page"}],"author":[{"embeddable":true,"href":"https:\/\/www.uninter.com\/pesquisa\/wp-json\/wp\/v2\/users\/1"}],"replies":[{"embeddable":true,"href":"https:\/\/www.uninter.com\/pesquisa\/wp-json\/wp\/v2\/comments?post=176"}],"version-history":[{"count":11,"href":"https:\/\/www.uninter.com\/pesquisa\/wp-json\/wp\/v2\/pages\/176\/revisions"}],"predecessor-version":[{"id":705,"href":"https:\/\/www.uninter.com\/pesquisa\/wp-json\/wp\/v2\/pages\/176\/revisions\/705"}],"wp:attachment":[{"href":"https:\/\/www.uninter.com\/pesquisa\/wp-json\/wp\/v2\/media?parent=176"}],"curies":[{"name":"wp","href":"https:\/\/api.w.org\/{rel}","templated":true}]}}