{"id":174,"date":"2017-12-20T15:53:25","date_gmt":"2017-12-20T17:53:25","guid":{"rendered":"https:\/\/www.uninter.com\/pesquisa-\/?page_id=174"},"modified":"2018-04-02T17:22:38","modified_gmt":"2018-04-02T20:22:38","slug":"intersaberes","status":"publish","type":"page","link":"https:\/\/www.uninter.com\/pesquisa\/intersaberes\/","title":{"rendered":"Intersaberes"},"content":{"rendered":"<div id=\"wrapper\">\n<div id=\"page\" class=\"container\">\n<div class=\"container-inner\">\n<div class=\"main\">\n<div class=\"main-inner group\">\n<section class=\"content\">\n<div class=\"pad group\">\n<article class=\"group post-113 page type-page status-publish hentry\">\n<div class=\"entry themeform\">\n<div id=\"pl-113\">\n<div id=\"pg-113-0\" class=\"panel-grid\">\n<div id=\"pgc-113-0-0\" class=\"panel-grid-cell\">\n<div id=\"panel-113-0-0-1\" class=\"so-panel widget widget_text panel-last-child\" data-index=\"1\">\n<div class=\"textwidget\"><a href=\"https:\/\/www.uninter.com\/intersaberes\/index.php\/revista\"><img decoding=\"async\" loading=\"lazy\" class=\"size-medium wp-image-425 alignleft\" src=\"https:\/\/www.uninter.com\/pesquisa-\/wp-content\/uploads\/2018\/03\/homepageImage_pt_BR-204x300.png\" alt=\"\" width=\"204\" height=\"300\" srcset=\"https:\/\/www.uninter.com\/pesquisa\/wp-content\/uploads\/2018\/03\/homepageImage_pt_BR-204x300.png 204w, https:\/\/www.uninter.com\/pesquisa\/wp-content\/uploads\/2018\/03\/homepageImage_pt_BR.png 400w\" sizes=\"(max-width: 204px) 100vw, 204px\" \/><\/a>A Revista Intersaberes tem como miss\u00e3o a divulga\u00e7\u00e3o da produ\u00e7\u00e3o cient\u00edfica oriunda de pesquisas e reflex\u00f5es da \u00e1rea de Educa\u00e7\u00e3o. Tem por finalidade contribuir para a gera\u00e7\u00e3o e dissemina\u00e7\u00e3o do conhecimento de modo a atender o p\u00fablico, pesquisadores, professores e estudantes. Linha Editorial: Educa\u00e7\u00e3o com foco em Forma\u00e7\u00e3o Docente e Novas Tecnologias.<br \/>\nContato: intersaberes@uninter.com<\/div>\n<div><\/div>\n<div class=\"textwidget\">CLIQUE NO LINK OU NA IMAGEM PARA ACESSAR A REVISTA INTERSABERES<\/div>\n<\/div>\n<\/div>\n<div>\u00a0<a href=\"https:\/\/www.uninter.com\/intersaberes\/index.php\/revista\">https:\/\/www.uninter.com\/intersaberes\/index.php\/revista<\/a><\/div>\n<\/div>\n<\/div>\n<\/div>\n<\/article>\n<\/div>\n<\/section>\n<\/div>\n<\/div>\n<\/div>\n<\/div>\n<\/div>\n","protected":false},"excerpt":{"rendered":"<p>A Revista Intersaberes tem como miss\u00e3o a divulga\u00e7\u00e3o da produ\u00e7\u00e3o cient\u00edfica oriunda de pesquisas e reflex\u00f5es da \u00e1rea de Educa\u00e7\u00e3o. Tem por finalidade contribuir para a gera\u00e7\u00e3o e dissemina\u00e7\u00e3o do conhecimento de modo a atender o p\u00fablico, pesquisadores, professores e estudantes. Linha Editorial: Educa\u00e7\u00e3o com foco em Forma\u00e7\u00e3o Docente e Novas Tecnologias. Contato: intersaberes@uninter.com CLIQUE [&hellip;]<\/p>\n","protected":false},"author":1,"featured_media":0,"parent":0,"menu_order":0,"comment_status":"closed","ping_status":"closed","template":"modelo_2.php","meta":[],"acf":[],"_links":{"self":[{"href":"https:\/\/www.uninter.com\/pesquisa\/wp-json\/wp\/v2\/pages\/174"}],"collection":[{"href":"https:\/\/www.uninter.com\/pesquisa\/wp-json\/wp\/v2\/pages"}],"about":[{"href":"https:\/\/www.uninter.com\/pesquisa\/wp-json\/wp\/v2\/types\/page"}],"author":[{"embeddable":true,"href":"https:\/\/www.uninter.com\/pesquisa\/wp-json\/wp\/v2\/users\/1"}],"replies":[{"embeddable":true,"href":"https:\/\/www.uninter.com\/pesquisa\/wp-json\/wp\/v2\/comments?post=174"}],"version-history":[{"count":14,"href":"https:\/\/www.uninter.com\/pesquisa\/wp-json\/wp\/v2\/pages\/174\/revisions"}],"predecessor-version":[{"id":555,"href":"https:\/\/www.uninter.com\/pesquisa\/wp-json\/wp\/v2\/pages\/174\/revisions\/555"}],"wp:attachment":[{"href":"https:\/\/www.uninter.com\/pesquisa\/wp-json\/wp\/v2\/media?parent=174"}],"curies":[{"name":"wp","href":"https:\/\/api.w.org\/{rel}","templated":true}]}}