{"id":172,"date":"2017-12-20T15:53:25","date_gmt":"2017-12-20T17:53:25","guid":{"rendered":"https:\/\/www.uninter.com\/pesquisa-\/?page_id=172"},"modified":"2020-09-02T09:13:37","modified_gmt":"2020-09-02T12:13:37","slug":"programa-institucional-de-bolsas-de-iniciacao-cientifica-pibib","status":"publish","type":"page","link":"https:\/\/www.uninter.com\/pesquisa\/programa-institucional-de-bolsas-de-iniciacao-cientifica-pibib\/","title":{"rendered":"Programa Institucional de Bolsas de Inicia\u00e7\u00e3o \u00e0 Doc\u00eancia &#8211; PIBID"},"content":{"rendered":"<div id=\"pl-172\"  class=\"panel-layout\" >\n<div id=\"pg-172-0\"  class=\"panel-grid panel-no-style\" >\n<div id=\"pgc-172-0-0\"  class=\"panel-grid-cell panel-grid-cell-empty\"  data-weight=\"1\" ><\/div>\n<\/div>\n<div id=\"pg-172-1\"  class=\"panel-grid panel-no-style\" >\n<div id=\"pgc-172-1-0\"  class=\"panel-grid-cell\"  data-weight=\"1\" >\n<div id=\"panel-172-1-0-0\" class=\"so-panel widget widget_sow-headline panel-first-child panel-last-child\" data-index=\"0\" data-style=\"{&quot;background_image_attachment&quot;:false,&quot;background_display&quot;:&quot;tile&quot;}\" >[siteorigin_widget class=&#8221;SiteOrigin_Widget_Headline_Widget&#8221;]<input type=\"hidden\" value=\"{&quot;instance&quot;:{&quot;headline&quot;:{&quot;text&quot;:&quot;APRESENTA\\u00c7\\u00c3O - PIBID&quot;,&quot;destination_url&quot;:&quot;&quot;,&quot;tag&quot;:&quot;h1&quot;,&quot;color&quot;:&quot;#333333&quot;,&quot;hover_color&quot;:&quot;#140000&quot;,&quot;font&quot;:&quot;Dosis:500&quot;,&quot;font_size&quot;:&quot;30px&quot;,&quot;font_size_unit&quot;:&quot;px&quot;,&quot;align&quot;:&quot;center&quot;,&quot;line_height&quot;:&quot;2px&quot;,&quot;line_height_unit&quot;:&quot;px&quot;,&quot;margin&quot;:false,&quot;margin_unit&quot;:&quot;px&quot;,&quot;so_field_container_state&quot;:&quot;open&quot;,&quot;new_window&quot;:false},&quot;sub_headline&quot;:{&quot;text&quot;:&quot;A Coordena\\u00e7\\u00e3o de Pesquisa acompanha e d\\u00e1 assist\\u00eancia, quando necess\\u00e1rio, aos trabalhos realizados pelo PIBID. O Programa Institucional de Bolsas de Inicia\\u00e7\\u00e3o \\u00e0 Doc\\u00eancia - PIBID, atualmente, encontra-se sob a coordena\\u00e7\\u00e3o da professora Dra. Desir\\u00e9 Luciane Dominchek que est\\u00e1 vinculada ao curso de Pedagogia. Com enfoque no aperfei\\u00e7oamento e na valoriza\\u00e7\\u00e3o da forma\\u00e7\\u00e3o de professores para a educa\\u00e7\\u00e3o b\\u00e1sica, este programa concede bolsas a alunos de licenciatura em Pedagogia - Projeto PIBID UNINTER -, que participam de subprojetos desenvolvidos em seu curso. O PIBID possui atividades na institui\\u00e7\\u00e3o e nas escolas parceiras, que promovem a inser\\u00e7\\u00e3o dos estudantes no contexto da escola p\\u00fablica iniciando-os no exerc\\u00edcio da pr\\u00e1tica docente nas escolas de educa\\u00e7\\u00e3o b\\u00e1sica da rede p\\u00fablica de ensino.&quot;,&quot;destination_url&quot;:&quot;&quot;,&quot;tag&quot;:&quot;h3&quot;,&quot;color&quot;:&quot;#333333&quot;,&quot;hover_color&quot;:false,&quot;font&quot;:&quot;Nunito:300&quot;,&quot;font_size&quot;:false,&quot;font_size_unit&quot;:&quot;px&quot;,&quot;align&quot;:&quot;justify&quot;,&quot;line_height&quot;:false,&quot;line_height_unit&quot;:&quot;px&quot;,&quot;margin&quot;:false,&quot;margin_unit&quot;:&quot;px&quot;,&quot;so_field_container_state&quot;:&quot;open&quot;,&quot;new_window&quot;:false},&quot;divider&quot;:{&quot;style&quot;:&quot;solid&quot;,&quot;color&quot;:&quot;#e5e5e5&quot;,&quot;thickness&quot;:1,&quot;align&quot;:&quot;center&quot;,&quot;width&quot;:&quot;110px&quot;,&quot;width_unit&quot;:&quot;px&quot;,&quot;margin&quot;:false,&quot;margin_unit&quot;:&quot;px&quot;,&quot;so_field_container_state&quot;:&quot;open&quot;},&quot;order&quot;:[&quot;headline&quot;,&quot;divider&quot;,&quot;sub_headline&quot;],&quot;fittext_compressor&quot;:0,&quot;_sow_form_id&quot;:&quot;56b8da4582ebc&quot;,&quot;_sow_form_timestamp&quot;:&quot;1565614927761&quot;,&quot;fittext&quot;:false},&quot;args&quot;:{&quot;before_widget&quot;:&quot;&lt;div id=\\&quot;panel-172-1-0-0\\&quot; class=\\&quot;so-panel widget widget_sow-headline panel-first-child panel-last-child\\&quot; data-index=\\&quot;0\\&quot; data-style=\\&quot;{&amp;quot;background_image_attachment&amp;quot;:false,&amp;quot;background_display&amp;quot;:&amp;quot;tile&amp;quot;}\\&quot; &gt;&quot;,&quot;after_widget&quot;:&quot;&lt;\\\/div&gt;&quot;,&quot;before_title&quot;:&quot;&lt;h3 class=\\&quot;widget-title\\&quot;&gt;&quot;,&quot;after_title&quot;:&quot;&lt;\\\/h3&gt;&quot;,&quot;widget_id&quot;:&quot;widget-1-0-0&quot;}}\" \/>[\/siteorigin_widget]<\/div>\n<\/div>\n<\/div>\n<div id=\"pg-172-2\"  class=\"panel-grid panel-no-style\" >\n<div id=\"pgc-172-2-0\"  class=\"panel-grid-cell\"  data-weight=\"1\" >\n<div id=\"panel-172-2-0-0\" class=\"so-panel widget widget_sow-editor panel-first-child panel-last-child\" data-index=\"1\" data-style=\"{&quot;background_image_attachment&quot;:false,&quot;background_display&quot;:&quot;tile&quot;}\" >\n<div class=\"so-widget-sow-editor so-widget-sow-editor-base\">\n<div class=\"siteorigin-widget-tinymce textwidget\">\n<h1><strong>EDITAIS<\/strong><\/h1>\n<p>2020<\/p>\n<p>EDITAL DE RESULTADO:\u00a0<a href=\"https:\/\/www.uninter.com\/pesquisa\/wp-content\/uploads\/2020\/09\/EDITAL-14-2020_REITORIA_RESULTADO-PRE-SELECAO-DISCENTE-PIBID-CAPES.pdf\">EDITAL 14 2020_REITORIA_RESULTADO PRE-SELECAO DISCENTE PIBID CAPES<\/a>\u00a0<\/p>\n<p>DISCENTE: <a href=\"https:\/\/www.uninter.com\/pesquisa\/wp-content\/uploads\/2020\/08\/EDITAL-12-2020_REITORIA_PRE-SELECAO-DISCENTE-PIBID-CAPES.pdf\">EDITAL 12 2020_REITORIA_PRE-SELECAO DISCENTE PIBID CAPES<\/a><\/p>\n<p>SUPERVISOR: <a href=\"https:\/\/www.uninter.com\/pesquisa\/wp-content\/uploads\/2020\/08\/EDITAL-13-2020_REITORIA_PRE-SELECAO-SUPERVISOR-PIBID-CAPES.pdf\">EDITAL 13 2020_REITORIA_PRE-SELECAO SUPERVISOR PIBID CAPES<\/a><\/p>\n<p>2019<\/p>\n<p><a href=\"https:\/\/www.uninter.com\/pesquisa\/wp-content\/uploads\/2019\/03\/EDITAL-19-2019_REITORIA_PROCESSO-SELETIVO-COORDENADOR-AREA-PIBID.pdf\">EDITAL 19 2019_REITORIA_PROCESSO SELETIVO COORDENADOR AREA PIBID<\/a><\/p>\n<p><a href=\"https:\/\/www.uninter.com\/pesquisa\/wp-content\/uploads\/2019\/04\/EDITAL-41-2019_REITORIA_PROCESSO-SELETIVO-PIBID.pdf\">EDITAL 41 2019_REITORIA_PROCESSO SELETIVO PIBID<\/a><\/p>\n<p><a href=\"https:\/\/www.uninter.com\/pesquisa\/wp-content\/uploads\/2019\/04\/EDITAL-42-2019_REITORIA_PROCESSO-SELETIVO-RP.pdf\">EDITAL 42 2019_REITORIA_PROCESSO SELETIVO RP<\/a><\/p>\n<p><a href=\"https:\/\/www.uninter.com\/pesquisa\/wp-content\/uploads\/2019\/05\/EDITAL-56-2019_REITORIA_RESULTADO-PROCESSO-SELETIVO-PIBID.pdf\">EDITAL 56 2019_REITORIA_RESULTADO PROCESSO SELETIVO PIBID<\/a><\/p>\n<p><a href=\"https:\/\/www.uninter.com\/pesquisa\/wp-content\/uploads\/2019\/05\/EDITAL-57-2019_REITORIA_RESULTADO-PROCESSO-SELETIVO-RP.pdf\">EDITAL 57 2019_REITORIA_RESULTADO PROCESSO SELETIVO RP<\/a><\/p>\n<\/div>\n<\/div>\n<\/div>\n<\/div>\n<\/div>\n<div id=\"pg-172-3\"  class=\"panel-grid panel-no-style\" >\n<div id=\"pgc-172-3-0\"  class=\"panel-grid-cell panel-grid-cell-empty\"  data-weight=\"1\" ><\/div>\n<\/div>\n<\/div>\n","protected":false},"excerpt":{"rendered":"<p>[siteorigin_widget class=&#8221;SiteOrigin_Widget_Headline_Widget&#8221;][\/siteorigin_widget] EDITAIS 2020 EDITAL DE RESULTADO:\u00a0EDITAL 14 2020_REITORIA_RESULTADO PRE-SELECAO DISCENTE PIBID CAPES\u00a0 DISCENTE: EDITAL 12 2020_REITORIA_PRE-SELECAO DISCENTE PIBID CAPES SUPERVISOR: EDITAL 13 2020_REITORIA_PRE-SELECAO SUPERVISOR PIBID CAPES 2019 EDITAL 19 2019_REITORIA_PROCESSO SELETIVO COORDENADOR AREA PIBID EDITAL 41 2019_REITORIA_PROCESSO SELETIVO PIBID EDITAL 42 2019_REITORIA_PROCESSO SELETIVO RP EDITAL 56 2019_REITORIA_RESULTADO PROCESSO SELETIVO PIBID EDITAL 57 2019_REITORIA_RESULTADO PROCESSO [&hellip;]<\/p>\n","protected":false},"author":1,"featured_media":0,"parent":0,"menu_order":0,"comment_status":"closed","ping_status":"closed","template":"home-panels.php","meta":[],"acf":[],"_links":{"self":[{"href":"https:\/\/www.uninter.com\/pesquisa\/wp-json\/wp\/v2\/pages\/172"}],"collection":[{"href":"https:\/\/www.uninter.com\/pesquisa\/wp-json\/wp\/v2\/pages"}],"about":[{"href":"https:\/\/www.uninter.com\/pesquisa\/wp-json\/wp\/v2\/types\/page"}],"author":[{"embeddable":true,"href":"https:\/\/www.uninter.com\/pesquisa\/wp-json\/wp\/v2\/users\/1"}],"replies":[{"embeddable":true,"href":"https:\/\/www.uninter.com\/pesquisa\/wp-json\/wp\/v2\/comments?post=172"}],"version-history":[{"count":29,"href":"https:\/\/www.uninter.com\/pesquisa\/wp-json\/wp\/v2\/pages\/172\/revisions"}],"predecessor-version":[{"id":1677,"href":"https:\/\/www.uninter.com\/pesquisa\/wp-json\/wp\/v2\/pages\/172\/revisions\/1677"}],"wp:attachment":[{"href":"https:\/\/www.uninter.com\/pesquisa\/wp-json\/wp\/v2\/media?parent=172"}],"curies":[{"name":"wp","href":"https:\/\/api.w.org\/{rel}","templated":true}]}}