{"id":168,"date":"2017-12-20T15:44:53","date_gmt":"2017-12-20T17:44:53","guid":{"rendered":"https:\/\/www.uninter.com\/pesquisa-\/?page_id=168"},"modified":"2026-03-24T08:30:54","modified_gmt":"2026-03-24T11:30:54","slug":"programa-de-pesquisa-docente-ppd","status":"publish","type":"page","link":"https:\/\/www.uninter.com\/pesquisa\/programa-de-pesquisa-docente-ppd\/","title":{"rendered":"Programa de Pesquisa Docente &#8211; PPD"},"content":{"rendered":"<p><strong>APRESENTA\u00c7\u00c3O<\/strong><\/p>\n<p>O Programa de Pesquisa Docente &#8211; PPD, instaurado em 2012, tem o objetivo de incentivar a pesquisa entre docentes, promovendo a produ\u00e7\u00e3o de conhecimento dos professores pesquisadores, institucionalizando as atividades de pesquisa e intensificando o di\u00e1logo entre a gradua\u00e7\u00e3o, lato sensu e stricto sensu. Esse di\u00e1logo ocorre de forma satisfat\u00f3ria na medida em que o Projeto de Pesquisa, para ser realizado, conta com o envolvimento e intera\u00e7\u00e3o entre professores doutores (l\u00edderes da pesquisa), professores colaboradores (doutores, mestres e especialistas) e alunos de p\u00f3s-gradua\u00e7\u00e3o e alunos de gradua\u00e7\u00e3o. \u00c0 Coordena\u00e7\u00e3o de Pesquisa cabe a organiza\u00e7\u00e3o, acompanhamento e registro no CNPq dos Grupos de Pesquisa, Linhas de Pesquisa e Projetos de Pesquisa desenvolvidos na institui\u00e7\u00e3o. Os Grupos de Pesquisa s\u00e3o organizados de acordo com o que preconiza o CNPq e, em sua maioria, est\u00e3o vinculados a um programa de mestrado. O Projeto de Pesquisa, necessariamente, deve estar vinculado a uma Linha de Pesquisa que, por sua vez, est\u00e1 vinculada a um Grupo de Pesquisa. A Coordena\u00e7\u00e3o de Pesquisa apoia todo o processo de instaura\u00e7\u00e3o e manuten\u00e7\u00e3o das atividades de pesquisa, sendo a respons\u00e1vel pelo registro do professor coordenador do Grupo de Pesquisa no CNPq. Prof\u00aa. Dr.\u00aa Desir\u00e9 Luciane Dominschek Lima Coordenadora de Pesquisa e Publica\u00e7\u00f5es Acad\u00eamicas. Telefone: (41) 3311 5603 \/ E-mail: pesquisa@uninter.com<\/p>\n<p><strong>RESOLU\u00c7\u00c3O DO PROGRAMA DE PESQUISA DOCENTE\u00a0<\/strong><br \/>\n<a href=\"https:\/\/www.uninter.com\/pesquisa\/wp-content\/uploads\/2019\/11\/RESOLU\u00c7\u00c3O-12-PROGRAMA-DE-PESQUISA-DOCENTE.pdf\">Resolu\u00e7\u00e3o 12- Programa de Pesquisa Docente<\/a><\/p>\n<p><strong>RELA\u00c7\u00c3O DOS GRUPOS E LINHAS DE PESQUISA CADASTRADOS NO CNPQ<\/strong><\/p>\n<p><a href=\"https:\/\/www.uninter.com\/pesquisa\/wp-content\/uploads\/2025\/01\/Relacao-dos-Grupos-e-Linhas-de-Pesquisa-Retificado.pdf\"><strong>Rela\u00e7\u00e3o dos Grupos e Linhas de Pesquisa<\/strong><\/a><\/p>\n<p><strong>2025<\/strong><\/p>\n<p><a href=\"https:\/\/www.uninter.com\/pesquisa\/wp-content\/uploads\/2025\/10\/EDITAL-630-2025_PPD_RETIFICACAO-DE-PROJETO-DE-PESQUISA.pdf\">EDITAL-630-2025_PROGRAMA-DE-PESQUISA-DOCENTE_RETIFICACAO_HOMOLOGACAO_PROJETOS-DE-PESQUISA<\/a><\/p>\n<p><strong>2024<\/strong><\/p>\n<p><strong>EDITAIS DO PROGRAMA DE PESQUISA DOCENTE\u00a0<\/strong><\/p>\n<p><a href=\"https:\/\/www.uninter.com\/pesquisa\/wp-content\/uploads\/2024\/11\/EDITAL-87-2024_REITORIA_COORD_PPD_HOMOLOGACAO-DE-PROJETOS-DE-PESQUISA.pdf\">EDITAL N.\u00ba 87\/2024 &#8211; PPD \u2013 PROGRAMA DE PESQUISA DOCENTE &#8211; HOMOLOGA\u00c7\u00c3O DE PROJETOS DE PESQUISA APROVADOS<\/a><\/p>\n<p><a href=\"https:\/\/www.uninter.com\/pesquisa\/wp-content\/uploads\/2024\/06\/EDITAL-55-2024_Prorrogacao_e_Novos_Projetos_de_Pesquisa-2024-2025.pdf\"><strong>EDITAL 55 <\/strong><strong>2024_Prorrogacao_e_Novos_Projetos_de_Pesquisa<\/strong><\/a><\/p>\n<p><a href=\"https:\/\/www.uninter.com\/pesquisa\/wp-content\/uploads\/2024\/06\/EDITAl-58-2024_Homologacao-dos-Novos-Grupos-e-Linhas-Programa-de-Pesquisa-Docente-2024.pdf\">EDITAl 58 2024_Homologa\u00e7\u00e3o dos Novos Grupos e Linhas Programa de Pesquisa Docente 2024<\/a><\/p>\n<p><a href=\"https:\/\/www.uninter.com\/pesquisa\/wp-content\/uploads\/2024\/05\/EDITAL_37-2024_-_Programa_de_Pesquisa_Docente_Grupos_e_Linhas_2024_2800229_assinado.pdf\">EDITAL N.\u00ba 37\/2024 \u2013 PRPGPE &#8211; Coordena\u00e7\u00e3o de Pesquisa \u2013 Programa de Pesquisa Docente<\/a><\/p>\n<p><strong>2022<\/strong><\/p>\n<p><a href=\"https:\/\/www.uninter.com\/pesquisa\/wp-content\/uploads\/2022\/11\/EDITAL-PPD-N.-53_2022_-Homologa\u00e7\u00e3o-de-Novos-Projetos-de-Pesquisa-e-Projetos-Prorrogados-1.pdf\">EDITAL PPD N. 53_2022_ Homologa\u00e7\u00e3o de Novos Projetos de Pesquisa e Projetos Prorrogados<\/a><\/p>\n<p><a href=\"https:\/\/www.uninter.com\/pesquisa\/wp-content\/uploads\/2022\/11\/EDITAL-N\u00ba-06_2022_Prorroga\u00e7\u00e3o-e-Novos-Projetos-de-Pesquisa.pdf\">EDITAL N\u00ba 06_2022_Prorroga\u00e7\u00e3o e Novos Projetos de Pesquisa<\/a><\/p>\n<p><strong>2021<\/strong><\/p>\n<p><a href=\"https:\/\/www.uninter.com\/pesquisa\/wp-content\/uploads\/2022\/03\/EDITAL-PPD-N.-39_2021_-Homologa\u00e7\u00e3o-de-Novos-Projetos-de-Pesquisa-e-Projetos-Prorrogados.pdf\">EDITAL PPD N. 39_2021_ Homologa\u00e7\u00e3o de Novos Projetos de Pesquisa e Projetos Prorrogados<\/a><\/p>\n<p><a href=\"https:\/\/www.uninter.com\/pesquisa\/wp-content\/uploads\/2021\/10\/EDITAL-N\u00ba-05_2021_Prorroga\u00e7\u00e3o-e-Novos-Projetos-de-Pesquisa.pdf\">EDITAL N\u00ba 05_2021_Prorroga\u00e7\u00e3o e Novos Projetos de Pesquisa<\/a><\/p>\n<p><strong>2020<\/strong><\/p>\n<p><a href=\"https:\/\/www.uninter.com\/pesquisa\/wp-content\/uploads\/2020\/12\/EDITAL-PPD-N.-07_2020_-Homologa\u00e7\u00e3o-de-Novos-Projetos-de-Pesquisa-e-Projetos-Prorrogados-1.pdf\">EDITAL PPD N. 07_2020_ Homologa\u00e7\u00e3o de Novos Projetos de Pesquisa e Projetos Prorrogados<\/a><\/p>\n<p><a href=\"https:\/\/www.uninter.com\/pesquisa\/wp-content\/uploads\/2020\/10\/EDITAL-N\u00ba-05_2020_Prorroga\u00e7\u00e3o-e-Novos-Projetos-de-Pesquisa.pdf\">EDITAL N\u00ba 05_2020_Prorroga\u00e7\u00e3o e Novos Projetos de Pesquisa<\/a><\/p>\n<p><a href=\"https:\/\/www.uninter.com\/pesquisa\/wp-content\/uploads\/2020\/03\/EDITAL-PPD-N\u00ba-01_2020_Homologa\u00e7\u00e3o.pdf\">EDITAL_PPD_N.01_2020_Homologa\u00e7\u00e3o de Novos Grupos, Linhas e Projetos de Pesquisa<\/a><\/p>\n<p><strong>2019<\/strong><\/p>\n<p><a href=\"https:\/\/www.uninter.com\/pesquisa\/wp-content\/uploads\/2019\/12\/Edital-N\u00ba-08_2019_Prorroga\u00e7\u00e3o-e-Novos-Projetos-de-Pesquisa.pdf\">Edital N\u00ba 08_2019_Prorroga\u00e7\u00e3o e Novos Projetos de Pesquisa<\/a><\/p>\n<p><a href=\"https:\/\/www.uninter.com\/pesquisa\/wp-content\/uploads\/2019\/11\/EDITAL-PPD-N.-01_2019-Homologa\u00e7\u00e3o-de-Novos-Grupos-Linhas-e-Projetos-de-Pesquisa.pdf\">EDITAL PPD N. 01_2019 Homologa\u00e7\u00e3o de Novos Grupos, Linhas e Projetos de Pesquisa<\/a><\/p>\n<p>&nbsp;<\/p>\n<p><strong>Editais &#8211; Conselho de Pesquisa<\/strong><\/p>\n<p>EDITAL: <a href=\"https:\/\/www.uninter.com\/pesquisa\/wp-content\/uploads\/2025\/04\/EDITAL-316-2025-_Membros-do-conselho-de-pesquisa-2025.pdf\">N\u00ba 316\/2025_SELE\u00c7\u00c3O DOS NOVOS MEMBROS DO CONSELHO DE PESQUISA -UNINTER<\/a> (Encerrado)<\/p>\n<p><strong>CONSELHO DE PESQUISA<\/strong><\/p>\n<p>Cabe ao Conselho de Pesquisa estimular as investiga\u00e7\u00f5es cient\u00edficas, principalmente as que possuem car\u00e1ter interdisciplinar. Compete ao Conselho, tamb\u00e9m, tra\u00e7ar as diretrizes que nortear\u00e3o a a\u00e7\u00e3o da universidade no campo da pesquisa, obedecidas \u00e0s normas gerais fixadas pelo Conselho Universit\u00e1rio, bem como zelar, por interm\u00e9dio de avalia\u00e7\u00f5es permanentes, pela qualidade do trabalho e adequa\u00e7\u00e3o dos meios \u00e0s finalidades de cada programa. Cada \u00e1rea do conhecimento \u00e9 representada por um professor. Isto posto, integram o Conselho de Pesquisa<\/p>\n<p><strong>MEMBROS DO CONSELHO DE PESQUISA<\/strong><br \/>\nProf.\u00aa Dr.\u00aa Desir\u00e9 Luciane Dominschek Lima<br \/>\nCoordenadora do Conselho de Pesquisa<\/p>\n<p>Prof.\u00aa Dr.\u00aa Aleksandra Sliwowska Bartsch Cabrita<\/p>\n<p>Prof.\u00aa Dr.\u00aa Aline Mara Gumz Eberspacher<\/p>\n<p>Prof.\u00aa Dr.\u00aa Ana Carolina Tedeschi Gomes Abrantes<\/p>\n<p>Prof. Dr. Claudio Aurelio Hernandes<\/p>\n<p>Prof.\u00aa Dr.\u00aa Cleci Elisa Albiero<\/p>\n<p>Prof. Dr. Daniel Ferreira<\/p>\n<p>Prof.\u00aa Dr.\u00aa D\u00e9bora Cristina Veneral<\/p>\n<p>Prof.\u00aa Dr.\u00aa Dinamara Pereira Machado<\/p>\n<p>Prof.\u00aa Dr.\u00aa Glaucia da Silva Brito<\/p>\n<p>Prof.\u00aa Dr.\u00aa Ivana Maria Saes Busato<\/p>\n<p>Prof. Dr. Jailson de Souza Araujo<\/p>\n<p>Prof. Dr. Lucas Massimo Tonial Antunes de Souza<\/p>\n<p>Prof. Dr. Marcos Baroncini Proen\u00e7a<\/p>\n<p>Prof.\u00aa Dr.\u00aa Tatiane Calve<\/p>\n<p><a href=\"https:\/\/www.uninter.com\/pesquisa\/wp-content\/uploads\/2026\/03\/CONSELHO-DE-PESQUISA_AGENDA-DE-REUNIOES-2026.pdf\">AGENDA DE REUNI\u00d5ES ORDIN\u00c1RIAS &#8211; <\/a><a href=\"https:\/\/www.uninter.com\/pesquisa\/wp-content\/uploads\/2026\/03\/CONSELHO-DE-PESQUISA_AGENDA-DE-REUNIOES-2026.pdf\">CONSELHO DE PESQUISA_<\/a><a href=\"https:\/\/www.uninter.com\/pesquisa\/wp-content\/uploads\/2026\/03\/CONSELHO-DE-PESQUISA_AGENDA-DE-REUNIOES-2026.pdf\">2026<\/a><\/p>\n<p><a href=\"https:\/\/www.uninter.com\/pesquisa\/wp-content\/uploads\/2026\/03\/Agenda-de-reunioes-2026.pdf\">AGENDA DE REUNI\u00d5ES ORDIN\u00c1RIAS &#8211; PPD_2026<\/a><\/p>\n","protected":false},"excerpt":{"rendered":"<p>APRESENTA\u00c7\u00c3O O Programa de Pesquisa Docente &#8211; PPD, instaurado em 2012, tem o objetivo de incentivar a pesquisa entre docentes, promovendo a produ\u00e7\u00e3o de conhecimento dos professores pesquisadores, institucionalizando as atividades de pesquisa e intensificando o di\u00e1logo entre a gradua\u00e7\u00e3o, lato sensu e stricto sensu. Esse di\u00e1logo ocorre de forma satisfat\u00f3ria na medida em que [&hellip;]<\/p>\n","protected":false},"author":1,"featured_media":0,"parent":0,"menu_order":0,"comment_status":"closed","ping_status":"closed","template":"","meta":[],"acf":[],"_links":{"self":[{"href":"https:\/\/www.uninter.com\/pesquisa\/wp-json\/wp\/v2\/pages\/168"}],"collection":[{"href":"https:\/\/www.uninter.com\/pesquisa\/wp-json\/wp\/v2\/pages"}],"about":[{"href":"https:\/\/www.uninter.com\/pesquisa\/wp-json\/wp\/v2\/types\/page"}],"author":[{"embeddable":true,"href":"https:\/\/www.uninter.com\/pesquisa\/wp-json\/wp\/v2\/users\/1"}],"replies":[{"embeddable":true,"href":"https:\/\/www.uninter.com\/pesquisa\/wp-json\/wp\/v2\/comments?post=168"}],"version-history":[{"count":142,"href":"https:\/\/www.uninter.com\/pesquisa\/wp-json\/wp\/v2\/pages\/168\/revisions"}],"predecessor-version":[{"id":3254,"href":"https:\/\/www.uninter.com\/pesquisa\/wp-json\/wp\/v2\/pages\/168\/revisions\/3254"}],"wp:attachment":[{"href":"https:\/\/www.uninter.com\/pesquisa\/wp-json\/wp\/v2\/media?parent=168"}],"curies":[{"name":"wp","href":"https:\/\/api.w.org\/{rel}","templated":true}]}}