{"id":29,"date":"2021-06-10T15:34:10","date_gmt":"2021-06-10T18:34:10","guid":{"rendered":"https:\/\/wwwdev.uninter.com\/topinovacao\/?page_id=29"},"modified":"2024-03-04T08:45:28","modified_gmt":"2024-03-04T11:45:28","slug":"home","status":"publish","type":"page","link":"https:\/\/www.uninter.com\/ipsei-aceleradora\/","title":{"rendered":"IPSEI ACELERADORA UNINTER"},"content":{"rendered":"\r\n<p>Se voc\u00ea, aluno ou ex-aluno da Uninter, tem um projeto inovador, economicamente vi\u00e1vel e com uma pegada sustent\u00e1vel, esta \u00e9 a oportunidade de v\u00ea-lo decolar! A Escola Polit\u00e9cnica da Uninter est\u00e1 lan\u00e7ando a Ipsei, Aceleradora Uninter para incentivar o desenvolvimento de produtos que ultrapassem a etapa de prot\u00f3tipos.<\/p>\r\n<p>&nbsp;<\/p>\r\n<h2><strong>Para que serve a Ipsei?<\/strong><\/h2>\r\n<!-- \/wp:heading -->\r\n\r\n<!-- wp:paragraph {\"align\":\"center\"} -->\r\n<p class=\"has-text-align-center\">\u2014 Selecionar ideias inovadoras com o objetivo de:<\/p>\r\n<!-- \/wp:paragraph -->\r\n\r\n<!-- wp:paragraph {\"align\":\"center\"} -->\r\n<p class=\"has-text-align-center\">\u2014 fomentar o desenvolvimento cient\u00edfico e tecnol\u00f3gico;<\/p>\r\n<!-- \/wp:paragraph -->\r\n\r\n<!-- wp:paragraph {\"align\":\"center\"} -->\r\n<p class=\"has-text-align-center\">\u2014 promover a entrada de alunos no mercado de trabalho.<\/p>\r\n<!-- \/wp:paragraph -->\r\n\r\n<!-- wp:paragraph -->\r\n<p>&nbsp;<\/p>\r\n<!-- \/wp:paragraph -->\r\n\r\n<!-- wp:heading -->\r\n<h2><strong>Quem pode participar?<\/strong><\/h2>\r\n<p>Alunos matriculados ativos e egressos de cursos de<strong> gradua\u00e7\u00e3o da UNINTER<\/strong>, que tenham criado projetos individuais ou em equipe.<\/p>\r\n<p>Pessoas da comunidade podem fazer parte de uma equipe, desde que nesta equipe haja um aluno\/egresso da UNINTER.<\/p>\r\n<!-- \/wp:heading -->\r\n\r\n<!-- wp:paragraph {\"align\":\"center\"} --><!-- \/wp:paragraph -->\r\n\r\n<!-- wp:paragraph -->\r\n<p>&nbsp;<\/p>\r\n<!-- \/wp:paragraph -->\r\n<p>&nbsp;<\/p>\r\n<!-- wp:separator --><hr class=\"wp-block-separator\" \/><!-- \/wp:separator -->\r\n<p>&nbsp;<\/p>\r\n<p>&nbsp;<\/p>\r\n<!-- wp:heading {\"textAlign\":\"center\"} -->\r\n<p class=\"has-text-align-center\">\u00a0<\/p>\r\n<!-- \/wp:paragraph -->\r\n\r\n<!-- wp:paragraph -->\r\n<p>&nbsp;<\/p>\r\n<!-- \/wp:paragraph -->","protected":false},"excerpt":{"rendered":"<div class=\"slide-text-bg2\"><span>Se voc\u00ea, aluno ou ex-aluno da Uninter, tem um projeto inovador, economicamente vi\u00e1vel e com uma pegada sustent\u00e1vel, esta \u00e9 a oportunidade de v\u00ea-lo dec<\/span><\/div>\n<div class=\"slide-btn-area-sm\"><a href=\"https:\/\/www.uninter.com\/ipsei-aceleradora\/\" class=\"slide-btn-sm\">Ler mais<\/a><\/div>\n","protected":false},"author":1,"featured_media":587,"parent":0,"menu_order":0,"comment_status":"closed","ping_status":"closed","template":"template-homepage.php","meta":[],"acf":[],"_links":{"self":[{"href":"https:\/\/www.uninter.com\/ipsei-aceleradora\/wp-json\/wp\/v2\/pages\/29"}],"collection":[{"href":"https:\/\/www.uninter.com\/ipsei-aceleradora\/wp-json\/wp\/v2\/pages"}],"about":[{"href":"https:\/\/www.uninter.com\/ipsei-aceleradora\/wp-json\/wp\/v2\/types\/page"}],"author":[{"embeddable":true,"href":"https:\/\/www.uninter.com\/ipsei-aceleradora\/wp-json\/wp\/v2\/users\/1"}],"replies":[{"embeddable":true,"href":"https:\/\/www.uninter.com\/ipsei-aceleradora\/wp-json\/wp\/v2\/comments?post=29"}],"version-history":[{"count":73,"href":"https:\/\/www.uninter.com\/ipsei-aceleradora\/wp-json\/wp\/v2\/pages\/29\/revisions"}],"predecessor-version":[{"id":992,"href":"https:\/\/www.uninter.com\/ipsei-aceleradora\/wp-json\/wp\/v2\/pages\/29\/revisions\/992"}],"wp:featuredmedia":[{"embeddable":true,"href":"https:\/\/www.uninter.com\/ipsei-aceleradora\/wp-json\/wp\/v2\/media\/587"}],"wp:attachment":[{"href":"https:\/\/www.uninter.com\/ipsei-aceleradora\/wp-json\/wp\/v2\/media?parent=29"}],"curies":[{"name":"wp","href":"https:\/\/api.w.org\/{rel}","templated":true}]}}