{"id":17,"date":"2021-06-10T15:27:10","date_gmt":"2021-06-10T18:27:10","guid":{"rendered":"https:\/\/wwwdev.uninter.com\/topinovacao\/?page_id=17"},"modified":"2026-03-30T13:59:55","modified_gmt":"2026-03-30T16:59:55","slug":"cases-de-sucesso","status":"publish","type":"page","link":"https:\/\/www.uninter.com\/ipsei-aceleradora\/cases-de-sucesso\/","title":{"rendered":"Cases de sucesso"},"content":{"rendered":"<div class=\"media\">\n<p><strong>Relato do aluno Erick Rodrigues da Silva, de Engenharia da Computa\u00e7\u00e3o, respons\u00e1vel pelo projeto de Dispositivo para Possuidores de Defici\u00eancia Visual:<\/strong><br \/>\n<img loading=\"lazy\" class=\"alignnone wp-image-750\" style=\"float: left; margin-right: 1em; margin-top: 1em;\" src=\"https:\/\/www.uninter.com\/ipsei-aceleradora\/wp-content\/uploads\/2024\/07\/Dispositivo-para-Possuidores-de-Deficiencia-Visual.jpeg\" alt=\"\" width=\"300\" height=\"300\" \/><\/p>\n<p>Atrav\u00e9s da apresenta\u00e7\u00e3o do projeto organizada pela IPSEI, pude conhecer grandes nomes na \u00e1rea acad\u00eamica e empresarial.<\/p>\n<div class=\"media-body\" style=\"border-bottom: 0px solid #eeeeee;\">\n<p class=\"card-text\">Recebi o convite do mentor de startups, Leonardo Resende, para participar da Campus Party Bras\u00edlia \u2013 CPBSB6 \u2013 onde tive contato com um verdadeiro networking, conhecendo empresas, estudantes e entusiastas de todo o Brasil, gerando conex\u00f5es e agregando um conhecimento indescrit\u00edvel.<\/p>\n<p class=\"card-text\">Tamb\u00e9m recebi a oportunidade de subir ao palco do evento e trabalhar na acessibilidade dos autistas pela startup autistech.<\/p>\n<p class=\"card-text\">Em suma, todo o percurso trilhado no programa da aceleradora foi uma experi\u00eancia incr\u00edvel! Um caminho que acelerou n\u00e3o s\u00f3 o projeto, mas tamb\u00e9m toda a minha constru\u00e7\u00e3o e evolu\u00e7\u00e3o profissional.<\/p>\n<\/div>\n<div class=\"card-header\">Instagram:<\/div>\n<div class=\"card-body\"><a class=\"card-title\" href=\"https:\/\/www.instagram.com\/reel\/C5Wf_MnBbQy\/?igsh=MTMzMThkNGZlaGlvdw==\" target=\"_blank\" rel=\"noopener\"> https:\/\/www.instagram.com\/reel\/C5Wf_MnBbQy\/?igsh=MTMzMThkNGZlaGlvdw==<\/a><\/div>\n<\/div>\n<p>&nbsp;<\/p>\n<p>&nbsp;<\/p>\n<div class=\"card\" style=\"border-top: 1px solid #eeeeee; padding-top: 1em;\">\n<div>\n<p><strong><br \/>\nRelato do egresso em Engenharia El\u00e9trica Antonio Tadeu Corr\u00eaa Bueno, e da Especialista em Engenharia da Qualidade Camila Adrieli Alvalaz Nicolau, respons\u00e1veis pelo projeto de analisador de cabos:<\/strong><\/p>\n<p><img loading=\"lazy\" class=\"size-medium wp-image-1409 alignleft\" src=\"https:\/\/www.uninter.com\/ipsei-aceleradora\/wp-content\/uploads\/2026\/03\/case-sucesso-IPSEI-30032026-296x300.jpg\" alt=\"\" width=\"296\" height=\"300\" srcset=\"https:\/\/www.uninter.com\/ipsei-aceleradora\/wp-content\/uploads\/2026\/03\/case-sucesso-IPSEI-30032026-296x300.jpg 296w, https:\/\/www.uninter.com\/ipsei-aceleradora\/wp-content\/uploads\/2026\/03\/case-sucesso-IPSEI-30032026.jpg 399w\" sizes=\"(max-width: 296px) 100vw, 296px\" \/><\/p>\n<\/div>\n<div>\n<p>A parceria da IPSEI proporcionou uma acelera\u00e7\u00e3o em nosso projeto de analisador de cabos, um equipamento que realiza testes importantes para garantir a qualidade dos cabos utilizados nas ind\u00fastrias, identificando problemas como curto-circuito ou circuito aberto.<\/p>\n<p>Durante o projeto, tamb\u00e9m tivemos a oportunidade de ampliar nossos conhecimentos com o aux\u00edlio dos professores, aprendendo sobre comunica\u00e7\u00e3o via USB, sobre o sistema operacional do Raspberry Pi, que seria utilizado para a comunica\u00e7\u00e3o com a impressora e sobre display touch-screen.<\/p>\n<p>Com o avan\u00e7o constante da tecnologia, a IPSEI n\u00e3o apenas contribuiu para o desenvolvimento do equipamento, mas tamb\u00e9m para a nossa forma\u00e7\u00e3o profissional, permitindo que aplic\u00e1ssemos na pr\u00e1tica tecnologias atuais e que continuar\u00e3o evoluindo ao longo da nossa carreira.<\/p>\n<\/div>\n<div><\/div>\n<\/div>\n","protected":false},"excerpt":{"rendered":"<div class=\"slide-text-bg2\"><span>Relato do aluno Erick Rodrigues da Silva, de Engenharia da Computa\u00e7\u00e3o, respons\u00e1vel pelo projeto de Dispositivo para Possuidores de Defici\u00eancia Visual: <\/span><\/div>\n<div class=\"slide-btn-area-sm\"><a href=\"https:\/\/www.uninter.com\/ipsei-aceleradora\/cases-de-sucesso\/\" class=\"slide-btn-sm\">Ler mais<\/a><\/div>\n","protected":false},"author":1,"featured_media":0,"parent":0,"menu_order":0,"comment_status":"closed","ping_status":"closed","template":"","meta":[],"acf":[],"_links":{"self":[{"href":"https:\/\/www.uninter.com\/ipsei-aceleradora\/wp-json\/wp\/v2\/pages\/17"}],"collection":[{"href":"https:\/\/www.uninter.com\/ipsei-aceleradora\/wp-json\/wp\/v2\/pages"}],"about":[{"href":"https:\/\/www.uninter.com\/ipsei-aceleradora\/wp-json\/wp\/v2\/types\/page"}],"author":[{"embeddable":true,"href":"https:\/\/www.uninter.com\/ipsei-aceleradora\/wp-json\/wp\/v2\/users\/1"}],"replies":[{"embeddable":true,"href":"https:\/\/www.uninter.com\/ipsei-aceleradora\/wp-json\/wp\/v2\/comments?post=17"}],"version-history":[{"count":16,"href":"https:\/\/www.uninter.com\/ipsei-aceleradora\/wp-json\/wp\/v2\/pages\/17\/revisions"}],"predecessor-version":[{"id":1417,"href":"https:\/\/www.uninter.com\/ipsei-aceleradora\/wp-json\/wp\/v2\/pages\/17\/revisions\/1417"}],"wp:attachment":[{"href":"https:\/\/www.uninter.com\/ipsei-aceleradora\/wp-json\/wp\/v2\/media?parent=17"}],"curies":[{"name":"wp","href":"https:\/\/api.w.org\/{rel}","templated":true}]}}