{"id":119,"date":"2021-07-01T08:51:36","date_gmt":"2021-07-01T11:51:36","guid":{"rendered":"https:\/\/wwwdev.uninter.com\/topinovacao\/?page_id=119"},"modified":"2024-03-04T08:56:21","modified_gmt":"2024-03-04T11:56:21","slug":"areas-tematicas","status":"publish","type":"page","link":"https:\/\/www.uninter.com\/ipsei-aceleradora\/areas-tematicas\/","title":{"rendered":"\u00c1reas tem\u00e1ticas"},"content":{"rendered":"\r\n<p>O que Albert Einstein, Nikola Tesla, Graham Bell e Steve Jobs t\u00eam em comum? Essa \u00e9 f\u00e1cil de responder, hein! Todos foram grandes inventores e transformaram o mundo.<\/p>\r\n\r\n\r\n\r\n<p>S\u00f3 que nenhuma ideia sai do papel se n\u00e3o tiver um empurr\u00e3ozinho, certo? Por isso, a Escola Polit\u00e9cnica est\u00e1 lan\u00e7ando a <strong>Ipsei, Aceleradora Uninter<\/strong> que impulsiona projetos criados por alunos e ex-alunos. Quem sabe voc\u00ea n\u00e3o ser\u00e1 o pr\u00f3ximo Thomas Edison?<\/p>\r\n\r\n\r\n\r\n<p>As propostas devem seguir as seguintes \u00e1reas:<\/p>\r\n","protected":false},"excerpt":{"rendered":"<div class=\"slide-text-bg2\"><span>O que Albert Einstein, Nikola Tesla, Graham Bell e Steve Jobs t\u00eam em comum? Essa \u00e9 f\u00e1cil de responder, hein! Todos foram grandes inventores e transforma<\/span><\/div>\n<div class=\"slide-btn-area-sm\"><a href=\"https:\/\/www.uninter.com\/ipsei-aceleradora\/areas-tematicas\/\" class=\"slide-btn-sm\">Ler mais<\/a><\/div>\n","protected":false},"author":1,"featured_media":0,"parent":0,"menu_order":0,"comment_status":"closed","ping_status":"closed","template":"template-categorias.php","meta":[],"acf":[],"_links":{"self":[{"href":"https:\/\/www.uninter.com\/ipsei-aceleradora\/wp-json\/wp\/v2\/pages\/119"}],"collection":[{"href":"https:\/\/www.uninter.com\/ipsei-aceleradora\/wp-json\/wp\/v2\/pages"}],"about":[{"href":"https:\/\/www.uninter.com\/ipsei-aceleradora\/wp-json\/wp\/v2\/types\/page"}],"author":[{"embeddable":true,"href":"https:\/\/www.uninter.com\/ipsei-aceleradora\/wp-json\/wp\/v2\/users\/1"}],"replies":[{"embeddable":true,"href":"https:\/\/www.uninter.com\/ipsei-aceleradora\/wp-json\/wp\/v2\/comments?post=119"}],"version-history":[{"count":44,"href":"https:\/\/www.uninter.com\/ipsei-aceleradora\/wp-json\/wp\/v2\/pages\/119\/revisions"}],"predecessor-version":[{"id":997,"href":"https:\/\/www.uninter.com\/ipsei-aceleradora\/wp-json\/wp\/v2\/pages\/119\/revisions\/997"}],"wp:attachment":[{"href":"https:\/\/www.uninter.com\/ipsei-aceleradora\/wp-json\/wp\/v2\/media?parent=119"}],"curies":[{"name":"wp","href":"https:\/\/api.w.org\/{rel}","templated":true}]}}