{"id":2649,"date":"2022-04-08T11:43:11","date_gmt":"2022-04-08T11:43:11","guid":{"rendered":"https:\/\/www.uninter.com\/galeriavirtual\/?page_id=2649"},"modified":"2022-09-13T13:04:10","modified_gmt":"2022-09-13T13:04:10","slug":"como-expor","status":"publish","type":"page","link":"https:\/\/www.uninter.com\/galeriavirtual\/como-expor\/","title":{"rendered":"Como Expor"},"content":{"rendered":"<p>Para expor o seu trabalho na Galeria Virtual ALMA, mantenha a aten\u00e7\u00e3o \u00e0s datas e per\u00edodos de editais de sele\u00e7\u00e3o.<\/p>\n","protected":false},"excerpt":{"rendered":"<p>Para expor o seu trabalho na Galeria Virtual ALMA, mantenha a aten\u00e7\u00e3o \u00e0s datas e per\u00edodos de editais de sele\u00e7\u00e3o.<\/p>\n","protected":false},"author":1,"featured_media":0,"parent":0,"menu_order":0,"comment_status":"closed","ping_status":"closed","template":"","meta":[],"acf":[],"_links":{"self":[{"href":"https:\/\/www.uninter.com\/galeriavirtual\/wp-json\/wp\/v2\/pages\/2649"}],"collection":[{"href":"https:\/\/www.uninter.com\/galeriavirtual\/wp-json\/wp\/v2\/pages"}],"about":[{"href":"https:\/\/www.uninter.com\/galeriavirtual\/wp-json\/wp\/v2\/types\/page"}],"author":[{"embeddable":true,"href":"https:\/\/www.uninter.com\/galeriavirtual\/wp-json\/wp\/v2\/users\/1"}],"replies":[{"embeddable":true,"href":"https:\/\/www.uninter.com\/galeriavirtual\/wp-json\/wp\/v2\/comments?post=2649"}],"version-history":[{"count":10,"href":"https:\/\/www.uninter.com\/galeriavirtual\/wp-json\/wp\/v2\/pages\/2649\/revisions"}],"predecessor-version":[{"id":2948,"href":"https:\/\/www.uninter.com\/galeriavirtual\/wp-json\/wp\/v2\/pages\/2649\/revisions\/2948"}],"wp:attachment":[{"href":"https:\/\/www.uninter.com\/galeriavirtual\/wp-json\/wp\/v2\/media?parent=2649"}],"curies":[{"name":"wp","href":"https:\/\/api.w.org\/{rel}","templated":true}]}}