{"id":935,"date":"2019-04-17T13:29:55","date_gmt":"2019-04-17T16:29:55","guid":{"rendered":"https:\/\/www.uninter.com\/biblioteca\/?page_id=935"},"modified":"2019-08-14T10:50:15","modified_gmt":"2019-08-14T13:50:15","slug":"artigos-selecionados","status":"publish","type":"page","link":"https:\/\/www.uninter.com\/biblioteca\/artigos-selecionados\/","title":{"rendered":"Artigos Selecionados"},"content":{"rendered":"<p><script src=\"https:\/\/code.jquery.com\/jquery-1.12.4.min.js\"><\/script><\/p>\n<h3>ESCOLA DE GEST\u00c3O P\u00daBLICA, POL\u00cdTICA, JUR\u00cdDICA E SEGURAN\u00c7A<\/h3>\n<p><button style=\"font-size: 20px;\" type=\"button\" onclick=\"if(document.getElementById('segPub').style.display=='block'){document.getElementById('segPub').style.display='none';}else{document.getElementById('segPub').style.display='block';};\">Seguran\u00e7a P\u00fablica<\/button><\/p>\n<ul id=\"segPub\" style=\"display: none;\">\n<li><a href=\"http:\/\/www.pmpr.pr.gov.br\/modules\/conteudo\/conteudo.php?conteudo=725\" target=\"_blank\" rel=\"noopener\">Pol\u00edcia Militar do Paran\u00e1<\/a><\/li>\n<li><a href=\"https:\/\/www2.camara.leg.br\/a-camara\/estruturaadm\/altosestudos\/pdf\/seguranca-publica-prioridade-nacional\" target=\"_blank\" rel=\"noopener\">Seguran\u00e7a p\u00fablica: prioridade nacional<\/a><\/li>\n<li><a href=\"http:\/\/www.scielo.br\/pdf\/rdgv\/v12n1\/1808-2432-rdgv-12-1-0049.pdf\" target=\"_blank\" rel=\"noopener\">Estado,pol\u00edcias e seguran\u00e7a p\u00fablica no Brasil<\/a><\/li>\n<li><a href=\"https:\/\/justica.gov.br\/news\/politica-nacional-de-seguranca-publica\/minuta_pnasp.pdf\" target=\"_blank\" rel=\"noopener\">Pol\u00edtica Nacional de Seguran\u00e7a P\u00fablica &#8211; PNaSP<\/a><\/li>\n<li><a href=\"https:\/\/www12.senado.leg.br\/ril\/edicoes\/55\/219\/ril_v55_n219_p155.pdf\" target=\"_blank\" rel=\"noopener\">O regime constitucional da seguran\u00e7a p\u00fablica<\/a><\/li>\n<li><a href=\"https:\/\/www.portalsp.org.br\/sindpolfsp\/images\/PDF\/livro_Scandiuzzi.pdf\" target=\"_blank\" rel=\"noopener\">A seguran\u00e7a p\u00fablica de dentro para fora<\/a><\/li>\n<li><a href=\"http:\/\/books.scielo.org\/id\/c46v3\" target=\"_blank\" rel=\"noopener\">Seguran\u00e7a p\u00fablica no Brasil: um campo de desafios<\/a><\/li>\n<li><a href=\"http:\/\/www.joinpp.ufma.br\/jornadas\/joinppIII\/html\/Trabalhos\/EixoTematicoF\/dc848840fe04b7b65479Reginaldo.pdf\" target=\"_blank\" rel=\"noopener\">Gest\u00e3o da Seguran\u00e7a P\u00fablica: em busca de um modelo para a preven\u00e7\u00e3o da viol\u00eancia<\/a><\/li>\n<\/ul>\n","protected":false},"excerpt":{"rendered":"<p>ESCOLA DE GEST\u00c3O P\u00daBLICA, POL\u00cdTICA, JUR\u00cdDICA E SEGURAN\u00c7A Seguran\u00e7a P\u00fablica Pol\u00edcia Militar do Paran\u00e1 Seguran\u00e7a p\u00fablica: prioridade nacional Estado,pol\u00edcias e seguran\u00e7a p\u00fablica no Brasil Pol\u00edtica Nacional de Seguran\u00e7a P\u00fablica &#8211; PNaSP O regime constitucional da seguran\u00e7a p\u00fablica A seguran\u00e7a p\u00fablica de dentro para fora Seguran\u00e7a p\u00fablica no Brasil: um campo de desafios Gest\u00e3o da Seguran\u00e7a [&hellip;]<\/p>\n","protected":false},"author":4,"featured_media":0,"parent":0,"menu_order":0,"comment_status":"closed","ping_status":"closed","template":"templates\/template-full.php","meta":[],"acf":[],"_links":{"self":[{"href":"https:\/\/www.uninter.com\/biblioteca\/wp-json\/wp\/v2\/pages\/935"}],"collection":[{"href":"https:\/\/www.uninter.com\/biblioteca\/wp-json\/wp\/v2\/pages"}],"about":[{"href":"https:\/\/www.uninter.com\/biblioteca\/wp-json\/wp\/v2\/types\/page"}],"author":[{"embeddable":true,"href":"https:\/\/www.uninter.com\/biblioteca\/wp-json\/wp\/v2\/users\/4"}],"replies":[{"embeddable":true,"href":"https:\/\/www.uninter.com\/biblioteca\/wp-json\/wp\/v2\/comments?post=935"}],"version-history":[{"count":5,"href":"https:\/\/www.uninter.com\/biblioteca\/wp-json\/wp\/v2\/pages\/935\/revisions"}],"predecessor-version":[{"id":2006,"href":"https:\/\/www.uninter.com\/biblioteca\/wp-json\/wp\/v2\/pages\/935\/revisions\/2006"}],"wp:attachment":[{"href":"https:\/\/www.uninter.com\/biblioteca\/wp-json\/wp\/v2\/media?parent=935"}],"curies":[{"name":"wp","href":"https:\/\/api.w.org\/{rel}","templated":true}]}}