{"id":92,"date":"2017-11-17T14:16:48","date_gmt":"2017-11-17T16:16:48","guid":{"rendered":"https:\/\/www.uninter.com\/biblioteca\/?page_id=92"},"modified":"2017-12-01T10:18:16","modified_gmt":"2017-12-01T12:18:16","slug":"comutacao-bibliografica-comut","status":"publish","type":"page","link":"https:\/\/www.uninter.com\/biblioteca\/comutacao-bibliografica-comut\/","title":{"rendered":"Comuta\u00e7\u00e3o Bibliogr\u00e1fica (COMUT)"},"content":{"rendered":"<p>O Comut permite a obten\u00e7\u00e3o de c\u00f3pias de documentos t\u00e9cnico-cient\u00edficos dispon\u00edveis nos acervos das principais bibliotecas brasileiras e em servi\u00e7os de informa\u00e7\u00e3o internacionais. Entre os documentos acess\u00edveis encontram-se:<\/p>\n<ul>\n<li>peri\u00f3dicos t\u00e9cnico-cient\u00edficos<\/li>\n<li>teses e disserta\u00e7\u00f5es<\/li>\n<li>anais de congressos nacionais e internacionais<\/li>\n<li>relat\u00f3rios t\u00e9cnicos<\/li>\n<li>partes de documentos (cap\u00edtulos de livros), desde que sejam autorizados pela Lei\u00a0de Direitos Autorais.<\/li>\n<\/ul>\n<p><b>\u00a0<\/b>Para participar do Comut, o usu\u00e1rio deve, em primeiro lugar, cadastrar-se no Programa, via Internet, adquirir B\u00f4nus COMUT[1]\u00a0e preencher o formul\u00e1rio de solicita\u00e7\u00e3o.<\/p>\n<p>Uma vez cadastrado, o usu\u00e1rio pode solicitar c\u00f3pias de documentos de duas formas:<\/p>\n<ol>\n<li>Dirigindo-se a uma biblioteca pertencente \u00e0 rede Comut, utilizando-a como intermedi\u00e1ria. Nesse caso, todos os procedimentos de solicita\u00e7\u00e3o ser\u00e3o feitos pela pr\u00f3pria biblioteca.<\/li>\n<li>O usu\u00e1rio poder\u00e1 fazer suas solicita\u00e7\u00f5es diretamente pela Internet, de qualquer lugar do mundo. Para isso, ap\u00f3s cadastrar-se, dever\u00e1 adquirir B\u00f4nus Comut, que servir\u00e3o como mecanismo de pagamento pelas c\u00f3pias solicitadas. Os b\u00f4nus podem ser adquiridos, via Internet, por meio de boleto banc\u00e1rio ou cr\u00e9dito em conta. Um b\u00f4nus d\u00e1 direito a cinco p\u00e1ginas de documento solicitado por e-mail ou correio normal nacional.<\/li>\n<\/ol>\n<p>A Ger\u00eancia do Comut oferece aos seus usu\u00e1rios o servi\u00e7o de Busca Monitorada. Esse servi\u00e7o atende \u00e0s solicita\u00e7\u00f5es de material bibliogr\u00e1fico existente no Brasil e no exterior e atende tamb\u00e9m a usu\u00e1rios estrangeiros. O valor \u00e9 diferenciado. A busca no Brasil custa 2 (dois) b\u00f4nus, enquanto a busca no exterior custa 4 (quatro) b\u00f4nus.<\/p>\n<p>A rede Comut possui atualmente 394 bibliotecas base, ou seja, as bibliotecas que atendem \u00e0s solicita\u00e7\u00f5es dos usu\u00e1rios, 2.304 bibliotecas solicitantes e 54.058 usu\u00e1rios \u2013 pessoas f\u00edsicas.<\/p>\n<p><a href=\"http:\/\/www.ibict.br\/informacao-para-ciencia-tecnologia-e-inovacao%20\/programa-de-comutacao-bibliografica-(comut)\" target=\"_blank\" rel=\"noopener\"><em><strong>Informa\u00e7\u00f5es retiradas da p\u00e1gina do IBICT<\/strong><\/em><\/a><\/p>\n<p>______________________________________________________________________________________________________<\/p>\n<p>[1]B\u00f4nus \u00e9 a moeda utilizada pelo Comut para pagamento \u00e0s bibliotecas que atendem aos pedidos de c\u00f3pias de documentos feitos pelos usu\u00e1rios.<\/p>\n<p>Acesse o COMUT<\/p>\n<p><a href=\"http:\/\/comut.ibict.br\/comut\/do\/index?op=filtroForm\" target=\"_blank\"><img decoding=\"async\" loading=\"lazy\" class=\"alignnone wp-image-570 size-full\" src=\"https:\/\/www.uninter.com\/biblioteca\/wp-content\/uploads\/2017\/12\/logo-comut.jpg\" alt=\"\" width=\"258\" height=\"58\" \/><\/a><\/p>\n","protected":false},"excerpt":{"rendered":"<p>O Comut permite a obten\u00e7\u00e3o de c\u00f3pias de documentos t\u00e9cnico-cient\u00edficos dispon\u00edveis nos acervos das principais bibliotecas brasileiras e em servi\u00e7os de informa\u00e7\u00e3o internacionais. Entre os documentos acess\u00edveis encontram-se: peri\u00f3dicos t\u00e9cnico-cient\u00edficos teses e disserta\u00e7\u00f5es anais de congressos nacionais e internacionais relat\u00f3rios t\u00e9cnicos partes de documentos (cap\u00edtulos de livros), desde que sejam autorizados pela Lei\u00a0de Direitos Autorais. [&hellip;]<\/p>\n","protected":false},"author":1,"featured_media":0,"parent":0,"menu_order":0,"comment_status":"closed","ping_status":"closed","template":"templates\/template-full.php","meta":[],"acf":[],"_links":{"self":[{"href":"https:\/\/www.uninter.com\/biblioteca\/wp-json\/wp\/v2\/pages\/92"}],"collection":[{"href":"https:\/\/www.uninter.com\/biblioteca\/wp-json\/wp\/v2\/pages"}],"about":[{"href":"https:\/\/www.uninter.com\/biblioteca\/wp-json\/wp\/v2\/types\/page"}],"author":[{"embeddable":true,"href":"https:\/\/www.uninter.com\/biblioteca\/wp-json\/wp\/v2\/users\/1"}],"replies":[{"embeddable":true,"href":"https:\/\/www.uninter.com\/biblioteca\/wp-json\/wp\/v2\/comments?post=92"}],"version-history":[{"count":7,"href":"https:\/\/www.uninter.com\/biblioteca\/wp-json\/wp\/v2\/pages\/92\/revisions"}],"predecessor-version":[{"id":573,"href":"https:\/\/www.uninter.com\/biblioteca\/wp-json\/wp\/v2\/pages\/92\/revisions\/573"}],"wp:attachment":[{"href":"https:\/\/www.uninter.com\/biblioteca\/wp-json\/wp\/v2\/media?parent=92"}],"curies":[{"name":"wp","href":"https:\/\/api.w.org\/{rel}","templated":true}]}}