{"id":86,"date":"2017-11-17T14:15:20","date_gmt":"2017-11-17T16:15:20","guid":{"rendered":"https:\/\/www.uninter.com\/biblioteca\/?page_id=86"},"modified":"2026-04-10T13:27:18","modified_gmt":"2026-04-10T16:27:18","slug":"bibliotecas-integrantes","status":"publish","type":"page","link":"https:\/\/www.uninter.com\/biblioteca\/bibliotecas-integrantes\/","title":{"rendered":"Sistema Integrado de Bibliotecas"},"content":{"rendered":"<p><img decoding=\"async\" loading=\"lazy\" class=\"alignnone wp-image-5967 \" src=\"https:\/\/www.uninter.com\/biblioteca\/wp-content\/uploads\/2026\/04\/foto-batel.png\" alt=\"\" width=\"101\" height=\"98\" srcset=\"https:\/\/www.uninter.com\/biblioteca\/wp-content\/uploads\/2026\/04\/foto-batel.png 405w, https:\/\/www.uninter.com\/biblioteca\/wp-content\/uploads\/2026\/04\/foto-batel-300x290.png 300w\" sizes=\"(max-width: 101px) 100vw, 101px\" \/>O\u00a0<strong>Sistema Integrado de Bibliotecas<\/strong>\u00a0do\u00a0<strong>Centro Universit\u00e1rio Internacional UNINTER<\/strong> \u00e9 constitu\u00eddo pela Biblioteca Central Batel e Bibliotecas Virtuais, que atendem aos cursos Presenciais e EAD.<\/p>\n<p>A Biblioteca Central gerencia e orienta os acessos as <strong>Bibliotecas Virtuais PEARSON e MINHA BIBLIOTECA<\/strong>, para mais de 831 Polos de Apoio Presencial em todo territ\u00f3rio nacional e 14 Polos de Apoio Presencial em territ\u00f3rio internacional, perfazendo 845 Polos no total, que atendem aos alunos dos cursos de Gradua\u00e7\u00e3o, P\u00f3s-Gradua\u00e7\u00e3o, cursos Tecn\u00f3logos e T\u00e9cnicos nas modalidades Presencial, Semipresencial e EAD\u00a0com acervo 100% digital, com atualiza\u00e7\u00e3o permanente.<\/p>\n<p>A Biblioteca Central segue o Regimento do Sistema Integrado de Bibliotecas do Centro Universit\u00e1rio Internacional UNINTER.<\/p>\n<p style=\"text-align: left;\">O controle bibliogr\u00e1fico est\u00e1 informatizado, utilizando atualmente o software PERGAMUM Vers\u00e3o 10S7, gerenciador de bibliotecas, conectado \u00e0 Rede Corporativa da Institui\u00e7\u00e3o.<\/p>\n<p><strong>Miss\u00e3o<\/strong>:\u00a0<em>Cumprir seu papel de disseminador de informa\u00e7\u00e3o oferecendo suporte necess\u00e1rio \u00e0s atividades de Ensino, Pesquisa e Extens\u00e3o, disponibilizando recursos tecnol\u00f3gicos e infraestrutura adequada e proporcionando a toda comunidade acad\u00eamica o acesso \u00e0 informa\u00e7\u00e3o.<\/em><\/p>\n<h5><strong>HOR\u00c1RIO DE FUNCIONAMENTO:<\/strong><\/h5>\n<h6><strong>Biblioteca Batel<\/strong><br \/>\n<strong>Av. Sete de Setembro, 4228 Batel &#8211; Curitiba CEP 80250-085<\/strong><br \/>\n<strong>Segunda a sexta-feira: 08h \u00e0s 20h45min.<\/strong><\/h6>\n<h5><strong>e-mail: bibliotecacentral@uninter.com \/ biblioteca@uninter.com<\/strong><\/h5>\n<p>&nbsp;<\/p>\n","protected":false},"excerpt":{"rendered":"<p>O\u00a0Sistema Integrado de Bibliotecas\u00a0do\u00a0Centro Universit\u00e1rio Internacional UNINTER \u00e9 constitu\u00eddo pela Biblioteca Central Batel e Bibliotecas Virtuais, que atendem aos cursos Presenciais e EAD. A Biblioteca Central gerencia e orienta os acessos as Bibliotecas Virtuais PEARSON e MINHA BIBLIOTECA, para mais de 831 Polos de Apoio Presencial em todo territ\u00f3rio nacional e 14 Polos de Apoio [&hellip;]<\/p>\n","protected":false},"author":1,"featured_media":0,"parent":0,"menu_order":0,"comment_status":"closed","ping_status":"closed","template":"templates\/template-full.php","meta":[],"acf":[],"_links":{"self":[{"href":"https:\/\/www.uninter.com\/biblioteca\/wp-json\/wp\/v2\/pages\/86"}],"collection":[{"href":"https:\/\/www.uninter.com\/biblioteca\/wp-json\/wp\/v2\/pages"}],"about":[{"href":"https:\/\/www.uninter.com\/biblioteca\/wp-json\/wp\/v2\/types\/page"}],"author":[{"embeddable":true,"href":"https:\/\/www.uninter.com\/biblioteca\/wp-json\/wp\/v2\/users\/1"}],"replies":[{"embeddable":true,"href":"https:\/\/www.uninter.com\/biblioteca\/wp-json\/wp\/v2\/comments?post=86"}],"version-history":[{"count":133,"href":"https:\/\/www.uninter.com\/biblioteca\/wp-json\/wp\/v2\/pages\/86\/revisions"}],"predecessor-version":[{"id":5975,"href":"https:\/\/www.uninter.com\/biblioteca\/wp-json\/wp\/v2\/pages\/86\/revisions\/5975"}],"wp:attachment":[{"href":"https:\/\/www.uninter.com\/biblioteca\/wp-json\/wp\/v2\/media?parent=86"}],"curies":[{"name":"wp","href":"https:\/\/api.w.org\/{rel}","templated":true}]}}