{"id":49,"date":"2017-11-16T13:57:44","date_gmt":"2017-11-16T15:57:44","guid":{"rendered":"https:\/\/www.uninter.com\/biblioteca\/?page_id=49"},"modified":"2022-07-18T14:17:24","modified_gmt":"2022-07-18T17:17:24","slug":"servicos-oferecidos","status":"publish","type":"page","link":"https:\/\/www.uninter.com\/biblioteca\/servicos-oferecidos\/","title":{"rendered":"Servi\u00e7os Oferecidos"},"content":{"rendered":"<div id=\"pl-49\" class=\"panel-layout\">\n<div id=\"pg-49-0\" class=\"panel-grid panel-no-style\">\n<div id=\"pgc-49-0-0\" class=\"panel-grid-cell\" data-weight=\"1\">\n<div id=\"panel-49-0-0-0\" class=\"so-panel widget widget_sow-editor panel-first-child panel-last-child\" data-index=\"0\" data-style=\"{&quot;background_display&quot;:&quot;tile&quot;}\">\n<div class=\"so-widget-sow-editor so-widget-sow-editor-base\">\n<div class=\"siteorigin-widget-tinymce textwidget\">\n<p>As Bibliotecas que comp\u00f5em o Sistema oferecem\u00a0como\u00a0suporte \u00e0s atividades de ensino, pesquisa e extens\u00e3o:<\/p>\n<ul>\n<li><strong>orienta\u00e7\u00f5es<\/strong>\u00a0sobre o funcionamento, organiza\u00e7\u00e3o e uso do cat\u00e1logo automatizado das bibliotecas ;<\/li>\n<li><strong>informa\u00e7\u00e3o bibliogr\u00e1fica<\/strong>\u00a0sobre a utiliza\u00e7\u00e3o das obras de refer\u00eancia e outras fontes;<\/li>\n<li><strong>consulta livre\u00a0<\/strong>aos materiais dos acervos (livros, monografias, revistas especializadas, v\u00eddeos, etc.);<\/li>\n<li>\n<div><strong>acesso O<em>n-Line\u00a0<\/em>atrav\u00e9s da biblioteca virtual UNINTER\u00a0<\/strong>proporcionando o acesso \u00e0\u00a0\u00a0bases textuais e refer\u00eancias nacionais e internacionais;<\/div>\n<\/li>\n<li><strong>acesso\u00a0\u00e0 internet\u00a0<\/strong>com finalidade acad\u00eamica, em qualquer biblioteca do Sistema;<\/li>\n<li><strong>empr\u00e9stimo domiciliar personalizado\u00a0<\/strong>que possibilta ao aluno retirar materiais da biblioteca,\u00a0mediante apresenta\u00e7\u00e3o de documento de identifica\u00e7\u00e3o e cadastro.\u00a0 Este servi\u00e7o est\u00e1 sujeito ao\u00a0regulamento interno, que estabelece prazos,\u00a0quantidade de materiais, etc.;<\/li>\n<li><strong>obten\u00e7\u00e3o de documentos<\/strong>:\u00a0possibilita aos usu\u00e1rios\u00a0solicitar documentos n\u00e3o localizados nos acervos das bibliotecas do sistema\u00a0a outras bibliotecas nacionais ou estrangeiras. Existem duas modalidades:\n<ul dir=\"ltr\">\n<li><strong>empr\u00e9stimo interbibliotec\u00e1rio:<\/strong>\u00a0empr\u00e9stimo de materiais bibliogr\u00e1ficos de outras bibliotecas conveniadas de forma gratuita;<\/li>\n<li><strong>comuta\u00e7\u00e3o bibliogr\u00e1fica:<\/strong>\u00a0solicita\u00e7\u00e3o de artigos de peri\u00f3dicos, teses e documentos existentes em outras bibliotecas nacionais e estrangeiras, mediante a cobran\u00e7a do custo da reprografia e despesas do correio;<\/li>\n<\/ul>\n<\/li>\n<li><strong>treinamento de usu\u00e1rio\u00a0<\/strong>com a finalidade de capacitar e integrar\u00a0 o usu\u00e1rio sobre os recursos e servi\u00e7os oferecidos pelas bibliotecas;<\/li>\n<li><strong>espa\u00e7o de leitura<\/strong>\u00a0com \u00a0entrada livre para o estudo e uso dos materiais das bibliotecas;<\/li>\n<li><strong>orienta\u00e7\u00f5es de normaliza\u00e7\u00e3o bibliogr\u00e1fica<\/strong>\u00a0para a elabora\u00e7\u00e3o de refer\u00eancias bibliogr\u00e1ficas e\u00a0 apresenta\u00e7\u00e3o de trabalhos cient\u00edficos;<\/li>\n<li><strong>infra-estrutura\u00a0<\/strong>adequada \u00e0 pesquisa, troca de id\u00e9ias e estudo com salas de estudos coletivas e individuais e salas de v\u00eddeo.<\/li>\n<\/ul>\n<\/div>\n<\/div>\n<\/div>\n<\/div>\n<\/div>\n<\/div>\n","protected":false},"excerpt":{"rendered":"<p>As Bibliotecas que comp\u00f5em o Sistema oferecem\u00a0como\u00a0suporte \u00e0s atividades de ensino, pesquisa e extens\u00e3o: orienta\u00e7\u00f5es\u00a0sobre o funcionamento, organiza\u00e7\u00e3o e uso do cat\u00e1logo automatizado das bibliotecas ; informa\u00e7\u00e3o bibliogr\u00e1fica\u00a0sobre a utiliza\u00e7\u00e3o das obras de refer\u00eancia e outras fontes; consulta livre\u00a0aos materiais dos acervos (livros, monografias, revistas especializadas, v\u00eddeos, etc.); acesso On-Line\u00a0atrav\u00e9s da biblioteca virtual UNINTER\u00a0proporcionando o [&hellip;]<\/p>\n","protected":false},"author":1,"featured_media":0,"parent":0,"menu_order":0,"comment_status":"closed","ping_status":"closed","template":"templates\/template-full.php","meta":[],"acf":[],"_links":{"self":[{"href":"https:\/\/www.uninter.com\/biblioteca\/wp-json\/wp\/v2\/pages\/49"}],"collection":[{"href":"https:\/\/www.uninter.com\/biblioteca\/wp-json\/wp\/v2\/pages"}],"about":[{"href":"https:\/\/www.uninter.com\/biblioteca\/wp-json\/wp\/v2\/types\/page"}],"author":[{"embeddable":true,"href":"https:\/\/www.uninter.com\/biblioteca\/wp-json\/wp\/v2\/users\/1"}],"replies":[{"embeddable":true,"href":"https:\/\/www.uninter.com\/biblioteca\/wp-json\/wp\/v2\/comments?post=49"}],"version-history":[{"count":14,"href":"https:\/\/www.uninter.com\/biblioteca\/wp-json\/wp\/v2\/pages\/49\/revisions"}],"predecessor-version":[{"id":4141,"href":"https:\/\/www.uninter.com\/biblioteca\/wp-json\/wp\/v2\/pages\/49\/revisions\/4141"}],"wp:attachment":[{"href":"https:\/\/www.uninter.com\/biblioteca\/wp-json\/wp\/v2\/media?parent=49"}],"curies":[{"name":"wp","href":"https:\/\/api.w.org\/{rel}","templated":true}]}}