{"id":3937,"date":"2022-04-26T15:12:04","date_gmt":"2022-04-26T18:12:04","guid":{"rendered":"https:\/\/www.uninter.com\/biblioteca\/?page_id=3937"},"modified":"2022-08-22T08:58:53","modified_gmt":"2022-08-22T11:58:53","slug":"periodicos-recursos-humanos","status":"publish","type":"page","link":"https:\/\/www.uninter.com\/biblioteca\/periodicos-recursos-humanos\/","title":{"rendered":"Peri\u00f3dicos Recursos humanos"},"content":{"rendered":"<p><a title=\"ADMINISTRA\u00c7\u00c3O RURAL, AGRICULTURA, AGRONOMIA, PAISAGISMO E JARDINAGEM\" href=\"\/biblioteca\/periodicos-ciencias-agrarias\">CI\u00caNCIAS AGR\u00c1RIAS<\/a> | <a title=\"JORNALISMO, MARKETING, MARKETING DIGITAL, PUBLICIDADE E PROPAGANDA, VAREJO DIGITAL\" href=\"\/biblioteca\/periodicos-comunicacao-e-marketing\">COMUNICA\u00c7\u00c3O E MARKETING<\/a> | <a title=\"GEST\u00c3O DE NEG\u00d3CIOS DIGITAIS, GEST\u00c3O DO E-COMMERCE E SISTEMAS LOG\u00cdSTICOS, GEST\u00c3O DE STARTUPS E EMPREENDEDORISMO DIGITAL\" href=\"\/biblioteca\/periodicos-digital\">DIGITAL<\/a> | <a title=\"ARTES VISUAIS, EDUCA\u00c7\u00c3O ESPECIAL, EDUCA\u00c7\u00c3O F\u00cdSICA, EDUCA\u00c7\u00c3O GERAL, FILOSOFIA, F\u00cdSICA, GEOGRAFIA, HIST\u00d3RIA, LETRAS, MATEM\u00c1TICA, M\u00daSICA, PEDAGOGIA, PSICOPEDAGOGIA, SOCIOLOGIA, QU\u00cdMICA\" href=\"\/biblioteca\/periodicos-educacao-e-artes\">EDUCA\u00c7\u00c3O E ARTES<\/a> | <a title=\"LOG\u00cdSTICA, AN\u00c1LISE E DESENVOLVIMENTO DE SISTEMAS, ENGENHARIA BIOM\u00c9DICA, ENGENHARIA CIVIL, ENGENHARIA DA COMPUTA\u00c7\u00c3O, ENGENHARIA DA PRODU\u00c7\u00c3O, ENGENHARIA EL\u00c9TRICA, GEST\u00c3O DA PRODU\u00c7\u00c3O INDUSTRIAL, GEST\u00c3O DA QUALIDADE, GEST\u00c3O DA TECNOLOGIA DA INFORMA\u00c7\u00c3O, MECATR\u00d4NICA AUTOMOTIVA, PROCESSOS QU\u00cdMICOS, REDES DE COMPUTADORES\" href=\"\/biblioteca\/periodicos-engenharia-industria-e-tecnologias\">ENGENHARIA IND\u00daSTRIA E TECNOLOGIAS<\/a> | <a title=\"ADMINISTRA\u00c7\u00c3O, CI\u00caNCIAS CONT\u00c1BEIS, COM\u00c9RCIO EXTERIOR, GEST\u00c3O COMERCIAL, GEST\u00c3O DE TURISMO, GEST\u00c3O FINANCEIRA, GLOBAL TRADING, PROCESSOS GERENCIAIS, SECRETARIADO, GEST\u00c3O EMPREENDEDORA DE SERVI\u00c7OS\" href=\"\/biblioteca\/periodicos-gestao-e-negocios\">GEST\u00c3O E NEG\u00d3CIOS<\/a> | <a title=\"SERVI\u00c7O SOCIAL, EDUCADOR SOCIAL, GEST\u00c3O DAS ORGANIZA\u00c7\u00d5ES DO TERCEIRO SETOR\" href=\"\/biblioteca\/periodicos-humanidades\">HUMANIDADES<\/a> | <a title=\"DIREITO, GEST\u00c3O DE SERVI\u00c7OS JUR\u00cdDICOS E NOTARIAIS, MEDIA\u00c7\u00c3O E ARBITRAGEM\" href=\"\/biblioteca\/periodicos-juridica\">JUR\u00cdDICA<\/a> | <a title=\"ENGENHARIA AMBIENTAL, SANEAMENTO AMBIENTAL, GEST\u00c3O AMBIENTAL\" href=\"\/biblioteca\/periodicos-meio-ambiente\">MEIO AMBIENTE<\/a> | <a title=\"CI\u00caNCIA POL\u00cdTICA, RELA\u00c7\u00d5ES INTERNACIONAIS\" href=\"\/biblioteca\/periodicos-politica\">POL\u00cdTICA<\/a> | <a title=\"GEST\u00c3O P\u00daBLICA, GEST\u00c3O DE TR\u00c2NSITO E MOBILIDADE URBANA, ADMINISTRA\u00c7\u00c3O P\u00daBLICA\" href=\"\/biblioteca\/periodicos-publico-e-urbano\">P\u00daBLICO E URBANO<\/a> | <a style=\"color: #003168; font-weight: bold;\" title=\"RECURSOS HUMANOS\" href=\"\/biblioteca\/periodicos-recursos-humanos\">RECURSOS HUMANOS<\/a> | <a title=\"AUDITORIA EM SA\u00daDE, ENFERMAGEM, EST\u00c9TICA E COSM\u00c9TICA, GERONTOLOGIA, GEST\u00c3O EM SA\u00daDE P\u00daBLICA, GEST\u00c3O DE VIGIL\u00c2NCIA EM SA\u00daDE, GEST\u00c3O HOSPITALAR, FISIOTERAPIA, NUTRI\u00c7\u00c3O, PSICOLOGIA, PR\u00c1TICAS INTEGRATIVAS E COMPLEMENTARES, PODOLOGIA, FARM\u00c1CIA, BIOMEDICINA, PARAMEDICINA, INSTRUMENTA\u00c7\u00c3O CIRURGICA, AGENTE COMUNIT\u00c1RIO DE SA\u00daDE E ENDEMIAS\" href=\"\/biblioteca\/periodicos-saude\">SA\u00daDE<\/a> | <a title=\"GEST\u00c3O DE SEGURAN\u00c7A PRIVADA, INVESTIGA\u00c7\u00c3O PROFISSIONAL, SEGURAN\u00c7A P\u00daBLICA\" href=\"\/biblioteca\/periodicos-seguranca\">SEGURAN\u00c7A<\/a><\/p>\n<h2>Peri\u00f3dicos on-line: Clique no curso para expandir as revistas cient\u00edficas.<\/h2>\n<div style=\"background: #003168; border-radius: 10px; font-family: Arial; color: #ffffff; font-size: 30px; padding: 10px 20px 10px 20px; text-decoration: none; width: 100%; font-weight: bold;\">Recursos humanos<\/div>\n\r\n<!--  Starting Simple Link Directory Plugin Output -->\n<div class=\"qcopd_embed_container\">\r\n\r\n\r\n\r\n\r\n\r\n\r\n\r\n<\/div>\r\n<div class=\"qcopd-list-wrapper\">\n\t<div id=\"opd-list-holder\" class=\"qcopd-list-holder\">\n\t\t\n\t\t<!-- Individual List Item -->\n\t\t<div id=\"list-item-1-1808\" class=\"qc-grid-item qcopd-list-column opd-column-1 simple opd-list-id-1808\">\n\t\t\t<div class=\"qcopd-single-list\">\n\t\t\t\t\t<h2 onclick=\"if(document.getElementById('1808').style.display=='block'){document.getElementById('1808').style.display='none';}else{document.getElementById('1808').style.display='block';};\">\n\t\t\t\t\tRecursos Humanos\t\t\t\t<\/h2>\n\t\t\t\t<ul  style=display:none; id=1808 >\n\t\t\t\t\t\n\t\t\t\t\t<li id=\"item-1808-1\">\n\t\t\t\t\t\t\t\t\t\t\t\t<!-- List Anchor -->\n\t\t\t\t\t\t<a   href=\"http:\/\/www.scielo.br\/scielo.php?script=sci_serial&#038;pid=0101-7438&#038;lng=en&#038;nrm=iso\"\n\t\t\t\t\t\t\ttarget=\"_blank\">\n\n\t\t\t\t\t\t\t<!-- Image, If Present -->\n\t\t\t\t\t\t\t1 - \t\t\t\t\t\t\t\t\t\t\t\t\t\t\n\t\t\t\t\t\t\t\n\t\t\t\t\t\t\t\t<span class=\"list-img\">\n\t\t\t\t\t\t\t\t\t\t\t\t\t\t\t\t\t\t<img src=\"https:\/\/www.uninter.com\/biblioteca\/wp-content\/uploads\/2019\/08\/pesquisa-1-150x150.jpg\" alt=\"\">\n\t\t\t\t\t\t\t\t<\/span>\n\t\t\t\t\t\t\t\n\t\t\t\t\t\t\t<!-- Link Text -->\n\t\t\t\t\t\t\tPesquisa Operacional\t\t\t\t\t\t\t\n\t\t\t\t\t\t\t\t\t\t\t\t\t\t<span style=\"font-size:12px;\"><br>\n\t                                \t\t\t\t\t\t\t<\/span>\t\n\t                        \n\t\t\t\t\t\t<\/a>\n\t\t\t\t\t\t\n\t\t\t\t\t\t\t<!-- upvote section -->\n\t\t\t\t\t\t\t<div class=\"upvote-section\">\n\t\t\t\t\t\t\t\t<span data-post-id=\"1808\" data-item-title=\"Pesquisa Operacional\" data-item-link=\"http:\/\/www.scielo.br\/scielo.php?script=sci_serial&#038;pid=0101-7438&#038;lng=en&#038;nrm=iso\" class=\"upvote-btn upvote-on\">\n\t\t\t\t\t\t\t\t\t<i class=\"fa fa-thumbs-up\"><\/i>\n\t\t\t\t\t\t\t\t<\/span>\n\t\t\t\t\t\t\t\t<span class=\"upvote-count\">\n\t\t\t\t\t\t\t\t\t2\t\t\t\t\t\t\t\t<\/span>\n\t\t\t\t\t\t\t<\/div>\n\t\t\t\t\t\t\t<!-- \/upvote section -->\n\n\t\t\t\t\t\t\t\t\t\t\t\t\n\t\t\t\t\t<\/li>\n\t\t\t\t\t\n\t\t\t\t\t<li id=\"item-1808-2\">\n\t\t\t\t\t\t\t\t\t\t\t\t<!-- List Anchor -->\n\t\t\t\t\t\t<a   href=\"http:\/\/www.spell.org.br\/periodicos\/ver\/146\/revista-de-carreiras-e-pessoas\"\n\t\t\t\t\t\t\ttarget=\"_blank\">\n\n\t\t\t\t\t\t\t<!-- Image, If Present -->\n\t\t\t\t\t\t\t2 - \t\t\t\t\t\t\t\t\t\t\t\t\t\t\n\t\t\t\t\t\t\t\n\t\t\t\t\t\t\t\t<span class=\"list-img\">\n\t\t\t\t\t\t\t\t\t\t\t\t\t\t\t\t\t\t<img src=\"https:\/\/www.uninter.com\/biblioteca\/wp-content\/uploads\/2019\/08\/recape-150x150.jpg\" alt=\"\">\n\t\t\t\t\t\t\t\t<\/span>\n\t\t\t\t\t\t\t\n\t\t\t\t\t\t\t<!-- Link Text -->\n\t\t\t\t\t\t\tRevista de Carreiras e Pessoas\t\t\t\t\t\t\t\n\t\t\t\t\t\t\t\t\t\t\t\t\t\t<span style=\"font-size:12px;\"><br>\n\t                                \t\t\t\t\t\t\t<\/span>\t\n\t                        \n\t\t\t\t\t\t<\/a>\n\t\t\t\t\t\t\n\t\t\t\t\t\t\t<!-- upvote section -->\n\t\t\t\t\t\t\t<div class=\"upvote-section\">\n\t\t\t\t\t\t\t\t<span data-post-id=\"1808\" data-item-title=\"Revista de Carreiras e Pessoas\" data-item-link=\"http:\/\/www.spell.org.br\/periodicos\/ver\/146\/revista-de-carreiras-e-pessoas\" class=\"upvote-btn upvote-on\">\n\t\t\t\t\t\t\t\t\t<i class=\"fa fa-thumbs-up\"><\/i>\n\t\t\t\t\t\t\t\t<\/span>\n\t\t\t\t\t\t\t\t<span class=\"upvote-count\">\n\t\t\t\t\t\t\t\t\t2\t\t\t\t\t\t\t\t<\/span>\n\t\t\t\t\t\t\t<\/div>\n\t\t\t\t\t\t\t<!-- \/upvote section -->\n\n\t\t\t\t\t\t\t\t\t\t\t\t\n\t\t\t\t\t<\/li>\n\t\t\t\t\t\n\t\t\t\t\t<li id=\"item-1808-3\">\n\t\t\t\t\t\t\t\t\t\t\t\t<!-- List Anchor -->\n\t\t\t\t\t\t<a   href=\"http:\/\/www.spell.org.br\/periodicos\/ver\/53\/revista-de-ciencias-da-administracao\"\n\t\t\t\t\t\t\ttarget=\"_blank\">\n\n\t\t\t\t\t\t\t<!-- Image, If Present -->\n\t\t\t\t\t\t\t3 - \t\t\t\t\t\t\t\t\t\t\t\t\t\t\n\t\t\t\t\t\t\t\n\t\t\t\t\t\t\t\t<span class=\"list-img\">\n\t\t\t\t\t\t\t\t\t\t\t\t\t\t\t\t\t\t<img src=\"https:\/\/www.uninter.com\/biblioteca\/wp-content\/uploads\/2019\/08\/rca-1-150x150.jpg\" alt=\"\">\n\t\t\t\t\t\t\t\t<\/span>\n\t\t\t\t\t\t\t\n\t\t\t\t\t\t\t<!-- Link Text -->\n\t\t\t\t\t\t\tRevista de Ci\u00eancias da Administra\u00e7\u00e3o\t\t\t\t\t\t\t\n\t\t\t\t\t\t\t\t\t\t\t\t\t\t<span style=\"font-size:12px;\"><br>\n\t                                \t\t\t\t\t\t\t<\/span>\t\n\t                        \n\t\t\t\t\t\t<\/a>\n\t\t\t\t\t\t\n\t\t\t\t\t\t\t<!-- upvote section -->\n\t\t\t\t\t\t\t<div class=\"upvote-section\">\n\t\t\t\t\t\t\t\t<span data-post-id=\"1808\" data-item-title=\"Revista de Ci\u00eancias da Administra\u00e7\u00e3o\" data-item-link=\"http:\/\/www.spell.org.br\/periodicos\/ver\/53\/revista-de-ciencias-da-administracao\" class=\"upvote-btn upvote-on\">\n\t\t\t\t\t\t\t\t\t<i class=\"fa fa-thumbs-up\"><\/i>\n\t\t\t\t\t\t\t\t<\/span>\n\t\t\t\t\t\t\t\t<span class=\"upvote-count\">\n\t\t\t\t\t\t\t\t\t2\t\t\t\t\t\t\t\t<\/span>\n\t\t\t\t\t\t\t<\/div>\n\t\t\t\t\t\t\t<!-- \/upvote section -->\n\n\t\t\t\t\t\t\t\t\t\t\t\t\n\t\t\t\t\t<\/li>\n\t\t\t\t\t\n\t\t\t\t\t<li id=\"item-1808-4\">\n\t\t\t\t\t\t\t\t\t\t\t\t<!-- List Anchor -->\n\t\t\t\t\t\t<a   href=\"http:\/\/www.spell.org.br\/periodicos\/ver\/18\/revista-gestao-organizacional\"\n\t\t\t\t\t\t\ttarget=\"_blank\">\n\n\t\t\t\t\t\t\t<!-- Image, If Present -->\n\t\t\t\t\t\t\t4 - \t\t\t\t\t\t\t\t\t\t\t\t\t\t\n\t\t\t\t\t\t\t\n\t\t\t\t\t\t\t\t<span class=\"list-img\">\n\t\t\t\t\t\t\t\t\t\t\t\t\t\t\t\t\t\t<img src=\"https:\/\/www.uninter.com\/biblioteca\/wp-content\/uploads\/2019\/08\/rgo-150x150.jpg\" alt=\"\">\n\t\t\t\t\t\t\t\t<\/span>\n\t\t\t\t\t\t\t\n\t\t\t\t\t\t\t<!-- Link Text -->\n\t\t\t\t\t\t\tRevista Gest\u00e3o Organizacional\t\t\t\t\t\t\t\n\t\t\t\t\t\t\t\t\t\t\t\t\t\t<span style=\"font-size:12px;\"><br>\n\t                                \t\t\t\t\t\t\t<\/span>\t\n\t                        \n\t\t\t\t\t\t<\/a>\n\t\t\t\t\t\t\n\t\t\t\t\t\t\t<!-- upvote section -->\n\t\t\t\t\t\t\t<div class=\"upvote-section\">\n\t\t\t\t\t\t\t\t<span data-post-id=\"1808\" data-item-title=\"Revista Gest\u00e3o Organizacional\" data-item-link=\"http:\/\/www.spell.org.br\/periodicos\/ver\/18\/revista-gestao-organizacional\" class=\"upvote-btn upvote-on\">\n\t\t\t\t\t\t\t\t\t<i class=\"fa fa-thumbs-up\"><\/i>\n\t\t\t\t\t\t\t\t<\/span>\n\t\t\t\t\t\t\t\t<span class=\"upvote-count\">\n\t\t\t\t\t\t\t\t\t2\t\t\t\t\t\t\t\t<\/span>\n\t\t\t\t\t\t\t<\/div>\n\t\t\t\t\t\t\t<!-- \/upvote section -->\n\n\t\t\t\t\t\t\t\t\t\t\t\t\n\t\t\t\t\t<\/li>\n\t\t\t\t\t\n\t\t\t\t\t<li id=\"item-1808-5\">\n\t\t\t\t\t\t\t\t\t\t\t\t<!-- List Anchor -->\n\t\t\t\t\t\t<a   href=\"http:\/\/www.spell.org.br\/periodicos\/ver\/63\/revista-ibero-americana-de-estrategia\"\n\t\t\t\t\t\t\ttarget=\"_blank\">\n\n\t\t\t\t\t\t\t<!-- Image, If Present -->\n\t\t\t\t\t\t\t5 - \t\t\t\t\t\t\t\t\t\t\t\t\t\t\n\t\t\t\t\t\t\t\n\t\t\t\t\t\t\t\t<span class=\"list-img\">\n\t\t\t\t\t\t\t\t\t\t\t\t\t\t\t\t\t\t<img src=\"https:\/\/www.uninter.com\/biblioteca\/wp-content\/uploads\/2019\/08\/ibero-150x150.jpg\" alt=\"\">\n\t\t\t\t\t\t\t\t<\/span>\n\t\t\t\t\t\t\t\n\t\t\t\t\t\t\t<!-- Link Text -->\n\t\t\t\t\t\t\tRevista Ibero-Americana de Estrat\u00e9gia\t\t\t\t\t\t\t\n\t\t\t\t\t\t\t\t\t\t\t\t\t\t<span style=\"font-size:12px;\"><br>\n\t                                \t\t\t\t\t\t\t<\/span>\t\n\t                        \n\t\t\t\t\t\t<\/a>\n\t\t\t\t\t\t\n\t\t\t\t\t\t\t<!-- upvote section -->\n\t\t\t\t\t\t\t<div class=\"upvote-section\">\n\t\t\t\t\t\t\t\t<span data-post-id=\"1808\" data-item-title=\"Revista Ibero-Americana de Estrat\u00e9gia\" data-item-link=\"http:\/\/www.spell.org.br\/periodicos\/ver\/63\/revista-ibero-americana-de-estrategia\" class=\"upvote-btn upvote-on\">\n\t\t\t\t\t\t\t\t\t<i class=\"fa fa-thumbs-up\"><\/i>\n\t\t\t\t\t\t\t\t<\/span>\n\t\t\t\t\t\t\t\t<span class=\"upvote-count\">\n\t\t\t\t\t\t\t\t\t2\t\t\t\t\t\t\t\t<\/span>\n\t\t\t\t\t\t\t<\/div>\n\t\t\t\t\t\t\t<!-- \/upvote section -->\n\n\t\t\t\t\t\t\t\t\t\t\t\t\n\t\t\t\t\t<\/li>\n\t\t\t\t\t\n\t\t\t\t\t<li id=\"item-1808-6\">\n\t\t\t\t\t\t\t\t\t\t\t\t<!-- List Anchor -->\n\t\t\t\t\t\t<a   href=\"https:\/\/revistamelhor.com.br\/\"\n\t\t\t\t\t\t\ttarget=\"_blank\">\n\n\t\t\t\t\t\t\t<!-- Image, If Present -->\n\t\t\t\t\t\t\t6 - \t\t\t\t\t\t\t\t\t\t\t\t\t\t\n\t\t\t\t\t\t\t\n\t\t\t\t\t\t\t\t<span class=\"list-img\">\n\t\t\t\t\t\t\t\t\t\t\t\t\t\t\t\t\t\t<img src=\"https:\/\/www.uninter.com\/biblioteca\/wp-content\/uploads\/2019\/08\/melhor-150x150.jpg\" alt=\"\">\n\t\t\t\t\t\t\t\t<\/span>\n\t\t\t\t\t\t\t\n\t\t\t\t\t\t\t<!-- Link Text -->\n\t\t\t\t\t\t\tRevista Melhor: gest\u00e3o de pessoas\t\t\t\t\t\t\t\n\t\t\t\t\t\t\t\t\t\t\t\t\t\t<span style=\"font-size:12px;\"><br>\n\t                                \t\t\t\t\t\t\t<\/span>\t\n\t                        \n\t\t\t\t\t\t<\/a>\n\t\t\t\t\t\t\n\t\t\t\t\t\t\t<!-- upvote section -->\n\t\t\t\t\t\t\t<div class=\"upvote-section\">\n\t\t\t\t\t\t\t\t<span data-post-id=\"1808\" data-item-title=\"Revista Melhor: gest\u00e3o de pessoas\" data-item-link=\"https:\/\/revistamelhor.com.br\/\" class=\"upvote-btn upvote-on\">\n\t\t\t\t\t\t\t\t\t<i class=\"fa fa-thumbs-up\"><\/i>\n\t\t\t\t\t\t\t\t<\/span>\n\t\t\t\t\t\t\t\t<span class=\"upvote-count\">\n\t\t\t\t\t\t\t\t\t2\t\t\t\t\t\t\t\t<\/span>\n\t\t\t\t\t\t\t<\/div>\n\t\t\t\t\t\t\t<!-- \/upvote section -->\n\n\t\t\t\t\t\t\t\t\t\t\t\t\n\t\t\t\t\t<\/li>\n\t\t\t\t\t\n\t\t\t\t\t<li id=\"item-1808-7\">\n\t\t\t\t\t\t\t\t\t\t\t\t<!-- List Anchor -->\n\t\t\t\t\t\t<a   href=\"http:\/\/www.spell.org.br\/periodicos\/ver\/61\/revista-organizacoes-em-contexto\"\n\t\t\t\t\t\t\ttarget=\"_blank\">\n\n\t\t\t\t\t\t\t<!-- Image, If Present -->\n\t\t\t\t\t\t\t7 - \t\t\t\t\t\t\t\t\t\t\t\t\t\t\n\t\t\t\t\t\t\t\n\t\t\t\t\t\t\t\t<span class=\"list-img\">\n\t\t\t\t\t\t\t\t\t\t\t\t\t\t\t\t\t\t<img src=\"https:\/\/www.uninter.com\/biblioteca\/wp-content\/uploads\/2019\/08\/roc-150x150.jpg\" alt=\"\">\n\t\t\t\t\t\t\t\t<\/span>\n\t\t\t\t\t\t\t\n\t\t\t\t\t\t\t<!-- Link Text -->\n\t\t\t\t\t\t\tRevista Organiza\u00e7\u00f5es em Contexto\t\t\t\t\t\t\t\n\t\t\t\t\t\t\t\t\t\t\t\t\t\t<span style=\"font-size:12px;\"><br>\n\t                                \t\t\t\t\t\t\t<\/span>\t\n\t                        \n\t\t\t\t\t\t<\/a>\n\t\t\t\t\t\t\n\t\t\t\t\t\t\t<!-- upvote section -->\n\t\t\t\t\t\t\t<div class=\"upvote-section\">\n\t\t\t\t\t\t\t\t<span data-post-id=\"1808\" data-item-title=\"Revista Organiza\u00e7\u00f5es em Contexto\" data-item-link=\"http:\/\/www.spell.org.br\/periodicos\/ver\/61\/revista-organizacoes-em-contexto\" class=\"upvote-btn upvote-on\">\n\t\t\t\t\t\t\t\t\t<i class=\"fa fa-thumbs-up\"><\/i>\n\t\t\t\t\t\t\t\t<\/span>\n\t\t\t\t\t\t\t\t<span class=\"upvote-count\">\n\t\t\t\t\t\t\t\t\t2\t\t\t\t\t\t\t\t<\/span>\n\t\t\t\t\t\t\t<\/div>\n\t\t\t\t\t\t\t<!-- \/upvote section -->\n\n\t\t\t\t\t\t\t\t\t\t\t\t\n\t\t\t\t\t<\/li>\n\t\t\t\t\t\n\t\t\t\t\t<li id=\"item-1808-8\">\n\t\t\t\t\t\t\t\t\t\t\t\t<!-- List Anchor -->\n\t\t\t\t\t\t<a   href=\"http:\/\/www.ipardes.pr.gov.br\/ojs\/index.php\/revistaparanaense\/index\"\n\t\t\t\t\t\t\ttarget=\"_blank\">\n\n\t\t\t\t\t\t\t<!-- Image, If Present -->\n\t\t\t\t\t\t\t8 - \t\t\t\t\t\t\t\t\t\t\t\t\t\t\n\t\t\t\t\t\t\t\n\t\t\t\t\t\t\t\t<span class=\"list-img\">\n\t\t\t\t\t\t\t\t\t\t\t\t\t\t\t\t\t\t<img src=\"https:\/\/www.uninter.com\/biblioteca\/wp-content\/uploads\/2019\/08\/rpd-150x150.jpg\" alt=\"\">\n\t\t\t\t\t\t\t\t<\/span>\n\t\t\t\t\t\t\t\n\t\t\t\t\t\t\t<!-- Link Text -->\n\t\t\t\t\t\t\tRevista Paranaense de Desenvolvimento\t\t\t\t\t\t\t\n\t\t\t\t\t\t\t\t\t\t\t\t\t\t<span style=\"font-size:12px;\"><br>\n\t                                \t\t\t\t\t\t\t<\/span>\t\n\t                        \n\t\t\t\t\t\t<\/a>\n\t\t\t\t\t\t\n\t\t\t\t\t\t\t<!-- upvote section -->\n\t\t\t\t\t\t\t<div class=\"upvote-section\">\n\t\t\t\t\t\t\t\t<span data-post-id=\"1808\" data-item-title=\"Revista Paranaense de Desenvolvimento\" data-item-link=\"http:\/\/www.ipardes.pr.gov.br\/ojs\/index.php\/revistaparanaense\/index\" class=\"upvote-btn upvote-on\">\n\t\t\t\t\t\t\t\t\t<i class=\"fa fa-thumbs-up\"><\/i>\n\t\t\t\t\t\t\t\t<\/span>\n\t\t\t\t\t\t\t\t<span class=\"upvote-count\">\n\t\t\t\t\t\t\t\t\t2\t\t\t\t\t\t\t\t<\/span>\n\t\t\t\t\t\t\t<\/div>\n\t\t\t\t\t\t\t<!-- \/upvote section -->\n\n\t\t\t\t\t\t\t\t\t\t\t\t\n\t\t\t\t\t<\/li>\n\t\t\t\t\t\n\t\t\t\t\t<li id=\"item-1808-9\">\n\t\t\t\t\t\t\t\t\t\t\t\t<!-- List Anchor -->\n\t\t\t\t\t\t<a   href=\"http:\/\/www.spell.org.br\/periodicos\/ver\/62\/revista-pretexto\"\n\t\t\t\t\t\t\ttarget=\"_blank\">\n\n\t\t\t\t\t\t\t<!-- Image, If Present -->\n\t\t\t\t\t\t\t9 - \t\t\t\t\t\t\t\t\t\t\t\t\t\t\n\t\t\t\t\t\t\t\n\t\t\t\t\t\t\t\t<span class=\"list-img\">\n\t\t\t\t\t\t\t\t\t\t\t\t\t\t\t\t\t\t<img src=\"https:\/\/www.uninter.com\/biblioteca\/wp-content\/uploads\/2019\/08\/pretexto-150x150.jpg\" alt=\"\">\n\t\t\t\t\t\t\t\t<\/span>\n\t\t\t\t\t\t\t\n\t\t\t\t\t\t\t<!-- Link Text -->\n\t\t\t\t\t\t\tRevista Pretexto\t\t\t\t\t\t\t\n\t\t\t\t\t\t\t\t\t\t\t\t\t\t<span style=\"font-size:12px;\"><br>\n\t                                \t\t\t\t\t\t\t<\/span>\t\n\t                        \n\t\t\t\t\t\t<\/a>\n\t\t\t\t\t\t\n\t\t\t\t\t\t\t<!-- upvote section -->\n\t\t\t\t\t\t\t<div class=\"upvote-section\">\n\t\t\t\t\t\t\t\t<span data-post-id=\"1808\" data-item-title=\"Revista Pretexto\" data-item-link=\"http:\/\/www.spell.org.br\/periodicos\/ver\/62\/revista-pretexto\" class=\"upvote-btn upvote-on\">\n\t\t\t\t\t\t\t\t\t<i class=\"fa fa-thumbs-up\"><\/i>\n\t\t\t\t\t\t\t\t<\/span>\n\t\t\t\t\t\t\t\t<span class=\"upvote-count\">\n\t\t\t\t\t\t\t\t\t2\t\t\t\t\t\t\t\t<\/span>\n\t\t\t\t\t\t\t<\/div>\n\t\t\t\t\t\t\t<!-- \/upvote section -->\n\n\t\t\t\t\t\t\t\t\t\t\t\t\n\t\t\t\t\t<\/li>\n\t\t\t\t\t\t\t\t\t<\/ul>\n\n\t\t\t<\/div>\n\n\t\t<\/div>\n\t\t<!-- \/Individual List Item -->\n\n\t\t\n\t\t\n","protected":false},"excerpt":{"rendered":"<p>CI\u00caNCIAS AGR\u00c1RIAS | COMUNICA\u00c7\u00c3O E MARKETING | DIGITAL | EDUCA\u00c7\u00c3O E ARTES | ENGENHARIA IND\u00daSTRIA E TECNOLOGIAS | GEST\u00c3O E NEG\u00d3CIOS | HUMANIDADES | JUR\u00cdDICA | MEIO AMBIENTE | POL\u00cdTICA | P\u00daBLICO E URBANO | RECURSOS HUMANOS | SA\u00daDE | SEGURAN\u00c7A Peri\u00f3dicos on-line: Clique no curso para expandir as revistas cient\u00edficas. Recursos humanos<\/p>\n","protected":false},"author":4,"featured_media":0,"parent":0,"menu_order":0,"comment_status":"closed","ping_status":"closed","template":"templates\/template-full.php","meta":[],"acf":[],"_links":{"self":[{"href":"https:\/\/www.uninter.com\/biblioteca\/wp-json\/wp\/v2\/pages\/3937"}],"collection":[{"href":"https:\/\/www.uninter.com\/biblioteca\/wp-json\/wp\/v2\/pages"}],"about":[{"href":"https:\/\/www.uninter.com\/biblioteca\/wp-json\/wp\/v2\/types\/page"}],"author":[{"embeddable":true,"href":"https:\/\/www.uninter.com\/biblioteca\/wp-json\/wp\/v2\/users\/4"}],"replies":[{"embeddable":true,"href":"https:\/\/www.uninter.com\/biblioteca\/wp-json\/wp\/v2\/comments?post=3937"}],"version-history":[{"count":4,"href":"https:\/\/www.uninter.com\/biblioteca\/wp-json\/wp\/v2\/pages\/3937\/revisions"}],"predecessor-version":[{"id":4317,"href":"https:\/\/www.uninter.com\/biblioteca\/wp-json\/wp\/v2\/pages\/3937\/revisions\/4317"}],"wp:attachment":[{"href":"https:\/\/www.uninter.com\/biblioteca\/wp-json\/wp\/v2\/media?parent=3937"}],"curies":[{"name":"wp","href":"https:\/\/api.w.org\/{rel}","templated":true}]}}