{"id":3852,"date":"2022-03-17T12:14:35","date_gmt":"2022-03-17T15:14:35","guid":{"rendered":"https:\/\/www.uninter.com\/biblioteca\/?page_id=3852"},"modified":"2024-11-26T08:35:43","modified_gmt":"2024-11-26T11:35:43","slug":"jornais-on-line","status":"publish","type":"page","link":"https:\/\/www.uninter.com\/biblioteca\/jornais-on-line\/","title":{"rendered":"Jornais On-line"},"content":{"rendered":"<h2>Nacionais<\/h2>\n<ul>\n<li><a href=\"https:\/\/www.gazetadopovo.com.br\/\" target=\"_blank\" rel=\"noopener\">Gazeta do Povo<\/a><\/li>\n<li><a href=\"https:\/\/valor.globo.com\/\" target=\"_blank\" rel=\"noopener\">Valor Econ\u00f4mico<\/a><\/li>\n<li><a href=\"https:\/\/www.folha.uol.com.br\/\" target=\"_blank\" rel=\"noopener\">Folha de S\u00e3o Paulo<\/a><\/li>\n<li><a href=\"https:\/\/www.estadao.com.br\/\" target=\"_blank\" rel=\"noopener\">Estado de S\u00e3o Paulo<\/a><\/li>\n<li><a href=\"https:\/\/oglobo.globo.com\" target=\"_blank\" rel=\"noopener\">O Globo<\/a><\/li>\n<li><a href=\"https:\/\/agenciabrasil.ebc.com.br\" target=\"_blank\" rel=\"noopener\">Ag\u00eancia Brasil<\/a><\/li>\n<li><a href=\"https:\/\/www.correiobraziliense.com.br\" target=\"_blank\" rel=\"noopener\">Correio Brasiliense<\/a><\/li>\n<li><a href=\"https:\/\/gauchazh.clicrbs.com.br\" target=\"_blank\" rel=\"noopener\">Zero Hora<\/a><\/li>\n<li><a href=\"https:\/\/www.em.com.br\" target=\"_blank\" rel=\"noopener\">O Estado de Minas<\/a><\/li>\n<\/ul>\n<p>&nbsp;<\/p>\n<h2>Internacionais<\/h2>\n<ul>\n<li><a href=\"https:\/\/www.nytimes.com\" target=\"_blank\" rel=\"noopener\">The New York Times<\/a><\/li>\n<li>The Washington Post<\/li>\n<li><a href=\"https:\/\/online.wsj.com\" target=\"_blank\" rel=\"noopener\">The Wall Street Journal<\/a><\/li>\n<li><a href=\"https:\/\/www.usatoday.com\" target=\"_blank\" rel=\"noopener\">USA Today<\/a><\/li>\n<li><a href=\"https:\/\/www.latimes.com\" target=\"_blank\" rel=\"noopener\">Los Angeles Times<\/a><\/li>\n<li><a href=\"https:\/\/www.elpais.com\" target=\"_blank\" rel=\"noopener\">El Pais<\/a><\/li>\n<li><a href=\"https:\/\/www.lefigaro.fr\" target=\"_blank\" rel=\"noopener\">Le Figaro<\/a><\/li>\n<li><a href=\"https:\/\/www.lemonde.fr\" target=\"_blank\" rel=\"noopener\">Le Monde<\/a><\/li>\n<li><a href=\"https:\/\/www.guardian.co.uk\" target=\"_blank\" rel=\"noopener\">The Guardian<\/a><\/li>\n<li><a href=\"https:\/\/www.thesun.co.uk\" target=\"_blank\" rel=\"noopener\">The Sun<\/a><\/li>\n<li>The Times<\/li>\n<li><a href=\"https:\/\/www.ft.com\" target=\"_blank\" rel=\"noopener\">Financial Times<\/a><\/li>\n<li><a href=\"https:\/\/www.corriere.it\" target=\"_blank\" rel=\"noopener\">Corriere Della Sera<\/a><\/li>\n<li><a href=\"https:\/\/www.spiegel.de\" target=\"_blank\" rel=\"noopener\">Der Spiegel<\/a><\/li>\n<li><a href=\"https:\/\/www.dw.com\" target=\"_blank\" rel=\"noopener\">DW &#8211; Deutsche Welle<\/a><\/li>\n<li><a href=\"https:\/\/www.clarin.com\" target=\"_blank\" rel=\"noopener\">Clarin<\/a><\/li>\n<li><a href=\"https:\/\/www.lanacion.com.ar\" target=\"_blank\" rel=\"noopener\">La Nacion<\/a><\/li>\n<\/ul>\n","protected":false},"excerpt":{"rendered":"<p>Nacionais Gazeta do Povo Valor Econ\u00f4mico Folha de S\u00e3o Paulo Estado de S\u00e3o Paulo O Globo Ag\u00eancia Brasil Correio Brasiliense Zero Hora O Estado de Minas &nbsp; Internacionais The New York Times The Washington Post The Wall Street Journal USA Today Los Angeles Times El Pais Le Figaro Le Monde The Guardian The Sun The [&hellip;]<\/p>\n","protected":false},"author":4,"featured_media":0,"parent":0,"menu_order":0,"comment_status":"closed","ping_status":"closed","template":"templates\/template-full.php","meta":[],"acf":[],"_links":{"self":[{"href":"https:\/\/www.uninter.com\/biblioteca\/wp-json\/wp\/v2\/pages\/3852"}],"collection":[{"href":"https:\/\/www.uninter.com\/biblioteca\/wp-json\/wp\/v2\/pages"}],"about":[{"href":"https:\/\/www.uninter.com\/biblioteca\/wp-json\/wp\/v2\/types\/page"}],"author":[{"embeddable":true,"href":"https:\/\/www.uninter.com\/biblioteca\/wp-json\/wp\/v2\/users\/4"}],"replies":[{"embeddable":true,"href":"https:\/\/www.uninter.com\/biblioteca\/wp-json\/wp\/v2\/comments?post=3852"}],"version-history":[{"count":11,"href":"https:\/\/www.uninter.com\/biblioteca\/wp-json\/wp\/v2\/pages\/3852\/revisions"}],"predecessor-version":[{"id":5606,"href":"https:\/\/www.uninter.com\/biblioteca\/wp-json\/wp\/v2\/pages\/3852\/revisions\/5606"}],"wp:attachment":[{"href":"https:\/\/www.uninter.com\/biblioteca\/wp-json\/wp\/v2\/media?parent=3852"}],"curies":[{"name":"wp","href":"https:\/\/api.w.org\/{rel}","templated":true}]}}