{"id":3836,"date":"2022-03-16T11:01:42","date_gmt":"2022-03-16T14:01:42","guid":{"rendered":"https:\/\/www.uninter.com\/biblioteca\/?page_id=3836"},"modified":"2024-02-09T14:29:32","modified_gmt":"2024-02-09T17:29:32","slug":"nova-normas-abnt","status":"publish","type":"page","link":"https:\/\/www.uninter.com\/biblioteca\/nova-normas-abnt\/","title":{"rendered":"Nova Normas ABNT"},"content":{"rendered":"<p>As normas ABNT foram integradas ao Univirtus, centralizando assim as bibliotecas virtuais que a Uninter disponibiliza aos seus usu\u00e1rios. O acesso \u00e9 f\u00e1cil e intuitivo, caso tenha alguma d\u00favida siga os passos apresentados aqui:<\/p>\n<p>Lista das normas de Informa\u00e7\u00e3o e documenta\u00e7\u00e3o mais utilizadas:<\/p>\n<ul>\n<li>ABNT NBR 6022 \u2013 Artigo em publica\u00e7\u00e3o peri\u00f3dica t\u00e9cnica e\/ou cient\u00edfica<\/li>\n<li>ABNT NBR 6023 \u2013 Refer\u00eancias \u2013 Elabora\u00e7\u00e3o<\/li>\n<li>ABNT NBR 6024 \u2013 Numera\u00e7\u00e3o progressiva das se\u00e7\u00f5es de um documento<\/li>\n<li>ABNT NBR 6027 \u2013 Sum\u00e1rio<\/li>\n<li>ABNT NBR 6028 \u2013 Resumo<\/li>\n<li>ABNT NBR 6034 \u2013 \u00cdndice<\/li>\n<li>ABNT NBR 10520 \u2013 Cita\u00e7\u00f5es em documentos<\/li>\n<li>ABNT NBR 12225 \u2013 Lombada<\/li>\n<li>ABNT NBR 14724 \u2013 Trabalhos acad\u00eamicos<\/li>\n<li>ABNT NBR ISO\/IEC 27002 &#8211; Seguran\u00e7a da informa\u00e7\u00e3o, seguran\u00e7a cibern\u00e9tica e prote\u00e7\u00e3o \u00e0 privacidade &#8211; Controles de seguran\u00e7a da informa\u00e7\u00e3o<\/li>\n<li>ABNT NBRISO 31000 &#8211; Gest\u00e3o de risco -Diretrizes<\/li>\n<\/ul>\n<p>Para acessar as normas disponibilizadas pela Target GEDWeb atrav\u00e9s do cat\u00e1logo da Biblioteca Uninter, siga os passos abaixo. O acesso ser\u00e1 realizado por todos os usu\u00e1rios que possu\u00edrem v\u00ednculo ativo com as bibliotecas da Uninter.<\/p>\n<p>&#8211; Acesse o Univirtus, entre na Biblioteca, e acesse as Normas ABNT &#8211; TargetGedweb l\u00e1 embaixo:<br \/>\n<img decoding=\"async\" loading=\"lazy\" class=\"size-full wp-image-3840\" src=\"https:\/\/www.uninter.com\/biblioteca\/wp-content\/uploads\/2022\/03\/univirtus.jpg\" alt=\"\" width=\"517\" height=\"74\" srcset=\"https:\/\/www.uninter.com\/biblioteca\/wp-content\/uploads\/2022\/03\/univirtus.jpg 517w, https:\/\/www.uninter.com\/biblioteca\/wp-content\/uploads\/2022\/03\/univirtus-300x43.jpg 300w\" sizes=\"(max-width: 517px) 100vw, 517px\" \/><\/p>\n<p>&#8211; Pesquise a norma desejada no campo de busca. A pesquisa deve ser realizada como o exemplo, NBR 6023. Para outra norma, basta alterar o n\u00famero.<br \/>\n<img decoding=\"async\" loading=\"lazy\" class=\"size-full wp-image-3839\" src=\"https:\/\/www.uninter.com\/biblioteca\/wp-content\/uploads\/2022\/03\/target.jpg\" alt=\"\" width=\"966\" height=\"308\" srcset=\"https:\/\/www.uninter.com\/biblioteca\/wp-content\/uploads\/2022\/03\/target.jpg 966w, https:\/\/www.uninter.com\/biblioteca\/wp-content\/uploads\/2022\/03\/target-300x96.jpg 300w, https:\/\/www.uninter.com\/biblioteca\/wp-content\/uploads\/2022\/03\/target-768x245.jpg 768w\" sizes=\"(max-width: 966px) 100vw, 966px\" \/><\/p>\n<p>&#8211; selecione a op\u00e7\u00e3o de busca Normas Brasileiras\/Mercosul, que \u00e9 onde est\u00e3o as normas ABNT. Clique em BUSCAR.<br \/>\n<img decoding=\"async\" loading=\"lazy\" class=\"size-full wp-image-3838\" src=\"https:\/\/www.uninter.com\/biblioteca\/wp-content\/uploads\/2022\/03\/retorno.jpg\" alt=\"\" width=\"954\" height=\"322\" srcset=\"https:\/\/www.uninter.com\/biblioteca\/wp-content\/uploads\/2022\/03\/retorno.jpg 954w, https:\/\/www.uninter.com\/biblioteca\/wp-content\/uploads\/2022\/03\/retorno-300x101.jpg 300w, https:\/\/www.uninter.com\/biblioteca\/wp-content\/uploads\/2022\/03\/retorno-768x259.jpg 768w\" sizes=\"(max-width: 954px) 100vw, 954px\" \/><\/p>\n<p>&#8211; com o retorno da sua pesquisa, clique em Visualizar para ter acesso ao conte\u00fado.<\/p>\n<p><img decoding=\"async\" loading=\"lazy\" class=\"size-full wp-image-3837\" src=\"https:\/\/www.uninter.com\/biblioteca\/wp-content\/uploads\/2022\/03\/acesso.jpg\" alt=\"\" width=\"1352\" height=\"668\" srcset=\"https:\/\/www.uninter.com\/biblioteca\/wp-content\/uploads\/2022\/03\/acesso.jpg 1352w, https:\/\/www.uninter.com\/biblioteca\/wp-content\/uploads\/2022\/03\/acesso-300x148.jpg 300w, https:\/\/www.uninter.com\/biblioteca\/wp-content\/uploads\/2022\/03\/acesso-768x379.jpg 768w, https:\/\/www.uninter.com\/biblioteca\/wp-content\/uploads\/2022\/03\/acesso-1024x506.jpg 1024w\" sizes=\"(max-width: 1352px) 100vw, 1352px\" \/><\/p>\n","protected":false},"excerpt":{"rendered":"<p>As normas ABNT foram integradas ao Univirtus, centralizando assim as bibliotecas virtuais que a Uninter disponibiliza aos seus usu\u00e1rios. O acesso \u00e9 f\u00e1cil e intuitivo, caso tenha alguma d\u00favida siga os passos apresentados aqui: Lista das normas de Informa\u00e7\u00e3o e documenta\u00e7\u00e3o mais utilizadas: ABNT NBR 6022 \u2013 Artigo em publica\u00e7\u00e3o peri\u00f3dica t\u00e9cnica e\/ou cient\u00edfica ABNT [&hellip;]<\/p>\n","protected":false},"author":4,"featured_media":0,"parent":0,"menu_order":0,"comment_status":"closed","ping_status":"closed","template":"templates\/template-full.php","meta":[],"acf":[],"_links":{"self":[{"href":"https:\/\/www.uninter.com\/biblioteca\/wp-json\/wp\/v2\/pages\/3836"}],"collection":[{"href":"https:\/\/www.uninter.com\/biblioteca\/wp-json\/wp\/v2\/pages"}],"about":[{"href":"https:\/\/www.uninter.com\/biblioteca\/wp-json\/wp\/v2\/types\/page"}],"author":[{"embeddable":true,"href":"https:\/\/www.uninter.com\/biblioteca\/wp-json\/wp\/v2\/users\/4"}],"replies":[{"embeddable":true,"href":"https:\/\/www.uninter.com\/biblioteca\/wp-json\/wp\/v2\/comments?post=3836"}],"version-history":[{"count":7,"href":"https:\/\/www.uninter.com\/biblioteca\/wp-json\/wp\/v2\/pages\/3836\/revisions"}],"predecessor-version":[{"id":4874,"href":"https:\/\/www.uninter.com\/biblioteca\/wp-json\/wp\/v2\/pages\/3836\/revisions\/4874"}],"wp:attachment":[{"href":"https:\/\/www.uninter.com\/biblioteca\/wp-json\/wp\/v2\/media?parent=3836"}],"curies":[{"name":"wp","href":"https:\/\/api.w.org\/{rel}","templated":true}]}}