{"id":1910,"date":"2019-08-13T13:21:27","date_gmt":"2019-08-13T16:21:27","guid":{"rendered":"https:\/\/www.uninter.com\/biblioteca\/?page_id=1910"},"modified":"2021-06-29T13:02:04","modified_gmt":"2021-06-29T16:02:04","slug":"publicacoes-cientificas-uninter","status":"publish","type":"page","link":"https:\/\/www.uninter.com\/biblioteca\/publicacoes-cientificas-uninter\/","title":{"rendered":"Publica\u00e7\u00f5es Cient\u00edficas Uninter"},"content":{"rendered":"<h2>Peri\u00f3dicos on-line: Clique para expandir as revistas cient\u00edficas.<\/h2>\n<div style=\"background:#003168;border-radius:10px;font-family:Arial;color:#ffffff;font-size:30px;padding: 10px 20px 10px 20px;text-decoration:none;width:100%;font-weight:bold;\">PUBLICA\u00c7\u00d5ES CIENT\u00cdFICAS UNINTER<\/div>\n\r\n<!--  Starting Simple Link Directory Plugin Output -->\n<div class=\"qcopd_embed_container\">\r\n\r\n\r\n\r\n\r\n\r\n\r\n\r\n<\/div>\r\n<div class=\"qcopd-list-wrapper\">\n\t<div id=\"opd-list-holder\" class=\"qcopd-list-holder\">\n\t\t\n\t\t<!-- Individual List Item -->\n\t\t<div id=\"list-item-1-1882\" class=\"qc-grid-item qcopd-list-column opd-column-1 simple opd-list-id-1882\">\n\t\t\t<div class=\"qcopd-single-list\">\n\t\t\t\t\t<h2 onclick=\"if(document.getElementById('1882').style.display=='block'){document.getElementById('1882').style.display='none';}else{document.getElementById('1882').style.display='block';};\">\n\t\t\t\t\tRevistas Cient\u00edficas\t\t\t\t<\/h2>\n\t\t\t\t<ul  style=display:block; id=1882 >\n\t\t\t\t\t\n\t\t\t\t\t<li id=\"item-1882-1\">\n\t\t\t\t\t\t\t\t\t\t\t\t<!-- List Anchor -->\n\t\t\t\t\t\t<a   href=\"https:\/\/www.uninter.com\/intersaberes\/index.php\/revista\"\n\t\t\t\t\t\t\ttarget=\"_blank\">\n\n\t\t\t\t\t\t\t<!-- Image, If Present -->\n\t\t\t\t\t\t\t1 - \t\t\t\t\t\t\t\t\t\t\t\t\t\t\n\t\t\t\t\t\t\t\n\t\t\t\t\t\t\t\t<span class=\"list-img\">\n\t\t\t\t\t\t\t\t\t\t\t\t\t\t\t\t\t\t<img src=\"https:\/\/www.uninter.com\/biblioteca\/wp-content\/uploads\/2019\/08\/intersaberes-150x150.jpg\" alt=\"\">\n\t\t\t\t\t\t\t\t<\/span>\n\t\t\t\t\t\t\t\n\t\t\t\t\t\t\t<!-- Link Text -->\n\t\t\t\t\t\t\tRevista InterSaberes\t\t\t\t\t\t\t\n\t\t\t\t\t\t\t\t\t\t\t\t\t\t<span style=\"font-size:12px;\"><br>\n\t                                \t\t\t\t\t\t\t<\/span>\t\n\t                        \n\t\t\t\t\t\t<\/a>\n\t\t\t\t\t\t\n\t\t\t\t\t\t\t<!-- upvote section -->\n\t\t\t\t\t\t\t<div class=\"upvote-section\">\n\t\t\t\t\t\t\t\t<span data-post-id=\"1882\" data-item-title=\"Revista InterSaberes\" data-item-link=\"https:\/\/www.uninter.com\/intersaberes\/index.php\/revista\" class=\"upvote-btn upvote-on\">\n\t\t\t\t\t\t\t\t\t<i class=\"fa fa-thumbs-up\"><\/i>\n\t\t\t\t\t\t\t\t<\/span>\n\t\t\t\t\t\t\t\t<span class=\"upvote-count\">\n\t\t\t\t\t\t\t\t\t13091\t\t\t\t\t\t\t\t<\/span>\n\t\t\t\t\t\t\t<\/div>\n\t\t\t\t\t\t\t<!-- \/upvote section -->\n\n\t\t\t\t\t\t\t\t\t\t\t\t\n\t\t\t\t\t<\/li>\n\t\t\t\t\t\n\t\t\t\t\t<li id=\"item-1882-2\">\n\t\t\t\t\t\t\t\t\t\t\t\t<!-- List Anchor -->\n\t\t\t\t\t\t<a   href=\"https:\/\/www.uninter.com\/revistasaude\/index.php\/saudequantica\"\n\t\t\t\t\t\t\ttarget=\"_blank\">\n\n\t\t\t\t\t\t\t<!-- Image, If Present -->\n\t\t\t\t\t\t\t2 - \t\t\t\t\t\t\t\t\t\t\t\t\t\t\n\t\t\t\t\t\t\t\n\t\t\t\t\t\t\t\t<span class=\"list-img\">\n\t\t\t\t\t\t\t\t\t\t\t\t\t\t\t\t\t\t<img src=\"https:\/\/www.uninter.com\/biblioteca\/wp-content\/uploads\/2019\/08\/quantica-150x150.jpg\" alt=\"\">\n\t\t\t\t\t\t\t\t<\/span>\n\t\t\t\t\t\t\t\n\t\t\t\t\t\t\t<!-- Link Text -->\n\t\t\t\t\t\t\tRevista Sa\u00fade Qu\u00e2ntica\t\t\t\t\t\t\t\n\t\t\t\t\t\t\t\t\t\t\t\t\t\t<span style=\"font-size:12px;\"><br>\n\t                                \t\t\t\t\t\t\t<\/span>\t\n\t                        \n\t\t\t\t\t\t<\/a>\n\t\t\t\t\t\t\n\t\t\t\t\t\t\t<!-- upvote section -->\n\t\t\t\t\t\t\t<div class=\"upvote-section\">\n\t\t\t\t\t\t\t\t<span data-post-id=\"1882\" data-item-title=\"Revista Sa\u00fade Qu\u00e2ntica\" data-item-link=\"https:\/\/www.uninter.com\/revistasaude\/index.php\/saudequantica\" class=\"upvote-btn upvote-on\">\n\t\t\t\t\t\t\t\t\t<i class=\"fa fa-thumbs-up\"><\/i>\n\t\t\t\t\t\t\t\t<\/span>\n\t\t\t\t\t\t\t\t<span class=\"upvote-count\">\n\t\t\t\t\t\t\t\t\t12940\t\t\t\t\t\t\t\t<\/span>\n\t\t\t\t\t\t\t<\/div>\n\t\t\t\t\t\t\t<!-- \/upvote section -->\n\n\t\t\t\t\t\t\t\t\t\t\t\t\n\t\t\t\t\t<\/li>\n\t\t\t\t\t\n\t\t\t\t\t<li id=\"item-1882-3\">\n\t\t\t\t\t\t\t\t\t\t\t\t<!-- List Anchor -->\n\t\t\t\t\t\t<a   href=\"https:\/\/www.uninter.com\/iusgentium\/index.php\/iusgentium\"\n\t\t\t\t\t\t\ttarget=\"_blank\">\n\n\t\t\t\t\t\t\t<!-- Image, If Present -->\n\t\t\t\t\t\t\t3 - \t\t\t\t\t\t\t\t\t\t\t\t\t\t\n\t\t\t\t\t\t\t\n\t\t\t\t\t\t\t\t<span class=\"list-img\">\n\t\t\t\t\t\t\t\t\t\t\t\t\t\t\t\t\t\t<img src=\"https:\/\/www.uninter.com\/biblioteca\/wp-content\/uploads\/2019\/08\/ius-150x150.jpg\" alt=\"\">\n\t\t\t\t\t\t\t\t<\/span>\n\t\t\t\t\t\t\t\n\t\t\t\t\t\t\t<!-- Link Text -->\n\t\t\t\t\t\t\tIUS GENTIUM\t\t\t\t\t\t\t\n\t\t\t\t\t\t\t\t\t\t\t\t\t\t<span style=\"font-size:12px;\"><br>\n\t                                \t\t\t\t\t\t\t<\/span>\t\n\t                        \n\t\t\t\t\t\t<\/a>\n\t\t\t\t\t\t\n\t\t\t\t\t\t\t<!-- upvote section -->\n\t\t\t\t\t\t\t<div class=\"upvote-section\">\n\t\t\t\t\t\t\t\t<span data-post-id=\"1882\" data-item-title=\"IUS GENTIUM\" data-item-link=\"https:\/\/www.uninter.com\/iusgentium\/index.php\/iusgentium\" class=\"upvote-btn upvote-on\">\n\t\t\t\t\t\t\t\t\t<i class=\"fa fa-thumbs-up\"><\/i>\n\t\t\t\t\t\t\t\t<\/span>\n\t\t\t\t\t\t\t\t<span class=\"upvote-count\">\n\t\t\t\t\t\t\t\t\t10070\t\t\t\t\t\t\t\t<\/span>\n\t\t\t\t\t\t\t<\/div>\n\t\t\t\t\t\t\t<!-- \/upvote section -->\n\n\t\t\t\t\t\t\t\t\t\t\t\t\n\t\t\t\t\t<\/li>\n\t\t\t\t\t\n\t\t\t\t\t<li id=\"item-1882-4\">\n\t\t\t\t\t\t\t\t\t\t\t\t<!-- List Anchor -->\n\t\t\t\t\t\t<a   href=\"https:\/\/www.uninter.com\/revistasaude\/index.php\/saudeDesenvolvimento\"\n\t\t\t\t\t\t\ttarget=\"_blank\">\n\n\t\t\t\t\t\t\t<!-- Image, If Present -->\n\t\t\t\t\t\t\t4 - \t\t\t\t\t\t\t\t\t\t\t\t\t\t\n\t\t\t\t\t\t\t\n\t\t\t\t\t\t\t\t<span class=\"list-img\">\n\t\t\t\t\t\t\t\t\t\t\t\t\t\t\t\t\t\t<img src=\"https:\/\/www.uninter.com\/biblioteca\/wp-content\/uploads\/2019\/08\/saudeDesenv-150x150.jpg\" alt=\"\">\n\t\t\t\t\t\t\t\t<\/span>\n\t\t\t\t\t\t\t\n\t\t\t\t\t\t\t<!-- Link Text -->\n\t\t\t\t\t\t\tRevista Sa\u00fade e Desenvolvimento\t\t\t\t\t\t\t\n\t\t\t\t\t\t\t\t\t\t\t\t\t\t<span style=\"font-size:12px;\"><br>\n\t                                \t\t\t\t\t\t\t<\/span>\t\n\t                        \n\t\t\t\t\t\t<\/a>\n\t\t\t\t\t\t\n\t\t\t\t\t\t\t<!-- upvote section -->\n\t\t\t\t\t\t\t<div class=\"upvote-section\">\n\t\t\t\t\t\t\t\t<span data-post-id=\"1882\" data-item-title=\"Revista Sa\u00fade e Desenvolvimento\" data-item-link=\"https:\/\/www.uninter.com\/revistasaude\/index.php\/saudeDesenvolvimento\" class=\"upvote-btn upvote-on\">\n\t\t\t\t\t\t\t\t\t<i class=\"fa fa-thumbs-up\"><\/i>\n\t\t\t\t\t\t\t\t<\/span>\n\t\t\t\t\t\t\t\t<span class=\"upvote-count\">\n\t\t\t\t\t\t\t\t\t11561\t\t\t\t\t\t\t\t<\/span>\n\t\t\t\t\t\t\t<\/div>\n\t\t\t\t\t\t\t<!-- \/upvote section -->\n\n\t\t\t\t\t\t\t\t\t\t\t\t\n\t\t\t\t\t<\/li>\n\t\t\t\t\t\n\t\t\t\t\t<li id=\"item-1882-5\">\n\t\t\t\t\t\t\t\t\t\t\t\t<!-- List Anchor -->\n\t\t\t\t\t\t<a   href=\"https:\/\/uninter.com\/revistacomunicacao\/\"\n\t\t\t\t\t\t\ttarget=\"_blank\">\n\n\t\t\t\t\t\t\t<!-- Image, If Present -->\n\t\t\t\t\t\t\t5 - \t\t\t\t\t\t\t\t\t\t\t\t\t\t\n\t\t\t\t\t\t\t\n\t\t\t\t\t\t\t\t<span class=\"list-img\">\n\t\t\t\t\t\t\t\t\t\t\t\t\t\t\t\t\t\t<img src=\"https:\/\/www.uninter.com\/biblioteca\/wp-content\/uploads\/2019\/08\/ruc-150x150.jpg\" alt=\"\">\n\t\t\t\t\t\t\t\t<\/span>\n\t\t\t\t\t\t\t\n\t\t\t\t\t\t\t<!-- Link Text -->\n\t\t\t\t\t\t\tRevista Uninter de Comunica\u00e7\u00e3o (RUC)\t\t\t\t\t\t\t\n\t\t\t\t\t\t\t\t\t\t\t\t\t\t<span style=\"font-size:12px;\"><br>\n\t                                \t\t\t\t\t\t\t<\/span>\t\n\t                        \n\t\t\t\t\t\t<\/a>\n\t\t\t\t\t\t\n\t\t\t\t\t\t\t<!-- upvote section -->\n\t\t\t\t\t\t\t<div class=\"upvote-section\">\n\t\t\t\t\t\t\t\t<span data-post-id=\"1882\" data-item-title=\"Revista Uninter de Comunica\u00e7\u00e3o (RUC)\" data-item-link=\"https:\/\/uninter.com\/revistacomunicacao\/\" class=\"upvote-btn upvote-on\">\n\t\t\t\t\t\t\t\t\t<i class=\"fa fa-thumbs-up\"><\/i>\n\t\t\t\t\t\t\t\t<\/span>\n\t\t\t\t\t\t\t\t<span class=\"upvote-count\">\n\t\t\t\t\t\t\t\t\t12462\t\t\t\t\t\t\t\t<\/span>\n\t\t\t\t\t\t\t<\/div>\n\t\t\t\t\t\t\t<!-- \/upvote section -->\n\n\t\t\t\t\t\t\t\t\t\t\t\t\n\t\t\t\t\t<\/li>\n\t\t\t\t\t\n\t\t\t\t\t<li id=\"item-1882-6\">\n\t\t\t\t\t\t\t\t\t\t\t\t<!-- List Anchor -->\n\t\t\t\t\t\t<a   href=\"https:\/\/www.uninter.com\/revistameioambiente\/index.php\/meioAmbiente\"\n\t\t\t\t\t\t\ttarget=\"_blank\">\n\n\t\t\t\t\t\t\t<!-- Image, If Present -->\n\t\t\t\t\t\t\t6 - \t\t\t\t\t\t\t\t\t\t\t\t\t\t\n\t\t\t\t\t\t\t\n\t\t\t\t\t\t\t\t<span class=\"list-img\">\n\t\t\t\t\t\t\t\t\t\t\t\t\t\t\t\t\t\t<img src=\"https:\/\/www.uninter.com\/biblioteca\/wp-content\/uploads\/2019\/08\/meio-150x150.jpg\" alt=\"\">\n\t\t\t\t\t\t\t\t<\/span>\n\t\t\t\t\t\t\t\n\t\t\t\t\t\t\t<!-- Link Text -->\n\t\t\t\t\t\t\tRevista Meio Ambiente e Sustentabilidade\t\t\t\t\t\t\t\n\t\t\t\t\t\t\t\t\t\t\t\t\t\t<span style=\"font-size:12px;\"><br>\n\t                                \t\t\t\t\t\t\t<\/span>\t\n\t                        \n\t\t\t\t\t\t<\/a>\n\t\t\t\t\t\t\n\t\t\t\t\t\t\t<!-- upvote section -->\n\t\t\t\t\t\t\t<div class=\"upvote-section\">\n\t\t\t\t\t\t\t\t<span data-post-id=\"1882\" data-item-title=\"Revista Meio Ambiente e Sustentabilidade\" data-item-link=\"https:\/\/www.uninter.com\/revistameioambiente\/index.php\/meioAmbiente\" class=\"upvote-btn upvote-on\">\n\t\t\t\t\t\t\t\t\t<i class=\"fa fa-thumbs-up\"><\/i>\n\t\t\t\t\t\t\t\t<\/span>\n\t\t\t\t\t\t\t\t<span class=\"upvote-count\">\n\t\t\t\t\t\t\t\t\t11522\t\t\t\t\t\t\t\t<\/span>\n\t\t\t\t\t\t\t<\/div>\n\t\t\t\t\t\t\t<!-- \/upvote section -->\n\n\t\t\t\t\t\t\t\t\t\t\t\t\n\t\t\t\t\t<\/li>\n\t\t\t\t\t\n\t\t\t\t\t<li id=\"item-1882-7\">\n\t\t\t\t\t\t\t\t\t\t\t\t<!-- List Anchor -->\n\t\t\t\t\t\t<a   href=\"https:\/\/www.uninter.com\/cadernosuninter\/index.php\/intersaberes\"\n\t\t\t\t\t\t\ttarget=\"_blank\">\n\n\t\t\t\t\t\t\t<!-- Image, If Present -->\n\t\t\t\t\t\t\t7 - \t\t\t\t\t\t\t\t\t\t\t\t\t\t\n\t\t\t\t\t\t\t\n\t\t\t\t\t\t\t\t<span class=\"list-img\">\n\t\t\t\t\t\t\t\t\t\t\t\t\t\t\t\t\t\t<img src=\"https:\/\/www.uninter.com\/biblioteca\/wp-content\/uploads\/2019\/08\/cadernoIntersab-150x150.jpg\" alt=\"\">\n\t\t\t\t\t\t\t\t<\/span>\n\t\t\t\t\t\t\t\n\t\t\t\t\t\t\t<!-- Link Text -->\n\t\t\t\t\t\t\tCadernos InterSaberes\t\t\t\t\t\t\t\n\t\t\t\t\t\t\t\t\t\t\t\t\t\t<span style=\"font-size:12px;\"><br>\n\t                                \t\t\t\t\t\t\t<\/span>\t\n\t                        \n\t\t\t\t\t\t<\/a>\n\t\t\t\t\t\t\n\t\t\t\t\t\t\t<!-- upvote section -->\n\t\t\t\t\t\t\t<div class=\"upvote-section\">\n\t\t\t\t\t\t\t\t<span data-post-id=\"1882\" data-item-title=\"Cadernos InterSaberes\" data-item-link=\"https:\/\/www.uninter.com\/cadernosuninter\/index.php\/intersaberes\" class=\"upvote-btn upvote-on\">\n\t\t\t\t\t\t\t\t\t<i class=\"fa fa-thumbs-up\"><\/i>\n\t\t\t\t\t\t\t\t<\/span>\n\t\t\t\t\t\t\t\t<span class=\"upvote-count\">\n\t\t\t\t\t\t\t\t\t16193\t\t\t\t\t\t\t\t<\/span>\n\t\t\t\t\t\t\t<\/div>\n\t\t\t\t\t\t\t<!-- \/upvote section -->\n\n\t\t\t\t\t\t\t\t\t\t\t\t\n\t\t\t\t\t<\/li>\n\t\t\t\t\t\n\t\t\t\t\t<li id=\"item-1882-8\">\n\t\t\t\t\t\t\t\t\t\t\t\t<!-- List Anchor -->\n\t\t\t\t\t\t<a   href=\"https:\/\/www.uninter.com\/cadernosuninter\/index.php\/meioAmbiente\"\n\t\t\t\t\t\t\ttarget=\"_blank\">\n\n\t\t\t\t\t\t\t<!-- Image, If Present -->\n\t\t\t\t\t\t\t8 - \t\t\t\t\t\t\t\t\t\t\t\t\t\t\n\t\t\t\t\t\t\t\n\t\t\t\t\t\t\t\t<span class=\"list-img\">\n\t\t\t\t\t\t\t\t\t\t\t\t\t\t\t\t\t\t<img src=\"https:\/\/www.uninter.com\/biblioteca\/wp-content\/uploads\/2019\/08\/cadernoMeio-150x150.jpg\" alt=\"\">\n\t\t\t\t\t\t\t\t<\/span>\n\t\t\t\t\t\t\t\n\t\t\t\t\t\t\t<!-- Link Text -->\n\t\t\t\t\t\t\tCaderno Meio Ambiente e Sustentabilidade\t\t\t\t\t\t\t\n\t\t\t\t\t\t\t\t\t\t\t\t\t\t<span style=\"font-size:12px;\"><br>\n\t                                \t\t\t\t\t\t\t<\/span>\t\n\t                        \n\t\t\t\t\t\t<\/a>\n\t\t\t\t\t\t\n\t\t\t\t\t\t\t<!-- upvote section -->\n\t\t\t\t\t\t\t<div class=\"upvote-section\">\n\t\t\t\t\t\t\t\t<span data-post-id=\"1882\" data-item-title=\"Caderno Meio Ambiente e Sustentabilidade\" data-item-link=\"https:\/\/www.uninter.com\/cadernosuninter\/index.php\/meioAmbiente\" class=\"upvote-btn upvote-on\">\n\t\t\t\t\t\t\t\t\t<i class=\"fa fa-thumbs-up\"><\/i>\n\t\t\t\t\t\t\t\t<\/span>\n\t\t\t\t\t\t\t\t<span class=\"upvote-count\">\n\t\t\t\t\t\t\t\t\t15312\t\t\t\t\t\t\t\t<\/span>\n\t\t\t\t\t\t\t<\/div>\n\t\t\t\t\t\t\t<!-- \/upvote section -->\n\n\t\t\t\t\t\t\t\t\t\t\t\t\n\t\t\t\t\t<\/li>\n\t\t\t\t\t\n\t\t\t\t\t<li id=\"item-1882-9\">\n\t\t\t\t\t\t\t\t\t\t\t\t<!-- List Anchor -->\n\t\t\t\t\t\t<a   href=\"https:\/\/www.uninter.com\/cadernosuninter\/index.php\/organizacao-sistemica\"\n\t\t\t\t\t\t\ttarget=\"_blank\">\n\n\t\t\t\t\t\t\t<!-- Image, If Present -->\n\t\t\t\t\t\t\t9 - \t\t\t\t\t\t\t\t\t\t\t\t\t\t\n\t\t\t\t\t\t\t\n\t\t\t\t\t\t\t\t<span class=\"list-img\">\n\t\t\t\t\t\t\t\t\t\t\t\t\t\t\t\t\t\t<img src=\"https:\/\/www.uninter.com\/biblioteca\/wp-content\/uploads\/2019\/08\/cadernoSist-150x150.jpg\" alt=\"\">\n\t\t\t\t\t\t\t\t<\/span>\n\t\t\t\t\t\t\t\n\t\t\t\t\t\t\t<!-- Link Text -->\n\t\t\t\t\t\t\tCaderno Organiza\u00e7\u00e3o Sist\u00eamica\t\t\t\t\t\t\t\n\t\t\t\t\t\t\t\t\t\t\t\t\t\t<span style=\"font-size:12px;\"><br>\n\t                                \t\t\t\t\t\t\t<\/span>\t\n\t                        \n\t\t\t\t\t\t<\/a>\n\t\t\t\t\t\t\n\t\t\t\t\t\t\t<!-- upvote section -->\n\t\t\t\t\t\t\t<div class=\"upvote-section\">\n\t\t\t\t\t\t\t\t<span data-post-id=\"1882\" data-item-title=\"Caderno Organiza\u00e7\u00e3o Sist\u00eamica\" data-item-link=\"https:\/\/www.uninter.com\/cadernosuninter\/index.php\/organizacao-sistemica\" class=\"upvote-btn upvote-on\">\n\t\t\t\t\t\t\t\t\t<i class=\"fa fa-thumbs-up\"><\/i>\n\t\t\t\t\t\t\t\t<\/span>\n\t\t\t\t\t\t\t\t<span class=\"upvote-count\">\n\t\t\t\t\t\t\t\t\t16186\t\t\t\t\t\t\t\t<\/span>\n\t\t\t\t\t\t\t<\/div>\n\t\t\t\t\t\t\t<!-- \/upvote section -->\n\n\t\t\t\t\t\t\t\t\t\t\t\t\n\t\t\t\t\t<\/li>\n\t\t\t\t\t\n\t\t\t\t\t<li id=\"item-1882-10\">\n\t\t\t\t\t\t\t\t\t\t\t\t<!-- List Anchor -->\n\t\t\t\t\t\t<a   href=\"https:\/\/www.uninter.com\/cadernosuninter\/index.php\/ESGCN\"\n\t\t\t\t\t\t\ttarget=\"_blank\">\n\n\t\t\t\t\t\t\t<!-- Image, If Present -->\n\t\t\t\t\t\t\t10 - \t\t\t\t\t\t\t\t\t\t\t\t\t\t\n\t\t\t\t\t\t\t\n\t\t\t\t\t\t\t\t<span class=\"list-img\">\n\t\t\t\t\t\t\t\t\t\t\t\t\t\t\t\t\t\t<img src=\"https:\/\/www.uninter.com\/biblioteca\/wp-content\/uploads\/2019\/08\/cadernoHurid-150x150.jpg\" alt=\"\">\n\t\t\t\t\t\t\t\t<\/span>\n\t\t\t\t\t\t\t\n\t\t\t\t\t\t\t<!-- Link Text -->\n\t\t\t\t\t\t\tCaderno da Escola Superior de Gest\u00e3o P\u00fablica, Pol\u00edtica, Jur\u00eddica e Seguran\u00e7a\t\t\t\t\t\t\t\n\t\t\t\t\t\t\t\t\t\t\t\t\t\t<span style=\"font-size:12px;\"><br>\n\t                                \t\t\t\t\t\t\t<\/span>\t\n\t                        \n\t\t\t\t\t\t<\/a>\n\t\t\t\t\t\t\n\t\t\t\t\t\t\t<!-- upvote section -->\n\t\t\t\t\t\t\t<div class=\"upvote-section\">\n\t\t\t\t\t\t\t\t<span data-post-id=\"1882\" data-item-title=\"Caderno da Escola Superior de Gest\u00e3o P\u00fablica, Pol\u00edtica, Jur\u00eddica e Seguran\u00e7a\" data-item-link=\"https:\/\/www.uninter.com\/cadernosuninter\/index.php\/ESGCN\" class=\"upvote-btn upvote-on\">\n\t\t\t\t\t\t\t\t\t<i class=\"fa fa-thumbs-up\"><\/i>\n\t\t\t\t\t\t\t\t<\/span>\n\t\t\t\t\t\t\t\t<span class=\"upvote-count\">\n\t\t\t\t\t\t\t\t\t17749\t\t\t\t\t\t\t\t<\/span>\n\t\t\t\t\t\t\t<\/div>\n\t\t\t\t\t\t\t<!-- \/upvote section -->\n\n\t\t\t\t\t\t\t\t\t\t\t\t\n\t\t\t\t\t<\/li>\n\t\t\t\t\t\n\t\t\t\t\t<li id=\"item-1882-11\">\n\t\t\t\t\t\t\t\t\t\t\t\t<!-- List Anchor -->\n\t\t\t\t\t\t<a   href=\"https:\/\/www.uninter.com\/cadernosuninter\/index.php\/humanidades\"\n\t\t\t\t\t\t\ttarget=\"_blank\">\n\n\t\t\t\t\t\t\t<!-- Image, If Present -->\n\t\t\t\t\t\t\t11 - \t\t\t\t\t\t\t\t\t\t\t\t\t\t\n\t\t\t\t\t\t\t\n\t\t\t\t\t\t\t\t<span class=\"list-img\">\n\t\t\t\t\t\t\t\t\t\t\t\t\t\t\t\t\t\t<img src=\"https:\/\/www.uninter.com\/biblioteca\/wp-content\/uploads\/2019\/08\/cadernoHumanid-150x150.jpg\" alt=\"\">\n\t\t\t\t\t\t\t\t<\/span>\n\t\t\t\t\t\t\t\n\t\t\t\t\t\t\t<!-- Link Text -->\n\t\t\t\t\t\t\tCaderno Humanidades em Perspectivas\t\t\t\t\t\t\t\n\t\t\t\t\t\t\t\t\t\t\t\t\t\t<span style=\"font-size:12px;\"><br>\n\t                                \t\t\t\t\t\t\t<\/span>\t\n\t                        \n\t\t\t\t\t\t<\/a>\n\t\t\t\t\t\t\n\t\t\t\t\t\t\t<!-- upvote section -->\n\t\t\t\t\t\t\t<div class=\"upvote-section\">\n\t\t\t\t\t\t\t\t<span data-post-id=\"1882\" data-item-title=\"Caderno Humanidades em Perspectivas\" data-item-link=\"https:\/\/www.uninter.com\/cadernosuninter\/index.php\/humanidades\" class=\"upvote-btn upvote-on\">\n\t\t\t\t\t\t\t\t\t<i class=\"fa fa-thumbs-up\"><\/i>\n\t\t\t\t\t\t\t\t<\/span>\n\t\t\t\t\t\t\t\t<span class=\"upvote-count\">\n\t\t\t\t\t\t\t\t\t18287\t\t\t\t\t\t\t\t<\/span>\n\t\t\t\t\t\t\t<\/div>\n\t\t\t\t\t\t\t<!-- \/upvote section -->\n\n\t\t\t\t\t\t\t\t\t\t\t\t\n\t\t\t\t\t<\/li>\n\t\t\t\t\t\n\t\t\t\t\t<li id=\"item-1882-12\">\n\t\t\t\t\t\t\t\t\t\t\t\t<!-- List Anchor -->\n\t\t\t\t\t\t<a   href=\"https:\/\/www.uninter.com\/cadernosuninter\/index.php\/gestao-publica\"\n\t\t\t\t\t\t\ttarget=\"_blank\">\n\n\t\t\t\t\t\t\t<!-- Image, If Present -->\n\t\t\t\t\t\t\t12 - \t\t\t\t\t\t\t\t\t\t\t\t\t\t\n\t\t\t\t\t\t\t\n\t\t\t\t\t\t\t\t<span class=\"list-img\">\n\t\t\t\t\t\t\t\t\t\t\t\t\t\t\t\t\t\t<img src=\"https:\/\/www.uninter.com\/biblioteca\/wp-content\/uploads\/2019\/08\/cadernoPubl-150x150.jpg\" alt=\"\">\n\t\t\t\t\t\t\t\t<\/span>\n\t\t\t\t\t\t\t\n\t\t\t\t\t\t\t<!-- Link Text -->\n\t\t\t\t\t\t\tCaderno Gest\u00e3o P\u00fablica\t\t\t\t\t\t\t\n\t\t\t\t\t\t\t\t\t\t\t\t\t\t<span style=\"font-size:12px;\"><br>\n\t                                \t\t\t\t\t\t\t<\/span>\t\n\t                        \n\t\t\t\t\t\t<\/a>\n\t\t\t\t\t\t\n\t\t\t\t\t\t\t<!-- upvote section -->\n\t\t\t\t\t\t\t<div class=\"upvote-section\">\n\t\t\t\t\t\t\t\t<span data-post-id=\"1882\" data-item-title=\"Caderno Gest\u00e3o P\u00fablica\" data-item-link=\"https:\/\/www.uninter.com\/cadernosuninter\/index.php\/gestao-publica\" class=\"upvote-btn upvote-on\">\n\t\t\t\t\t\t\t\t\t<i class=\"fa fa-thumbs-up\"><\/i>\n\t\t\t\t\t\t\t\t<\/span>\n\t\t\t\t\t\t\t\t<span class=\"upvote-count\">\n\t\t\t\t\t\t\t\t\t20273\t\t\t\t\t\t\t\t<\/span>\n\t\t\t\t\t\t\t<\/div>\n\t\t\t\t\t\t\t<!-- \/upvote section -->\n\n\t\t\t\t\t\t\t\t\t\t\t\t\n\t\t\t\t\t<\/li>\n\t\t\t\t\t\n\t\t\t\t\t<li id=\"item-1882-13\">\n\t\t\t\t\t\t\t\t\t\t\t\t<!-- List Anchor -->\n\t\t\t\t\t\t<a   href=\"https:\/\/www.uninter.com\/cadernosuninter\/index.php\/saude-e-desenvolvimento\"\n\t\t\t\t\t\t\ttarget=\"_blank\">\n\n\t\t\t\t\t\t\t<!-- Image, If Present -->\n\t\t\t\t\t\t\t13 - \t\t\t\t\t\t\t\t\t\t\t\t\t\t\n\t\t\t\t\t\t\t\n\t\t\t\t\t\t\t\t<span class=\"list-img\">\n\t\t\t\t\t\t\t\t\t\t\t\t\t\t\t\t\t\t<img src=\"https:\/\/www.uninter.com\/biblioteca\/wp-content\/uploads\/2019\/08\/cadernoSaude-150x150.jpg\" alt=\"\">\n\t\t\t\t\t\t\t\t<\/span>\n\t\t\t\t\t\t\t\n\t\t\t\t\t\t\t<!-- Link Text -->\n\t\t\t\t\t\t\tCaderno Sa\u00fade e Desenvolvimento\t\t\t\t\t\t\t\n\t\t\t\t\t\t\t\t\t\t\t\t\t\t<span style=\"font-size:12px;\"><br>\n\t                                \t\t\t\t\t\t\t<\/span>\t\n\t                        \n\t\t\t\t\t\t<\/a>\n\t\t\t\t\t\t\n\t\t\t\t\t\t\t<!-- upvote section -->\n\t\t\t\t\t\t\t<div class=\"upvote-section\">\n\t\t\t\t\t\t\t\t<span data-post-id=\"1882\" data-item-title=\"Caderno Sa\u00fade e Desenvolvimento\" data-item-link=\"https:\/\/www.uninter.com\/cadernosuninter\/index.php\/saude-e-desenvolvimento\" class=\"upvote-btn upvote-on\">\n\t\t\t\t\t\t\t\t\t<i class=\"fa fa-thumbs-up\"><\/i>\n\t\t\t\t\t\t\t\t<\/span>\n\t\t\t\t\t\t\t\t<span class=\"upvote-count\">\n\t\t\t\t\t\t\t\t\t20485\t\t\t\t\t\t\t\t<\/span>\n\t\t\t\t\t\t\t<\/div>\n\t\t\t\t\t\t\t<!-- \/upvote section -->\n\n\t\t\t\t\t\t\t\t\t\t\t\t\n\t\t\t\t\t<\/li>\n\t\t\t\t\t\t\t\t\t<\/ul>\n\n\t\t\t<\/div>\n\n\t\t<\/div>\n\t\t<!-- \/Individual List Item -->\n\n\t\t\n\t\t\n<h2>Ou clique para selecionar outras escolas:<\/h2>\n<div style=\"background: #003168; border-radius: 10px; font-family: Arial; color: #ffffff; font-size: 30px; padding: 10px 20px 10px 20px; text-decoration: none; width: 100%; font-weight: bold;\"><span style=\"color: #ffffff;\"><a style=\"color: #ffffff;\" href=\"https:\/\/www.uninter.com\/biblioteca\/mestrado-academico-em-direito\/\" rel=\"noopener\">MESTRADO ACAD\u00caMICO EM DIREITO<\/a><\/span><\/div>\n<p>&nbsp;<\/p>\n<div style=\"background: #003168; border-radius: 10px; font-family: Arial; color: #ffffff; font-size: 30px; padding: 10px 20px 10px 20px; text-decoration: none; width: 100%; font-weight: bold;\"><span style=\"color: #ffffff;\"><a style=\"color: #ffffff;\" href=\"https:\/\/www.uninter.com\/biblioteca\/mestrado-profissional-em-educacao-e-nova-tecnologias\/\" rel=\"noopener\">MESTRADO PROFISSIONAL EM EDUCA\u00c7\u00c3O E NOVAS TECNOLOGIAS<\/a><\/span><\/div>\n<p>&nbsp;<br \/>\n<a href=https:\/\/www.uninter.com\/biblioteca\/periodicos-on-line-escola-de-educacao\/><\/p>\n<div style=\"background:#003168;border-radius:10px;font-family:Arial;color:#ffffff;font-size:30px;padding: 10px 20px 10px 20px;text-decoration:none;width:100%;font-weight:bold;\">ESCOLA DE EDUCA\u00c7\u00c3O<\/div>\n<p><\/a><br \/>\n<a href=https:\/\/www.uninter.com\/biblioteca\/escola-de-gestao-publica-politica-juridica-e-seguranca\/><\/p>\n<div style=\"background:#003168;border-radius:10px;font-family:Arial;color:#ffffff;font-size:30px;padding: 10px 20px 10px 20px;text-decoration:none;width:100%;font-weight:bold;\">ESCOLA DE GEST\u00c3O P\u00daBLICA, POL\u00cdTICA, JUR\u00cdDICA E SEGURAN\u00c7A<\/div>\n<p><\/a><br \/>\n<a href=https:\/\/www.uninter.com\/biblioteca\/escola-de-saude-biociencia-meio-ambiente-e-humanidades\/><\/p>\n<div style=\"background:#003168;border-radius:10px;font-family:Arial;color:#ffffff;font-size:30px;padding: 10px 20px 10px 20px;text-decoration:none;width:100%;font-weight:bold;\">ESCOLA DE SA\u00daDE, BIOCI\u00caNCIA, MEIO AMBIENTE E HUMANIDADES<\/div>\n<p><\/a><br \/>\n<a href=https:\/\/www.uninter.com\/biblioteca\/escola-de-gestao-comunicacao-e-negocios\/><\/p>\n<div style=\"background:#003168;border-radius:10px;font-family:Arial;color:#ffffff;font-size:30px;padding: 10px 20px 10px 20px;text-decoration:none;width:100%;font-weight:bold;\">ESCOLA DE GEST\u00c3O, COMUNICA\u00c7\u00c3O E NEG\u00d3CIOS<\/div>\n<p><\/a><br \/>\n<a href=https:\/\/www.uninter.com\/biblioteca\/escola-politecnica\/><\/p>\n<div style=\"background:#003168;border-radius:10px;font-family:Arial;color:#ffffff;font-size:30px;padding: 10px 20px 10px 20px;text-decoration:none;width:100%;font-weight:bold;\">ESCOLA POLIT\u00c9CNICA<\/div>\n<p><\/a><br \/>\n<a href=https:\/\/www.uninter.com\/biblioteca\/ebsco-ieee-stem-10\/><\/p>\n<div style=\"background:#003168;border-radius:10px;font-family:Arial;color:#ffffff;font-size:30px;padding: 10px 20px 10px 20px;text-decoration:none;width:100%;font-weight:bold;\">EBSCO \u2013 IEEE STEM 10<\/div>\n<p><\/a><\/p>\n","protected":false},"excerpt":{"rendered":"<p>Peri\u00f3dicos on-line: Clique para expandir as revistas cient\u00edficas. PUBLICA\u00c7\u00d5ES CIENT\u00cdFICAS UNINTER Ou clique para selecionar outras escolas: MESTRADO ACAD\u00caMICO EM DIREITO &nbsp; MESTRADO PROFISSIONAL EM EDUCA\u00c7\u00c3O E NOVAS TECNOLOGIAS &nbsp; ESCOLA DE EDUCA\u00c7\u00c3O ESCOLA DE GEST\u00c3O P\u00daBLICA, POL\u00cdTICA, JUR\u00cdDICA E SEGURAN\u00c7A ESCOLA DE SA\u00daDE, BIOCI\u00caNCIA, MEIO AMBIENTE E HUMANIDADES ESCOLA DE GEST\u00c3O, COMUNICA\u00c7\u00c3O E NEG\u00d3CIOS [&hellip;]<\/p>\n","protected":false},"author":4,"featured_media":0,"parent":0,"menu_order":0,"comment_status":"closed","ping_status":"closed","template":"templates\/template-full-notitle.php","meta":[],"acf":[],"_links":{"self":[{"href":"https:\/\/www.uninter.com\/biblioteca\/wp-json\/wp\/v2\/pages\/1910"}],"collection":[{"href":"https:\/\/www.uninter.com\/biblioteca\/wp-json\/wp\/v2\/pages"}],"about":[{"href":"https:\/\/www.uninter.com\/biblioteca\/wp-json\/wp\/v2\/types\/page"}],"author":[{"embeddable":true,"href":"https:\/\/www.uninter.com\/biblioteca\/wp-json\/wp\/v2\/users\/4"}],"replies":[{"embeddable":true,"href":"https:\/\/www.uninter.com\/biblioteca\/wp-json\/wp\/v2\/comments?post=1910"}],"version-history":[{"count":7,"href":"https:\/\/www.uninter.com\/biblioteca\/wp-json\/wp\/v2\/pages\/1910\/revisions"}],"predecessor-version":[{"id":3376,"href":"https:\/\/www.uninter.com\/biblioteca\/wp-json\/wp\/v2\/pages\/1910\/revisions\/3376"}],"wp:attachment":[{"href":"https:\/\/www.uninter.com\/biblioteca\/wp-json\/wp\/v2\/media?parent=1910"}],"curies":[{"name":"wp","href":"https:\/\/api.w.org\/{rel}","templated":true}]}}