{"id":133,"date":"2017-11-17T14:31:56","date_gmt":"2017-11-17T16:31:56","guid":{"rendered":"https:\/\/www.uninter.com\/biblioteca\/?page_id=133"},"modified":"2024-03-27T16:44:38","modified_gmt":"2024-03-27T19:44:38","slug":"revistas-cientificas","status":"publish","type":"page","link":"https:\/\/www.uninter.com\/biblioteca\/revistas-cientificas\/","title":{"rendered":"Revistas Cient\u00edficas Uninter"},"content":{"rendered":"<p>Segundo a ABNT (NBR 6022, 2003, p.2), o artigo cient\u00edfico pode ser definido como a \u201cpublica\u00e7\u00e3o com autoria declarada, que apresenta e discute ideias, m\u00e9todos, t\u00e9cnicas, processos e resultados nas diversas \u00e1reas do conhecimento\u201d.<\/p>\n<p>O artigo cient\u00edfico pode ser usado como fonte de pesquisa para a elabora\u00e7\u00e3o do TCC e outros artigos cient\u00edficos. Abaixo temos algumas revistas cient\u00edficas do Centro Universit\u00e1rio Internacional UNINTER.<\/p>\n<p style=\"text-align: left;\"><strong>&nbsp; &nbsp; &nbsp; &nbsp; &nbsp; &nbsp; &nbsp; &nbsp; &nbsp; &nbsp; &nbsp; &nbsp; &nbsp; &nbsp; &nbsp; &nbsp; &nbsp; &nbsp; &nbsp; &nbsp; &nbsp; &nbsp; &nbsp; &nbsp; &nbsp; &nbsp; &nbsp; &nbsp;<\/strong><\/p>\n<p><a href=\"https:\/\/www.revistasuninter.com\/intersaberes\/index.php\/revista\" target=\"_blank\" rel=\"noopener\"><img decoding=\"async\" loading=\"lazy\" class=\"alignnone\" src=\"https:\/\/www.uninter.com\/biblioteca\/wp-content\/uploads\/2017\/12\/intersaberes.png\" alt=\"capa intersaberes\" width=\"250\" height=\"587\"><\/a>&nbsp;<a href=\"https:\/\/www.revistasuninter.com\/iusgentium\/index.php\/iusgentium\" target=\"_blank\" rel=\"noopener\"><img decoding=\"async\" loading=\"lazy\" class=\"alignnone wp-image-4048 size-medium\" src=\"https:\/\/www.uninter.com\/biblioteca\/wp-content\/uploads\/2017\/12\/direito.jpg\" alt=\"capa ius gentium\" width=\"250\" height=\"587\"><\/a><a href=\"https:\/\/www.revistasuninter.com\/revistacomunicacao\/index.php\/revista\" target=\"_blank\" rel=\"noopener\"><img decoding=\"async\" loading=\"lazy\" class=\"alignnone wp-image-4050 size-medium\" src=\"https:\/\/www.uninter.com\/biblioteca\/wp-content\/uploads\/2017\/12\/comunicacao.jpg\" alt=\"revista comunica\u00e7\u00e3o\" width=\"250\" height=\"842\"><\/a><\/p>\n<p><a href=\"https:\/\/www.revistasuninter.com\/revistameioambiente\/index.php\/meioAmbiente\" target=\"_blank\" rel=\"noopener\"><img decoding=\"async\" loading=\"lazy\" class=\"alignnone wp-image-4051 size-medium\" src=\"https:\/\/www.uninter.com\/biblioteca\/wp-content\/uploads\/2017\/12\/meioambiente.jpg\" alt=\"revista meio ambiente\" width=\"250\" height=\"2448\"><\/a>&nbsp;&nbsp;<a href=\"https:\/\/www.revistasuninter.com\/revistaorganizacaosistemica\/index.php\/organizacaoSistemica\" target=\"_blank\" rel=\"noopener\"><img decoding=\"async\" loading=\"lazy\" class=\"alignnone wp-image-4053 size-medium\" src=\"https:\/\/www.uninter.com\/biblioteca\/wp-content\/uploads\/2017\/12\/organizacaosistemica.jpg\" alt=\"revista organiza\u00e7\u00e3o\" width=\"250\" height=\"587\"><\/a>&nbsp;<a href=\"https:\/\/www.revistasuninter.com\/revistasaude\/index.php\/saudeDesenvolvimento\" target=\"_blank\" rel=\"noopener\"><img decoding=\"async\" loading=\"lazy\" class=\"alignnone wp-image-4401 size-medium\" src=\"https:\/\/www.uninter.com\/biblioteca\/wp-content\/uploads\/2017\/12\/saudeedesenvolvimento.jpg\" alt=\"saude\" width=\"250\" height=\"587\"><\/a>&nbsp;<a href=\"https:\/\/www.revistasuninter.com\/revistasaude\/index.php\/revista-praticas-interativas\" target=\"_blank\" rel=\"noopener\"><img decoding=\"async\" loading=\"lazy\" class=\"alignnone wp-image-3668\" src=\"https:\/\/www.uninter.com\/biblioteca\/wp-content\/uploads\/2021\/10\/praticasIntegrativas.jpg\" alt=\"\" width=\"251\" height=\"369\" srcset=\"https:\/\/www.uninter.com\/biblioteca\/wp-content\/uploads\/2021\/10\/praticasIntegrativas.jpg 504w, https:\/\/www.uninter.com\/biblioteca\/wp-content\/uploads\/2021\/10\/praticasIntegrativas-204x300.jpg 204w\" sizes=\"(max-width: 251px) 100vw, 251px\" \/><\/a><\/p>\n<p>Quando iniciamos a estrat\u00e9gia de pesquisa para a escrita do TCC podemos usar &nbsp;v\u00e1rias fontes de informa\u00e7\u00e3o:<\/p>\n<ul>\n<li>Artigo cientifico<\/li>\n<li>Disserta\u00e7\u00e3o<\/li>\n<li>Tese<\/li>\n<li>Livros<\/li>\n<\/ul>\n<p>Para acessar esses materiais podemos usar o google acad\u00eamico, essa ferramenta&nbsp;proporciona de maneira simples o acesso a diversos livros, artigos, teses e resumos. &nbsp;\u00c9 poss\u00edvel ainda encontrar publica\u00e7\u00f5es de editoras e organiza\u00e7\u00f5es profissionais.<\/p>\n<p><a href=\"https:\/\/scholar.google.com.br\/\"><img decoding=\"async\" class=\"size-medium wp-image-4066 aligncenter\" src=\"https:\/\/www.uninter.com\/biblioteca\/wp-content\/uploads\/2017\/12\/google.png\" alt=\"google academico\"><\/a><br \/>\nA biblioteca do Centro Universit\u00e1rio Internacional UNINTER disponibiliza uma lista de bases de dados para ajudar em sua&nbsp;<a href=\"https:\/\/www.uninter.com\/biblioteca\/periodicos-on-line-escola-de-educacao\/\">pesquisa<\/a>.<\/p>\n","protected":false},"excerpt":{"rendered":"<p>Segundo a ABNT (NBR 6022, 2003, p.2), o artigo cient\u00edfico pode ser definido como a \u201cpublica\u00e7\u00e3o com autoria declarada, que apresenta e discute ideias, m\u00e9todos, t\u00e9cnicas, processos e resultados nas diversas \u00e1reas do conhecimento\u201d. O artigo cient\u00edfico pode ser usado como fonte de pesquisa para a elabora\u00e7\u00e3o do TCC e outros artigos cient\u00edficos. Abaixo temos [&hellip;]<\/p>\n","protected":false},"author":1,"featured_media":0,"parent":0,"menu_order":0,"comment_status":"closed","ping_status":"closed","template":"templates\/template-full.php","meta":[],"acf":[],"_links":{"self":[{"href":"https:\/\/www.uninter.com\/biblioteca\/wp-json\/wp\/v2\/pages\/133"}],"collection":[{"href":"https:\/\/www.uninter.com\/biblioteca\/wp-json\/wp\/v2\/pages"}],"about":[{"href":"https:\/\/www.uninter.com\/biblioteca\/wp-json\/wp\/v2\/types\/page"}],"author":[{"embeddable":true,"href":"https:\/\/www.uninter.com\/biblioteca\/wp-json\/wp\/v2\/users\/1"}],"replies":[{"embeddable":true,"href":"https:\/\/www.uninter.com\/biblioteca\/wp-json\/wp\/v2\/comments?post=133"}],"version-history":[{"count":19,"href":"https:\/\/www.uninter.com\/biblioteca\/wp-json\/wp\/v2\/pages\/133\/revisions"}],"predecessor-version":[{"id":5002,"href":"https:\/\/www.uninter.com\/biblioteca\/wp-json\/wp\/v2\/pages\/133\/revisions\/5002"}],"wp:attachment":[{"href":"https:\/\/www.uninter.com\/biblioteca\/wp-json\/wp\/v2\/media?parent=133"}],"curies":[{"name":"wp","href":"https:\/\/api.w.org\/{rel}","templated":true}]}}