{"id":123,"date":"2017-11-17T14:30:20","date_gmt":"2017-11-17T16:30:20","guid":{"rendered":"https:\/\/www.uninter.com\/biblioteca\/?page_id=123"},"modified":"2024-11-27T10:59:25","modified_gmt":"2024-11-27T13:59:25","slug":"polos-uninter","status":"publish","type":"page","link":"https:\/\/www.uninter.com\/biblioteca\/polos-uninter\/","title":{"rendered":"Polos UNINTER"},"content":{"rendered":"<p>Todos os polos da UNINTER possuem <strong>Espa\u00e7o de Estudo<\/strong>.\u00a0 Confira a lista completa clicando\u00a0<a href=\"https:\/\/www.uninter.com\/mapa5\/mapa.php?modalidade=ead#\" target=\"_blank\" rel=\"noopener\">aqui<\/a>.<\/p>\n<hr \/>\n<p>Neste espa\u00e7o \u00fanico os alunos contam com um ambiente arejado, com boa ilumina\u00e7\u00e3o e em \u00f3timo estado de conserva\u00e7\u00e3o que proporciona a troca de ideias, o conhecimento, o estudo e a sociabiliza\u00e7\u00e3o.<\/p>\n<p>O ambiente permite aos alunos realizarem estudo individual ou em grupos.<\/p>\n<p>O <strong>Acervo \u00e9 100% digital<\/strong>, a pesquisa \u00e9 realizada utilizando as <strong>Bibliotecas Virtuais PEARSON e MINHA BIBLIOTECA.<\/strong><\/p>\n<p><strong>INFRAESTRUTURA<\/strong><\/p>\n<p><strong>Mobili\u00e1rio\/Equipamentos: <\/strong><\/p>\n<ul>\n<li>Uma (1) mesa coletiva redonda com 4 (quatro) cadeiras<\/li>\n<li>Tr\u00eas (3) baias com cadeiras para estudo individual<\/li>\n<li>Dois (2) computadores.<\/li>\n<li>Software Leitor de tela NVDA nos computadores\u00a0 <a href=\"https:\/\/www.nvaccess.org\/download\/\">https:\/\/www.nvaccess.org\/download\/<\/a><\/li>\n<\/ul>\n<p><strong>Metragem m\u00ednima:<\/strong> 10 m\u00b2<\/p>\n<p><strong>Quantidade:<\/strong>\u00a0 01<\/p>\n","protected":false},"excerpt":{"rendered":"<p>Todos os polos da UNINTER possuem Espa\u00e7o de Estudo.\u00a0 Confira a lista completa clicando\u00a0aqui. Neste espa\u00e7o \u00fanico os alunos contam com um ambiente arejado, com boa ilumina\u00e7\u00e3o e em \u00f3timo estado de conserva\u00e7\u00e3o que proporciona a troca de ideias, o conhecimento, o estudo e a sociabiliza\u00e7\u00e3o. O ambiente permite aos alunos realizarem estudo individual ou [&hellip;]<\/p>\n","protected":false},"author":1,"featured_media":0,"parent":0,"menu_order":0,"comment_status":"closed","ping_status":"closed","template":"templates\/template-full.php","meta":[],"acf":[],"_links":{"self":[{"href":"https:\/\/www.uninter.com\/biblioteca\/wp-json\/wp\/v2\/pages\/123"}],"collection":[{"href":"https:\/\/www.uninter.com\/biblioteca\/wp-json\/wp\/v2\/pages"}],"about":[{"href":"https:\/\/www.uninter.com\/biblioteca\/wp-json\/wp\/v2\/types\/page"}],"author":[{"embeddable":true,"href":"https:\/\/www.uninter.com\/biblioteca\/wp-json\/wp\/v2\/users\/1"}],"replies":[{"embeddable":true,"href":"https:\/\/www.uninter.com\/biblioteca\/wp-json\/wp\/v2\/comments?post=123"}],"version-history":[{"count":26,"href":"https:\/\/www.uninter.com\/biblioteca\/wp-json\/wp\/v2\/pages\/123\/revisions"}],"predecessor-version":[{"id":5634,"href":"https:\/\/www.uninter.com\/biblioteca\/wp-json\/wp\/v2\/pages\/123\/revisions\/5634"}],"wp:attachment":[{"href":"https:\/\/www.uninter.com\/biblioteca\/wp-json\/wp\/v2\/media?parent=123"}],"curies":[{"name":"wp","href":"https:\/\/api.w.org\/{rel}","templated":true}]}}