{"id":112,"date":"2017-11-17T14:26:46","date_gmt":"2017-11-17T16:26:46","guid":{"rendered":"https:\/\/www.uninter.com\/biblioteca\/?page_id=112"},"modified":"2023-07-03T15:35:43","modified_gmt":"2023-07-03T18:35:43","slug":"normas-de-conduta","status":"publish","type":"page","link":"https:\/\/www.uninter.com\/biblioteca\/normas-de-conduta\/","title":{"rendered":"Normas de Conduta"},"content":{"rendered":"<p>As normas de conduta visam \u00e0 preserva\u00e7\u00e3o do acervo e \u00e0 manuten\u00e7\u00e3o de um ambiente agrad\u00e1vel e tranquilo, favorecendo a leitura, a reflex\u00e3o e a pesquisa.<\/p>\n<p>Portanto, n\u00e3o se permite nas depend\u00eancias dos Espa\u00e7os de Estudo e Biblioteca Central:<\/p>\n<ul>\n<li>portar bolsas, mochilas ou similares;<\/li>\n<li>consumir alimentos;<\/li>\n<li>bebidas (exce\u00e7\u00e3o \u00e1gua em garrafa);<\/li>\n<li>conversar em voz alta;<\/li>\n<li>promover algazarras e brincadeiras;<\/li>\n<li>vestir trajes inadequados ao ambiente acad\u00eamico;<\/li>\n<li>fumar, de acordo com a lei estadual 8.852\/88.<\/li>\n<\/ul>\n","protected":false},"excerpt":{"rendered":"<p>As normas de conduta visam \u00e0 preserva\u00e7\u00e3o do acervo e \u00e0 manuten\u00e7\u00e3o de um ambiente agrad\u00e1vel e tranquilo, favorecendo a leitura, a reflex\u00e3o e a pesquisa. Portanto, n\u00e3o se permite nas depend\u00eancias dos Espa\u00e7os de Estudo e Biblioteca Central: portar bolsas, mochilas ou similares; consumir alimentos; bebidas (exce\u00e7\u00e3o \u00e1gua em garrafa); conversar em voz alta; [&hellip;]<\/p>\n","protected":false},"author":1,"featured_media":0,"parent":0,"menu_order":0,"comment_status":"closed","ping_status":"closed","template":"templates\/template-full.php","meta":[],"acf":[],"_links":{"self":[{"href":"https:\/\/www.uninter.com\/biblioteca\/wp-json\/wp\/v2\/pages\/112"}],"collection":[{"href":"https:\/\/www.uninter.com\/biblioteca\/wp-json\/wp\/v2\/pages"}],"about":[{"href":"https:\/\/www.uninter.com\/biblioteca\/wp-json\/wp\/v2\/types\/page"}],"author":[{"embeddable":true,"href":"https:\/\/www.uninter.com\/biblioteca\/wp-json\/wp\/v2\/users\/1"}],"replies":[{"embeddable":true,"href":"https:\/\/www.uninter.com\/biblioteca\/wp-json\/wp\/v2\/comments?post=112"}],"version-history":[{"count":4,"href":"https:\/\/www.uninter.com\/biblioteca\/wp-json\/wp\/v2\/pages\/112\/revisions"}],"predecessor-version":[{"id":4631,"href":"https:\/\/www.uninter.com\/biblioteca\/wp-json\/wp\/v2\/pages\/112\/revisions\/4631"}],"wp:attachment":[{"href":"https:\/\/www.uninter.com\/biblioteca\/wp-json\/wp\/v2\/media?parent=112"}],"curies":[{"name":"wp","href":"https:\/\/api.w.org\/{rel}","templated":true}]}}