{"id":110,"date":"2017-11-17T14:26:09","date_gmt":"2017-11-17T16:26:09","guid":{"rendered":"https:\/\/www.uninter.com\/biblioteca\/?page_id=110"},"modified":"2020-10-29T11:53:32","modified_gmt":"2020-10-29T14:53:32","slug":"normas-abnt","status":"publish","type":"page","link":"https:\/\/www.uninter.com\/biblioteca\/normas-abnt\/","title":{"rendered":"Normas ABNT"},"content":{"rendered":"<p><strong>Lista das normas de Informa\u00e7\u00e3o e documenta\u00e7\u00e3o mais utilizadas:<\/strong><\/p>\n<ul>\n<li><a href=\"https:\/\/pergamum.uninter.com\/biblioteca\/index.php?word=NBR%2014724\" target=\"_blank\" rel=\"noopener\">ABNT NBR 14724 &#8211; Trabalhos acad\u00eamicos<\/a><\/li>\n<li><a href=\"https:\/\/pergamum.uninter.com\/biblioteca\/index.php?word=NBR%2010520\" target=\"_blank\" rel=\"noopener\">ABNT NBR 10520 &#8211; Cita\u00e7\u00f5es em documentos<\/a><\/li>\n<li><a href=\"https:\/\/pergamum.uninter.com\/biblioteca\/index.php?word=12225\" target=\"_blank\" rel=\"noopener\">ABNT NBR 12225 &#8211; Lombada<\/a><\/li>\n<li><a href=\"https:\/\/pergamum.uninter.com\/biblioteca\/index.php?word=NBR%206022\" target=\"_blank\" rel=\"noopener\">ABNT NBR 6022 &#8211; Artigo em publica\u00e7\u00e3o peri\u00f3dica t\u00e9cnica e\/ou cient\u00edfica<\/a><\/li>\n<li><a href=\"https:\/\/pergamum.uninter.com\/biblioteca\/index.php?word=NBR%206023\" target=\"_blank\" rel=\"noopener\">ABNT NBR 6023 &#8211; Refer\u00eancias &#8211; Elabora\u00e7\u00e3o<\/a><\/li>\n<li><a href=\"https:\/\/pergamum.uninter.com\/biblioteca\/index.php?word=NBR%206024\" target=\"_blank\" rel=\"noopener\">ABNT NBR 6024 &#8211; Numera\u00e7\u00e3o progressiva das se\u00e7\u00f5es de um documento<\/a><\/li>\n<li><a href=\"https:\/\/pergamum.uninter.com\/biblioteca\/index.php?word=NBR%206027\" target=\"_blank\" rel=\"noopener\">ABNT NBR 6027 &#8211; Sum\u00e1rio<\/a><\/li>\n<li><a href=\"https:\/\/pergamum.uninter.com\/biblioteca\/index.php?word=NBR%206028\" target=\"_blank\" rel=\"noopener\">ABNT NBR 6028 &#8211; Resumo<\/a><\/li>\n<li><a href=\"https:\/\/pergamum.uninter.com\/biblioteca\/index.php?word=6034\" target=\"_blank\" rel=\"noopener\">ABNT NBR 6034 &#8211; \u00cdndice<\/a><\/li>\n<\/ul>\n<p><strong>Como acessar \u00e0s Normas da Associa\u00e7\u00e3o Brasileira de Normas T\u00e9cnicas (ABNT) atrav\u00e9s do Pergamum<\/strong><\/p>\n<p>Para acessar as normas disponibilizadas pela Target GEDWeb atrav\u00e9s do cat\u00e1logo da Biblioteca Uninter, siga os passos abaixo. O acesso ser\u00e1 realizado por todos os usu\u00e1rios que possu\u00edrem v\u00ednculo ativo com as\u00a0bibliotecas da Uninter.<\/p>\n<p>&#8211; No site da Biblioteca, clique em\u00a0<a href=\"http:\/\/pergamum.uninter.com\/biblioteca\/index.php\" target=\"_blank\" rel=\"noopener\">Consultar Acervo<\/a>\u00a0para ter acesso ao Pergamum. Pesquise a norma desejada no campo de busca. A pesquisa deve ser realizada como o exemplo, NBR 6023. Para outra norma, basta alterar o n\u00famero. Voc\u00ea tamb\u00e9m pode clicar direto no link das normas mais usadas, no\u00a0in\u00edcio deste manual. Mesmo que n\u00e3o apare\u00e7a a norma na aba &#8220;Resultados&#8221;, clique na aba &#8220;Target GEDweb&#8221; que tem as normas em formato digital.<\/p>\n<p><img decoding=\"async\" loading=\"lazy\" class=\"alignnone size-full wp-image-632\" src=\"https:\/\/www.uninter.com\/biblioteca\/wp-content\/uploads\/2017\/12\/foto1-1024x268.png\" alt=\"\" width=\"1024\" height=\"268\" srcset=\"https:\/\/www.uninter.com\/biblioteca\/wp-content\/uploads\/2017\/12\/foto1-1024x268.png 1024w, https:\/\/www.uninter.com\/biblioteca\/wp-content\/uploads\/2017\/12\/foto1-1024x268-300x79.png 300w, https:\/\/www.uninter.com\/biblioteca\/wp-content\/uploads\/2017\/12\/foto1-1024x268-768x201.png 768w\" sizes=\"(max-width: 1024px) 100vw, 1024px\" \/><\/p>\n<p>&#8211; Selecione a aba &#8220;Target GEDWeb&#8221; e depois clique sobre o cadeado, para abrir a p\u00e1gina de login. Verifique se o seu navegador permite a abertura de pop-ups.<\/p>\n<p><img decoding=\"async\" loading=\"lazy\" class=\"alignnone size-full wp-image-633\" src=\"https:\/\/www.uninter.com\/biblioteca\/wp-content\/uploads\/2017\/12\/foto2-1024x356.png\" alt=\"\" width=\"1024\" height=\"356\" srcset=\"https:\/\/www.uninter.com\/biblioteca\/wp-content\/uploads\/2017\/12\/foto2-1024x356.png 1024w, https:\/\/www.uninter.com\/biblioteca\/wp-content\/uploads\/2017\/12\/foto2-1024x356-300x104.png 300w, https:\/\/www.uninter.com\/biblioteca\/wp-content\/uploads\/2017\/12\/foto2-1024x356-768x267.png 768w\" sizes=\"(max-width: 1024px) 100vw, 1024px\" \/><\/p>\n<p>&#8211; Aten\u00e7\u00e3o! Caso aparece esta imagem pequena, no canto superior direito do seu navegador de internet, os pop-ups est\u00e3o bloqueados.<\/p>\n<p><img decoding=\"async\" loading=\"lazy\" class=\"alignnone size-full wp-image-634\" src=\"https:\/\/www.uninter.com\/biblioteca\/wp-content\/uploads\/2017\/12\/popup.png\" alt=\"\" width=\"186\" height=\"32\" \/><\/p>\n<p>&#8211; Voc\u00ea precisa clicar no pequeno X vermelho, e clicar em &#8220;Sempre mostrar pop-ups de https:\/\/biblioteca.uninter.com&#8221;, e clicar em conclu\u00eddo:<\/p>\n<p><img decoding=\"async\" loading=\"lazy\" class=\"alignnone size-full wp-image-635\" src=\"https:\/\/www.uninter.com\/biblioteca\/wp-content\/uploads\/2017\/12\/popup2.png\" alt=\"\" width=\"577\" height=\"231\" srcset=\"https:\/\/www.uninter.com\/biblioteca\/wp-content\/uploads\/2017\/12\/popup2.png 577w, https:\/\/www.uninter.com\/biblioteca\/wp-content\/uploads\/2017\/12\/popup2-300x120.png 300w\" sizes=\"(max-width: 577px) 100vw, 577px\" \/><\/p>\n<p>&#8211; Fa\u00e7a seu login com o RU (registro uninter) e sua senha.<\/p>\n<p><img decoding=\"async\" loading=\"lazy\" class=\"alignnone size-full wp-image-636\" src=\"https:\/\/www.uninter.com\/biblioteca\/wp-content\/uploads\/2017\/12\/foto3.png\" alt=\"\" width=\"463\" height=\"195\" srcset=\"https:\/\/www.uninter.com\/biblioteca\/wp-content\/uploads\/2017\/12\/foto3.png 463w, https:\/\/www.uninter.com\/biblioteca\/wp-content\/uploads\/2017\/12\/foto3-300x126.png 300w\" sizes=\"(max-width: 463px) 100vw, 463px\" \/><\/p>\n<p>-Caso n\u00e3o consiga efetuar o login, fa\u00e7a a autentica\u00e7\u00e3o no canto superior direito do Pergamum:<\/p>\n<p><img decoding=\"async\" loading=\"lazy\" class=\"alignnone size-full wp-image-712\" src=\"https:\/\/www.uninter.com\/biblioteca\/wp-content\/uploads\/2017\/12\/login.png\" alt=\"\" width=\"366\" height=\"142\" srcset=\"https:\/\/www.uninter.com\/biblioteca\/wp-content\/uploads\/2017\/12\/login.png 366w, https:\/\/www.uninter.com\/biblioteca\/wp-content\/uploads\/2017\/12\/login-300x116.png 300w\" sizes=\"(max-width: 366px) 100vw, 366px\" \/><\/p>\n<p>&#8211; Ap\u00f3s o login, a p\u00e1gina ser\u00e1 redirecionada para o arquivo solicitado.<\/p>\n<p><img decoding=\"async\" loading=\"lazy\" class=\"alignnone size-full wp-image-637\" src=\"https:\/\/www.uninter.com\/biblioteca\/wp-content\/uploads\/2017\/12\/foto4-1024x751.png\" alt=\"\" width=\"1024\" height=\"751\" srcset=\"https:\/\/www.uninter.com\/biblioteca\/wp-content\/uploads\/2017\/12\/foto4-1024x751.png 1024w, https:\/\/www.uninter.com\/biblioteca\/wp-content\/uploads\/2017\/12\/foto4-1024x751-300x220.png 300w, https:\/\/www.uninter.com\/biblioteca\/wp-content\/uploads\/2017\/12\/foto4-1024x751-768x563.png 768w\" sizes=\"(max-width: 1024px) 100vw, 1024px\" \/><\/p>\n<p>&nbsp;<\/p>\n<p><iframe loading=\"lazy\" width=\"720\" height=\"405\" src=\"https:\/\/www.youtube.com\/embed\/4CWlSQYgL9U?feature=oembed\" frameborder=\"0\" allow=\"accelerometer; autoplay; clipboard-write; encrypted-media; gyroscope; picture-in-picture\" allowfullscreen><\/iframe><\/p>\n","protected":false},"excerpt":{"rendered":"<p>Lista das normas de Informa\u00e7\u00e3o e documenta\u00e7\u00e3o mais utilizadas: ABNT NBR 14724 &#8211; Trabalhos acad\u00eamicos ABNT NBR 10520 &#8211; Cita\u00e7\u00f5es em documentos ABNT NBR 12225 &#8211; Lombada ABNT NBR 6022 &#8211; Artigo em publica\u00e7\u00e3o peri\u00f3dica t\u00e9cnica e\/ou cient\u00edfica ABNT NBR 6023 &#8211; Refer\u00eancias &#8211; Elabora\u00e7\u00e3o ABNT NBR 6024 &#8211; Numera\u00e7\u00e3o progressiva das se\u00e7\u00f5es de um [&hellip;]<\/p>\n","protected":false},"author":1,"featured_media":0,"parent":0,"menu_order":0,"comment_status":"closed","ping_status":"closed","template":"templates\/template-full.php","meta":[],"acf":[],"_links":{"self":[{"href":"https:\/\/www.uninter.com\/biblioteca\/wp-json\/wp\/v2\/pages\/110"}],"collection":[{"href":"https:\/\/www.uninter.com\/biblioteca\/wp-json\/wp\/v2\/pages"}],"about":[{"href":"https:\/\/www.uninter.com\/biblioteca\/wp-json\/wp\/v2\/types\/page"}],"author":[{"embeddable":true,"href":"https:\/\/www.uninter.com\/biblioteca\/wp-json\/wp\/v2\/users\/1"}],"replies":[{"embeddable":true,"href":"https:\/\/www.uninter.com\/biblioteca\/wp-json\/wp\/v2\/comments?post=110"}],"version-history":[{"count":13,"href":"https:\/\/www.uninter.com\/biblioteca\/wp-json\/wp\/v2\/pages\/110\/revisions"}],"predecessor-version":[{"id":3031,"href":"https:\/\/www.uninter.com\/biblioteca\/wp-json\/wp\/v2\/pages\/110\/revisions\/3031"}],"wp:attachment":[{"href":"https:\/\/www.uninter.com\/biblioteca\/wp-json\/wp\/v2\/media?parent=110"}],"curies":[{"name":"wp","href":"https:\/\/api.w.org\/{rel}","templated":true}]}}